{"id":8,"date":"2022-05-16T17:17:02","date_gmt":"2022-05-16T15:17:02","guid":{"rendered":"http:\/\/psv-hd.de\/psvNeu\/?page_id=8"},"modified":"2025-09-13T20:53:54","modified_gmt":"2025-09-13T18:53:54","slug":"%e6%a6%82%e8%a6%81%e3%82%b9%e3%83%9d%e3%83%bc%e3%83%84","status":"publish","type":"page","link":"https:\/\/polizeisportverein-heidelberg.de\/ja\/uebersicht-sportarten\/","title":{"rendered":"\u30b9\u30dd\u30fc\u30c4"},"content":{"rendered":"<h2 class=\"wp-block-heading\">\u6b66\u9053 - \u30b9\u30dd\u30fc\u30c4<\/h2>\n\n\n\n<style>h2 {margin-bottom: 0px !important;}<\/style>\n\n\n\n<hr class=\"wp-block-separator has-alpha-channel-opacity\"\/>\n\n\n\n<div class=\"wp-block-columns is-layout-flex wp-container-core-columns-is-layout-9d6595d7 wp-block-columns-is-layout-flex\">\n<div class=\"wp-block-column is-layout-flow wp-block-column-is-layout-flow\">\n<h4 class=\"wp-block-heading\">\u5408\u6c17\u9053<\/h4>\n\n\n\n<figure class=\"wp-block-image size-full\" id=\"sportartBildLink\"><img decoding=\"async\" width=\"800\" height=\"532\" src=\"https:\/\/polizeisportverein-heidelberg.de\/wp-content\/uploads\/2025\/09\/Aikido_HD-35-Front.jpg\" alt=\"\u5408\u6c17\u9053 - &quot;\u8abf\u548c\u3068\u5f37\u3055\u306e\u9053&quot;\" class=\"wp-image-12894\" srcset=\"https:\/\/polizeisportverein-heidelberg.de\/wp-content\/uploads\/2025\/09\/Aikido_HD-35-Front.jpg 800w, https:\/\/polizeisportverein-heidelberg.de\/wp-content\/uploads\/2025\/09\/Aikido_HD-35-Front-300x200.jpg 300w, https:\/\/polizeisportverein-heidelberg.de\/wp-content\/uploads\/2025\/09\/Aikido_HD-35-Front-768x511.jpg 768w, https:\/\/polizeisportverein-heidelberg.de\/wp-content\/uploads\/2025\/09\/Aikido_HD-35-Front-18x12.jpg 18w\" sizes=\"(max-width: 800px) 100vw, 800px\" \/><\/figure>\n<\/div>\n\n\n\n<div class=\"wp-block-column is-layout-flow wp-block-column-is-layout-flow\">\n<h4 class=\"wp-block-heading\">\u5c45\u5408\u9053<\/h4>\n\n\n\n<figure class=\"wp-block-image size-full\"><a href=\"https:\/\/polizeisportverein-heidelberg.de\/iaido\/\"><img decoding=\"async\" width=\"799\" height=\"534\" src=\"https:\/\/polizeisportverein-heidelberg.de\/wp-content\/uploads\/2025\/05\/IMG-20250526-WA0009-small.jpg\" alt=\"\" class=\"wp-image-12231\" srcset=\"https:\/\/polizeisportverein-heidelberg.de\/wp-content\/uploads\/2025\/05\/IMG-20250526-WA0009-small.jpg 799w, https:\/\/polizeisportverein-heidelberg.de\/wp-content\/uploads\/2025\/05\/IMG-20250526-WA0009-small-300x201.jpg 300w, https:\/\/polizeisportverein-heidelberg.de\/wp-content\/uploads\/2025\/05\/IMG-20250526-WA0009-small-768x513.jpg 768w, https:\/\/polizeisportverein-heidelberg.de\/wp-content\/uploads\/2025\/05\/IMG-20250526-WA0009-small-18x12.jpg 18w\" sizes=\"(max-width: 799px) 100vw, 799px\" \/><\/a><\/figure>\n<\/div>\n\n\n\n<div class=\"wp-block-column is-layout-flow wp-block-column-is-layout-flow\">\n<h4 class=\"wp-block-heading\">\u57ce\u6771<\/h4>\n\n\n\n<figure class=\"wp-block-image size-full\"><a href=\"https:\/\/polizeisportverein-heidelberg.de\/jodo\/\"><img decoding=\"async\" width=\"800\" height=\"533\" src=\"https:\/\/polizeisportverein-heidelberg.de\/wp-content\/uploads\/2025\/03\/IMG_7953-edited.jpg\" alt=\"\u6756\u9053\uff08\u3058\u3087\u3046\u3069\u3046\" class=\"wp-image-11999\" srcset=\"https:\/\/polizeisportverein-heidelberg.de\/wp-content\/uploads\/2025\/03\/IMG_7953-edited.jpg 800w, https:\/\/polizeisportverein-heidelberg.de\/wp-content\/uploads\/2025\/03\/IMG_7953-edited-300x200.jpg 300w, https:\/\/polizeisportverein-heidelberg.de\/wp-content\/uploads\/2025\/03\/IMG_7953-edited-768x512.jpg 768w, https:\/\/polizeisportverein-heidelberg.de\/wp-content\/uploads\/2025\/03\/IMG_7953-edited-18x12.jpg 18w\" sizes=\"(max-width: 800px) 100vw, 800px\" \/><\/a><\/figure>\n<\/div>\n<\/div>\n\n\n\n<div class=\"wp-block-columns is-layout-flex wp-container-core-columns-is-layout-9d6595d7 wp-block-columns-is-layout-flex\">\n<div class=\"wp-block-column is-layout-flow wp-block-column-is-layout-flow\">\n<h4 class=\"wp-block-heading\">\u67d4\u9053<\/h4>\n\n\n\n<figure class=\"wp-block-image size-full\"><a href=\"https:\/\/polizeisportverein-heidelberg.de\/judo\/\"><img decoding=\"async\" width=\"800\" height=\"535\" src=\"..\/wp-content\/uploads\/2022\/10\/Startseite_Ju-Jutsu2.jpg\" alt=\"\u67d4\u9053 - &quot;\u512a\u3057\u3044\u9053&quot;\" class=\"wp-image-2202\" srcset=\"https:\/\/polizeisportverein-heidelberg.de\/wp-content\/uploads\/2022\/10\/Startseite_Ju-Jutsu2.jpg 800w, https:\/\/polizeisportverein-heidelberg.de\/wp-content\/uploads\/2022\/10\/Startseite_Ju-Jutsu2-300x201.jpg 300w, https:\/\/polizeisportverein-heidelberg.de\/wp-content\/uploads\/2022\/10\/Startseite_Ju-Jutsu2-768x514.jpg 768w, https:\/\/polizeisportverein-heidelberg.de\/wp-content\/uploads\/2022\/10\/Startseite_Ju-Jutsu2-18x12.jpg 18w\" sizes=\"(max-width: 800px) 100vw, 800px\" \/><\/a><\/figure>\n<\/div>\n\n\n\n<div class=\"wp-block-column is-layout-flow wp-block-column-is-layout-flow\">\n<h4 class=\"wp-block-heading\">\u67d4\u8853<\/h4>\n\n\n\n<figure class=\"wp-block-image size-full\"><a href=\"https:\/\/polizeisportverein-heidelberg.de\/de\/ju-jutsu-2\/\"><img decoding=\"async\" width=\"800\" height=\"535\" src=\"https:\/\/polizeisportverein-heidelberg.de\/wp-content\/uploads\/2023\/06\/04-IMG_9509_be.jpg\" alt=\"\u67d4\u8853 - &quot;\u30e2\u30c0\u30f3\u3067\u30aa\u30fc\u30d7\u30f3\u306a\u8b77\u8eab\u8853&quot;\" class=\"wp-image-5491\" srcset=\"https:\/\/polizeisportverein-heidelberg.de\/wp-content\/uploads\/2023\/06\/04-IMG_9509_be.jpg 800w, https:\/\/polizeisportverein-heidelberg.de\/wp-content\/uploads\/2023\/06\/04-IMG_9509_be-300x201.jpg 300w, https:\/\/polizeisportverein-heidelberg.de\/wp-content\/uploads\/2023\/06\/04-IMG_9509_be-768x514.jpg 768w, https:\/\/polizeisportverein-heidelberg.de\/wp-content\/uploads\/2023\/06\/04-IMG_9509_be-18x12.jpg 18w\" sizes=\"(max-width: 800px) 100vw, 800px\" \/><\/a><figcaption class=\"wp-element-caption\">\u5199\u771f\uff1a\u30af\u30ea\u30b9\u30c1\u30e3\u30f3\u30fb\u30b7\u30e5\u30df\u30c3\u30c8<\/figcaption><\/figure>\n<\/div>\n\n\n\n<div class=\"wp-block-column is-layout-flow wp-block-column-is-layout-flow\">\n<h4 class=\"wp-block-heading\">\u7a7a\u624b<\/h4>\n\n\n\n<figure class=\"wp-block-image size-full\"><a href=\"https:\/\/polizeisportverein-heidelberg.de\/karate\/\"><img decoding=\"async\" width=\"798\" height=\"533\" src=\"https:\/\/polizeisportverein-heidelberg.de\/wp-content\/uploads\/2023\/03\/dsf9451.jpg\" alt=\"\" class=\"wp-image-5040\" srcset=\"https:\/\/polizeisportverein-heidelberg.de\/wp-content\/uploads\/2023\/03\/dsf9451.jpg 798w, https:\/\/polizeisportverein-heidelberg.de\/wp-content\/uploads\/2023\/03\/dsf9451-300x200.jpg 300w, https:\/\/polizeisportverein-heidelberg.de\/wp-content\/uploads\/2023\/03\/dsf9451-768x513.jpg 768w, https:\/\/polizeisportverein-heidelberg.de\/wp-content\/uploads\/2023\/03\/dsf9451-18x12.jpg 18w, https:\/\/polizeisportverein-heidelberg.de\/wp-content\/uploads\/2023\/03\/dsf9451-620x415.jpg 620w, https:\/\/polizeisportverein-heidelberg.de\/wp-content\/uploads\/2023\/03\/dsf9451-400x268.jpg 400w\" sizes=\"(max-width: 798px) 100vw, 798px\" \/><\/a><\/figure>\n<\/div>\n<\/div>\n\n\n\n<div class=\"wp-block-columns is-layout-flex wp-container-core-columns-is-layout-9d6595d7 wp-block-columns-is-layout-flex\">\n<div class=\"wp-block-column is-layout-flow wp-block-column-is-layout-flow\">\n<h4 class=\"wp-block-heading\">\u5f13\u5ea6<\/h4>\n\n\n\n<figure class=\"wp-block-image size-full\"><a href=\"https:\/\/polizeisportverein-heidelberg.de\/kyudo\/\"><img decoding=\"async\" width=\"800\" height=\"534\" src=\"https:\/\/polizeisportverein-heidelberg.de\/wp-content\/uploads\/2025\/02\/b829f1d0.jpg\" alt=\"\u5f13\u9053 - &quot;\u65e5\u672c\u306e\u5f13\u8853&quot;\" class=\"wp-image-7586\" srcset=\"https:\/\/polizeisportverein-heidelberg.de\/wp-content\/uploads\/2025\/02\/b829f1d0.jpg 800w, https:\/\/polizeisportverein-heidelberg.de\/wp-content\/uploads\/2025\/02\/b829f1d0-300x200.jpg 300w, https:\/\/polizeisportverein-heidelberg.de\/wp-content\/uploads\/2025\/02\/b829f1d0-768x513.jpg 768w, https:\/\/polizeisportverein-heidelberg.de\/wp-content\/uploads\/2025\/02\/b829f1d0-18x12.jpg 18w, https:\/\/polizeisportverein-heidelberg.de\/wp-content\/uploads\/2025\/02\/b829f1d0-620x413.jpg 620w, https:\/\/polizeisportverein-heidelberg.de\/wp-content\/uploads\/2025\/02\/b829f1d0-400x267.jpg 400w\" sizes=\"(max-width: 800px) 100vw, 800px\" \/><\/a><\/figure>\n<\/div>\n\n\n\n<div class=\"wp-block-column is-layout-flow wp-block-column-is-layout-flow\">\n<h4 class=\"wp-block-heading\"><\/h4>\n<\/div>\n\n\n\n<div class=\"wp-block-column is-layout-flow wp-block-column-is-layout-flow\">\n<h4 class=\"wp-block-heading\"><\/h4>\n<\/div>\n<\/div>\n\n\n\n<h2 class=\"wp-block-heading\">\u30dc\u30fc\u30eb - \u30b9\u30dd\u30fc\u30c4<\/h2>\n\n\n\n<hr class=\"wp-block-separator has-alpha-channel-opacity\"\/>\n\n\n\n<div class=\"wp-block-columns is-layout-flex wp-container-core-columns-is-layout-9d6595d7 wp-block-columns-is-layout-flex\">\n<div class=\"wp-block-column is-layout-flow wp-block-column-is-layout-flow\">\n<h4 class=\"wp-block-heading\">\u30cf\u30f3\u30c9\u30dc\u30fc\u30eb<\/h4>\n\n\n\n<figure class=\"wp-block-image size-full\"><a href=\"https:\/\/polizeisportverein-heidelberg.de\/handball\"><img decoding=\"async\" width=\"800\" height=\"535\" src=\"..\/wp-content\/uploads\/2022\/10\/Startpage_Handball2.jpg\" alt=\"\u30cf\u30f3\u30c9\u30dc\u30fc\u30eb - &quot;\u30c0\u30a4\u30ca\u30df\u30c3\u30af\u306a\u30c1\u30fc\u30e0\u30b9\u30dd\u30fc\u30c4&quot;\" class=\"wp-image-2200\" srcset=\"\" sizes=\"(max-width: 800px) 100vw, 800px\" data-srcset=\"\" \/><\/a><\/figure>\n<\/div>\n\n\n\n<div class=\"wp-block-column is-layout-flow wp-block-column-is-layout-flow\">\n<h4 class=\"wp-block-heading\">\u30d0\u30ec\u30fc\u30dc\u30fc\u30eb<\/h4>\n\n\n\n<figure class=\"wp-block-image size-full\"><a href=\"https:\/\/polizeisportverein-heidelberg.de\/volleyball\/\"><img decoding=\"async\" width=\"800\" height=\"535\" src=\"https:\/\/polizeisportverein-heidelberg.de\/wp-content\/uploads\/2023\/05\/Startseite_Volleyball2.jpg\" alt=\"\" class=\"wp-image-5408\" srcset=\"https:\/\/polizeisportverein-heidelberg.de\/wp-content\/uploads\/2023\/05\/Startseite_Volleyball2.jpg 800w, https:\/\/polizeisportverein-heidelberg.de\/wp-content\/uploads\/2023\/05\/Startseite_Volleyball2-300x201.jpg 300w, https:\/\/polizeisportverein-heidelberg.de\/wp-content\/uploads\/2023\/05\/Startseite_Volleyball2-768x514.jpg 768w, https:\/\/polizeisportverein-heidelberg.de\/wp-content\/uploads\/2023\/05\/Startseite_Volleyball2-18x12.jpg 18w\" sizes=\"(max-width: 800px) 100vw, 800px\" \/><\/a><\/figure>\n<\/div>\n\n\n\n<div class=\"wp-block-column is-layout-flow wp-block-column-is-layout-flow\"><\/div>\n<\/div>\n\n\n\n<h2 class=\"wp-block-heading\">\u305d\u306e\u4ed6\u306e\u30b9\u30dd\u30fc\u30c4<\/h2>\n\n\n\n<hr class=\"wp-block-separator has-alpha-channel-opacity\"\/>\n\n\n\n<div class=\"wp-block-columns is-layout-flex wp-container-core-columns-is-layout-9d6595d7 wp-block-columns-is-layout-flex\">\n<div class=\"wp-block-column is-layout-flow wp-block-column-is-layout-flow\">\n<h4 class=\"wp-block-heading\">\u30d7\u30ed\u30c6\u30af\u30c8<\/h4>\n\n\n\n<figure class=\"wp-block-image size-full\"><a href=\"https:\/\/polizeisportverein-heidelberg.de\/schuetzen\/\"><img decoding=\"async\" width=\"800\" height=\"536\" src=\"https:\/\/polizeisportverein-heidelberg.de\/wp-content\/uploads\/2023\/02\/20230220_175911.jpeg\" alt=\"\u30d7\u30ed\u30c6\u30af\u30c8\" class=\"wp-image-4574\" srcset=\"https:\/\/polizeisportverein-heidelberg.de\/wp-content\/uploads\/2023\/02\/20230220_175911.jpeg 800w, https:\/\/polizeisportverein-heidelberg.de\/wp-content\/uploads\/2023\/02\/20230220_175911-300x201.jpeg 300w, https:\/\/polizeisportverein-heidelberg.de\/wp-content\/uploads\/2023\/02\/20230220_175911-768x515.jpeg 768w, https:\/\/polizeisportverein-heidelberg.de\/wp-content\/uploads\/2023\/02\/20230220_175911-18x12.jpeg 18w, https:\/\/polizeisportverein-heidelberg.de\/wp-content\/uploads\/2023\/02\/20230220_175911-620x415.jpeg 620w, https:\/\/polizeisportverein-heidelberg.de\/wp-content\/uploads\/2023\/02\/20230220_175911-400x268.jpeg 400w\" sizes=\"(max-width: 800px) 100vw, 800px\" \/><\/a><\/figure>\n<\/div>\n\n\n\n<div class=\"wp-block-column is-layout-flow wp-block-column-is-layout-flow\"><\/div>\n\n\n\n<div class=\"wp-block-column is-layout-flow wp-block-column-is-layout-flow\"><\/div>\n<\/div>\n\n\n\n<h2 class=\"wp-block-heading\">\u3055\u3089\u306a\u308b\u30aa\u30d5\u30a1\u30fc<\/h2>\n\n\n\n<hr class=\"wp-block-separator has-alpha-channel-opacity\"\/>\n\n\n\n<div class=\"wp-block-columns is-layout-flex wp-container-core-columns-is-layout-9d6595d7 wp-block-columns-is-layout-flex\">\n<div class=\"wp-block-column is-layout-flow wp-block-column-is-layout-flow\">\n<h4 class=\"wp-block-heading\">\u7985\u306e\u7791\u60f3<\/h4>\n\n\n\n<figure class=\"wp-block-image size-full\"><a href=\"https:\/\/polizeisportverein-heidelberg.de\/zen-meditation\/\"><img decoding=\"async\" width=\"800\" height=\"533\" src=\"https:\/\/polizeisportverein-heidelberg.de\/wp-content\/uploads\/2023\/10\/DSC_2070.jpeg\" alt=\"\" class=\"wp-image-5803\" srcset=\"https:\/\/polizeisportverein-heidelberg.de\/wp-content\/uploads\/2023\/10\/DSC_2070.jpeg 800w, https:\/\/polizeisportverein-heidelberg.de\/wp-content\/uploads\/2023\/10\/DSC_2070-300x200.jpeg 300w, https:\/\/polizeisportverein-heidelberg.de\/wp-content\/uploads\/2023\/10\/DSC_2070-768x512.jpeg 768w, https:\/\/polizeisportverein-heidelberg.de\/wp-content\/uploads\/2023\/10\/DSC_2070-18x12.jpeg 18w\" sizes=\"(max-width: 800px) 100vw, 800px\" \/><\/a><\/figure>\n<\/div>\n\n\n\n<div class=\"wp-block-column is-layout-flow wp-block-column-is-layout-flow\"><\/div>\n\n\n\n<div class=\"wp-block-column is-layout-flow wp-block-column-is-layout-flow\"><\/div>\n<\/div>","protected":false},"excerpt":{"rendered":"<p>Budo &#8211; Sportarten Aikido Iaido J\u014dd\u014d Judo Ju-Jutsu Karate Ky\u016bd\u014d Ball &#8211; Sportarten Handball Volleyball Weitere Sportarten Sch\u00fctzen Weitere Angebote ZEN-Meditation<\/p>","protected":false},"author":25,"featured_media":-8,"parent":0,"menu_order":0,"comment_status":"closed","ping_status":"closed","template":"","meta":{"_psv_pub_social_text":"","_psv_pub_instagram_attachment_id":0,"_psv_pub_social_image_id":0,"neve_meta_sidebar":"default","neve_meta_container":"","neve_meta_enable_content_width":"on","neve_meta_content_width":70,"neve_meta_title_alignment":"","neve_meta_author_avatar":"","neve_post_elements_order":"","neve_meta_disable_header":"","neve_meta_disable_footer":"","neve_meta_disable_title":"off","neve_meta_reading_time":"","footnotes":""},"class_list":["post-8","page","type-page","status-publish","has-post-thumbnail","hentry"],"yoast_head":"<!-- This site is optimized with the Yoast SEO plugin v27.5 - https:\/\/yoast.com\/product\/yoast-seo-wordpress\/ -->\n<title>Sportarten - Polizeisportverein Heidelberg e.V.<\/title>\n<meta name=\"description\" content=\"Im PSV Heidelberg finden Sie Budo-Sportarten (Aikido, Jodo, Judo, Ju-Jutsu, Karate, Kyudo) sowie Abteilungen f\u00fcr Handball, Volleyball und Sportsch\u00fctzen.\" \/>\n<meta name=\"robots\" content=\"index, follow, max-snippet:-1, max-image-preview:large, max-video-preview:-1\" \/>\n<link rel=\"canonical\" href=\"https:\/\/polizeisportverein-heidelberg.de\/ja\/\u6982\u8981\u30b9\u30dd\u30fc\u30c4\/\" \/>\n<meta property=\"og:locale\" content=\"ja_JP\" \/>\n<meta property=\"og:type\" content=\"article\" \/>\n<meta property=\"og:title\" content=\"Sportarten - Polizeisportverein Heidelberg e.V.\" \/>\n<meta property=\"og:description\" content=\"Im PSV Heidelberg finden Sie Budo-Sportarten (Aikido, Jodo, Judo, Ju-Jutsu, Karate, Kyudo) sowie Abteilungen f\u00fcr Handball, Volleyball und Sportsch\u00fctzen.\" \/>\n<meta property=\"og:url\" content=\"https:\/\/polizeisportverein-heidelberg.de\/ja\/\u6982\u8981\u30b9\u30dd\u30fc\u30c4\/\" \/>\n<meta property=\"og:site_name\" content=\"Polizeisportverein Heidelberg e.V.\" \/>\n<meta property=\"article:modified_time\" content=\"2025-09-13T18:53:54+00:00\" \/>\n<meta name=\"twitter:card\" content=\"summary_large_image\" \/>\n<meta name=\"twitter:label1\" content=\"\u63a8\u5b9a\u8aad\u307f\u53d6\u308a\u6642\u9593\" \/>\n\t<meta name=\"twitter:data1\" content=\"3\u5206\" \/>\n<script type=\"application\/ld+json\" class=\"yoast-schema-graph\">{\"@context\":\"https:\\\/\\\/schema.org\",\"@graph\":[{\"@type\":\"WebPage\",\"@id\":\"https:\\\/\\\/polizeisportverein-heidelberg.de\\\/uebersicht-sportarten\\\/\",\"url\":\"https:\\\/\\\/polizeisportverein-heidelberg.de\\\/uebersicht-sportarten\\\/\",\"name\":\"Sportarten - Polizeisportverein Heidelberg e.V.\",\"isPartOf\":{\"@id\":\"https:\\\/\\\/polizeisportverein-heidelberg.de\\\/#website\"},\"primaryImageOfPage\":{\"@id\":\"https:\\\/\\\/polizeisportverein-heidelberg.de\\\/uebersicht-sportarten\\\/#primaryimage\"},\"image\":{\"@id\":\"https:\\\/\\\/polizeisportverein-heidelberg.de\\\/uebersicht-sportarten\\\/#primaryimage\"},\"thumbnailUrl\":\"https:\\\/\\\/polizeisportverein-heidelberg.de\\\/wp-content\\\/uploads\\\/2025\\\/09\\\/Aikido_HD-35-Front.jpg\",\"datePublished\":\"2022-05-16T15:17:02+00:00\",\"dateModified\":\"2025-09-13T18:53:54+00:00\",\"description\":\"Im PSV Heidelberg finden Sie Budo-Sportarten (Aikido, Jodo, Judo, Ju-Jutsu, Karate, Kyudo) sowie Abteilungen f\u00fcr Handball, Volleyball und Sportsch\u00fctzen.\",\"breadcrumb\":{\"@id\":\"https:\\\/\\\/polizeisportverein-heidelberg.de\\\/uebersicht-sportarten\\\/#breadcrumb\"},\"inLanguage\":\"ja\",\"potentialAction\":[{\"@type\":\"ReadAction\",\"target\":[\"https:\\\/\\\/polizeisportverein-heidelberg.de\\\/uebersicht-sportarten\\\/\"]}]},{\"@type\":\"ImageObject\",\"inLanguage\":\"ja\",\"@id\":\"https:\\\/\\\/polizeisportverein-heidelberg.de\\\/uebersicht-sportarten\\\/#primaryimage\",\"url\":\"https:\\\/\\\/polizeisportverein-heidelberg.de\\\/wp-content\\\/uploads\\\/2025\\\/09\\\/Aikido_HD-35-Front.jpg\",\"contentUrl\":\"https:\\\/\\\/polizeisportverein-heidelberg.de\\\/wp-content\\\/uploads\\\/2025\\\/09\\\/Aikido_HD-35-Front.jpg\"},{\"@type\":\"BreadcrumbList\",\"@id\":\"https:\\\/\\\/polizeisportverein-heidelberg.de\\\/uebersicht-sportarten\\\/#breadcrumb\",\"itemListElement\":[{\"@type\":\"ListItem\",\"position\":1,\"name\":\"Start\",\"item\":\"https:\\\/\\\/polizeisportverein-heidelberg.de\\\/\"},{\"@type\":\"ListItem\",\"position\":2,\"name\":\"Sportarten\"}]},{\"@type\":\"WebSite\",\"@id\":\"https:\\\/\\\/polizeisportverein-heidelberg.de\\\/#website\",\"url\":\"https:\\\/\\\/polizeisportverein-heidelberg.de\\\/\",\"name\":\"Polizeisportverein Heidelberg e.V.\",\"description\":\"Budo und Ballsport f\u00fcr jedes Alter\",\"potentialAction\":[{\"@type\":\"SearchAction\",\"target\":{\"@type\":\"EntryPoint\",\"urlTemplate\":\"https:\\\/\\\/polizeisportverein-heidelberg.de\\\/?s={search_term_string}\"},\"query-input\":{\"@type\":\"PropertyValueSpecification\",\"valueRequired\":true,\"valueName\":\"search_term_string\"}}],\"inLanguage\":\"ja\"}]}<\/script>\n<!-- \/ Yoast SEO plugin. -->","yoast_head_json":{"title":"\u30b9\u30dd\u30fc\u30c4 - Polizeisportverein Heidelberg e.V.","description":"PSV\u30cf\u30a4\u30c7\u30eb\u30d9\u30eb\u30af\u3067\u306f\u3001\u6b66\u9053\u30b9\u30dd\u30fc\u30c4\uff08\u5408\u6c17\u9053\u3001\u67d4\u9053\u3001\u67d4\u8853\u3001\u7a7a\u624b\u3001\u5f13\u9053\uff09\u306e\u307b\u304b\u3001\u30cf\u30f3\u30c9\u30dc\u30fc\u30eb\u3001\u30d0\u30ec\u30fc\u30dc\u30fc\u30eb\u3001\u5c04\u6483\u306e\u90e8\u9580\u3082\u3042\u308b\u3002","robots":{"index":"index","follow":"follow","max-snippet":"max-snippet:-1","max-image-preview":"max-image-preview:large","max-video-preview":"max-video-preview:-1"},"canonical":"https:\/\/polizeisportverein-heidelberg.de\/ja\/\u6982\u8981\u30b9\u30dd\u30fc\u30c4\/","og_locale":"ja_JP","og_type":"article","og_title":"Sportarten - Polizeisportverein Heidelberg e.V.","og_description":"Im PSV Heidelberg finden Sie Budo-Sportarten (Aikido, Jodo, Judo, Ju-Jutsu, Karate, Kyudo) sowie Abteilungen f\u00fcr Handball, Volleyball und Sportsch\u00fctzen.","og_url":"https:\/\/polizeisportverein-heidelberg.de\/ja\/\u6982\u8981\u30b9\u30dd\u30fc\u30c4\/","og_site_name":"Polizeisportverein Heidelberg e.V.","article_modified_time":"2025-09-13T18:53:54+00:00","twitter_card":"summary_large_image","twitter_misc":{"\u63a8\u5b9a\u8aad\u307f\u53d6\u308a\u6642\u9593":"3\u5206"},"schema":{"@context":"https:\/\/schema.org","@graph":[{"@type":"WebPage","@id":"https:\/\/polizeisportverein-heidelberg.de\/uebersicht-sportarten\/","url":"https:\/\/polizeisportverein-heidelberg.de\/uebersicht-sportarten\/","name":"\u30b9\u30dd\u30fc\u30c4 - Polizeisportverein Heidelberg e.V.","isPartOf":{"@id":"https:\/\/polizeisportverein-heidelberg.de\/#website"},"primaryImageOfPage":{"@id":"https:\/\/polizeisportverein-heidelberg.de\/uebersicht-sportarten\/#primaryimage"},"image":{"@id":"https:\/\/polizeisportverein-heidelberg.de\/uebersicht-sportarten\/#primaryimage"},"thumbnailUrl":"https:\/\/polizeisportverein-heidelberg.de\/wp-content\/uploads\/2025\/09\/Aikido_HD-35-Front.jpg","datePublished":"2022-05-16T15:17:02+00:00","dateModified":"2025-09-13T18:53:54+00:00","description":"PSV\u30cf\u30a4\u30c7\u30eb\u30d9\u30eb\u30af\u3067\u306f\u3001\u6b66\u9053\u30b9\u30dd\u30fc\u30c4\uff08\u5408\u6c17\u9053\u3001\u67d4\u9053\u3001\u67d4\u8853\u3001\u7a7a\u624b\u3001\u5f13\u9053\uff09\u306e\u307b\u304b\u3001\u30cf\u30f3\u30c9\u30dc\u30fc\u30eb\u3001\u30d0\u30ec\u30fc\u30dc\u30fc\u30eb\u3001\u5c04\u6483\u306e\u90e8\u9580\u3082\u3042\u308b\u3002","breadcrumb":{"@id":"https:\/\/polizeisportverein-heidelberg.de\/uebersicht-sportarten\/#breadcrumb"},"inLanguage":"ja","potentialAction":[{"@type":"ReadAction","target":["https:\/\/polizeisportverein-heidelberg.de\/uebersicht-sportarten\/"]}]},{"@type":"ImageObject","inLanguage":"ja","@id":"https:\/\/polizeisportverein-heidelberg.de\/uebersicht-sportarten\/#primaryimage","url":"https:\/\/polizeisportverein-heidelberg.de\/wp-content\/uploads\/2025\/09\/Aikido_HD-35-Front.jpg","contentUrl":"https:\/\/polizeisportverein-heidelberg.de\/wp-content\/uploads\/2025\/09\/Aikido_HD-35-Front.jpg"},{"@type":"BreadcrumbList","@id":"https:\/\/polizeisportverein-heidelberg.de\/uebersicht-sportarten\/#breadcrumb","itemListElement":[{"@type":"ListItem","position":1,"name":"Start","item":"https:\/\/polizeisportverein-heidelberg.de\/"},{"@type":"ListItem","position":2,"name":"Sportarten"}]},{"@type":"WebSite","@id":"https:\/\/polizeisportverein-heidelberg.de\/#website","url":"https:\/\/polizeisportverein-heidelberg.de\/","name":"\u30cf\u30a4\u30c7\u30eb\u30d9\u30eb\u30af\u8b66\u5bdf\u30b9\u30dd\u30fc\u30c4\u30af\u30e9\u30d6","description":"\u5e74\u9f62\u3092\u554f\u308f\u305a\u697d\u3057\u3081\u308b\u6b66\u9053\u3068\u7403\u6280","potentialAction":[{"@type":"SearchAction","target":{"@type":"EntryPoint","urlTemplate":"https:\/\/polizeisportverein-heidelberg.de\/?s={search_term_string}"},"query-input":{"@type":"PropertyValueSpecification","valueRequired":true,"valueName":"search_term_string"}}],"inLanguage":"ja"}]}},"_links":{"self":[{"href":"https:\/\/polizeisportverein-heidelberg.de\/ja\/wp-json\/wp\/v2\/pages\/8","targetHints":{"allow":["GET"]}}],"collection":[{"href":"https:\/\/polizeisportverein-heidelberg.de\/ja\/wp-json\/wp\/v2\/pages"}],"about":[{"href":"https:\/\/polizeisportverein-heidelberg.de\/ja\/wp-json\/wp\/v2\/types\/page"}],"author":[{"embeddable":true,"href":"https:\/\/polizeisportverein-heidelberg.de\/ja\/wp-json\/wp\/v2\/users\/25"}],"replies":[{"embeddable":true,"href":"https:\/\/polizeisportverein-heidelberg.de\/ja\/wp-json\/wp\/v2\/comments?post=8"}],"version-history":[{"count":0,"href":"https:\/\/polizeisportverein-heidelberg.de\/ja\/wp-json\/wp\/v2\/pages\/8\/revisions"}],"wp:featuredmedia":[{"embeddable":true,"href":"https:\/\/polizeisportverein-heidelberg.de\/ja\/wp-json\/"}],"wp:attachment":[{"href":"https:\/\/polizeisportverein-heidelberg.de\/ja\/wp-json\/wp\/v2\/media?parent=8"}],"curies":[{"name":"wp","href":"https:\/\/api.w.org\/{rel}","templated":true}]}}