{"id":76,"date":"2022-05-16T18:07:26","date_gmt":"2022-05-16T16:07:26","guid":{"rendered":"http:\/\/psv-hd.de\/psvNeu\/?page_id=76"},"modified":"2026-04-04T14:03:54","modified_gmt":"2026-04-04T12:03:54","slug":"%e4%bc%9a%e5%93%a1%e3%81%ab%e3%81%aa%e3%82%8b","status":"publish","type":"page","link":"https:\/\/polizeisportverein-heidelberg.de\/ja\/mitglied-werden\/","title":{"rendered":"\u4f1a\u54e1\u306b\u306a\u308b"},"content":{"rendered":"<p><\/p>\n\n\n\n<p>\u30e1\u30f3\u30d0\u30fc\u306b\u306a\u308a\u307e\u305b\u3093\u304b\uff1f\u5927\u6b53\u8fce\u3067\u3059\uff01\u5f53\u30af\u30e9\u30d6\u3067\u306f\u3001\u65b0\u3057\u3044\u30b9\u30dd\u30fc\u30c4\u611b\u597d\u5bb6\u3092\u3044\u3064\u3067\u3082\u6b53\u8fce\u3057\u3066\u3044\u307e\u3059\u3002\u8208\u5473\u306e\u3042\u308b\u65b9\u306f\u3001\u3069\u306a\u305f\u3067\u3082\u7121\u6599\u3067\u4f53\u9a13\u30c8\u30ec\u30fc\u30cb\u30f3\u30b0\u306b\u304a\u8d8a\u3057\u304f\u3060\u3055\u3044\uff08\u4fdd\u967a\u304c\u9069\u7528\u3055\u308c\u307e\u3059\uff09\u3002\u5f53\u30af\u30e9\u30d6\u306e\uff08\u6b74\u53f2\u7684\u80cc\u666f\u3092\u6301\u3064\uff09\u540d\u79f0\u304b\u3089\u60f3\u50cf\u3055\u308c\u308b\u306e\u3068\u306f\u88cf\u8179\u306b\u3001\u4f1a\u54e1\u306b\u306f\u30b9\u30dd\u30fc\u30c4\u306b\u8208\u5473\u306e\u3042\u308b\u65b9\u306a\u3089\u3069\u306a\u305f\u3067\u3082\u3054\u5165\u4f1a\u3044\u305f\u3060\u3051\u307e\u3059\u3002<\/p>\n\n\n\n<p>\u306b\u5bfe\u3057\u3066 <a href=\"https:\/\/easyverein.com\/public\/PSVHD\/applicationform\/10313\" target=\"_blank\" rel=\"noreferrer noopener\">\u30aa\u30f3\u30e9\u30a4\u30f3\u5165\u4f1a\u30d5\u30a9\u30fc\u30e0<\/a> \u30af\u30e9\u30d6\u4e8b\u52d9\u5c40\u3092\u901a\u3058\u3066\u3002<\/p>\n\n\n\n<p><strong>\u30aa\u30f3\u30e9\u30a4\u30f3\u5165\u4f1a\u30d5\u30a9\u30fc\u30e0\u3001\u62e0\u51fa\u91d1\u533a\u5206\u3001\u62e0\u51fa\u91d1\u8acb\u6c42\u66f8\u3001\u305d\u306e\u4ed6\u4f1a\u54e1\u7ba1\u7406\u306b\u95a2\u3059\u308b\u3054\u8cea\u554f\u306f\u3054\u3056\u3044\u307e\u305b\u3093\u304b\uff1f<\/strong> <\/p>\n\n\n<div class=\"psv-contact-card\" data-contact-id=\"ulrich-meinberg\" data-role=\"mitgliederverwaltung\" data-role-as-position=\"true\" data-badge-source=\"sport,role,tag\" data-badge-order=\"sport,role,tag\" data-email=\"email3\"><\/div>\n\n\n\n<hr class=\"wp-block-separator has-alpha-channel-opacity\"\/>\n\n\n\n<h2 class=\"wp-block-heading\">\u5354\u4f1a\u8cbb<\/h2>\n\n\n\n<p>\u306e\u91d1\u984d\u3067\u3042\u308b\u3002 <strong>\u5e74\u6b21<\/strong> \u4f1a\u8cbb\u306f\u5e74\u9f62\u3068\u90e8\u9580\u306b\u3088\u3063\u3066\u7570\u306a\u308b\u3002\u7279\u5225\u5272\u5f15\u306b\u3064\u3044\u3066\u306f\u3001\u7406\u4e8b\u4f1a\u307e\u305f\u306f\u90e8\u9580\u8cac\u4efb\u8005\u306b\u304a\u554f\u3044\u5408\u308f\u305b\u304f\u3060\u3055\u3044\u3002<\/p>\n\n\n\n<figure class=\"wp-block-table\"><table><thead><tr><th>\u8ca2\u732e<br>\u30b0\u30eb\u30fc\u30d7<\/th><th><strong>\u8aac\u660e<\/strong><\/th><th class=\"has-text-align-right\" data-align=\"right\"><strong>\u6b66\u9053<\/strong>*<\/th><th class=\"has-text-align-right\" data-align=\"right\"><strong>\u30dc\u30fc\u30eb\u30b9\u30dd\u30fc\u30c4<\/strong><\/th><th class=\"has-text-align-right\" data-align=\"right\"><strong>\u305d\u306e\u4ed6<\/strong><\/th><th class=\"has-text-align-right\" data-align=\"right\"><strong>\u7985<\/strong>*<\/th><\/tr><\/thead><tbody><tr><td>\u5bb6\u65cf<\/td><td>\u540c\u3058\u4f4f\u6240\u306b\u767b\u9332\u3055\u308c\u3066\u3044\u308b\u3059\u3079\u3066\u306e\u5bb6\u65cf\u307e\u305f\u306f\u540c\u68f2\u30d1\u30fc\u30c8\u30ca\u30fc<\/td><td class=\"has-text-align-right\" data-align=\"right\">330,00<\/td><td class=\"has-text-align-right\" data-align=\"right\">200,00<\/td><td class=\"has-text-align-right\" data-align=\"right\">200,00<\/td><td class=\"has-text-align-right\" data-align=\"right\">180,00<\/td><\/tr><tr><td>\u5b50\u4f9b\u305f\u3061<\/td><td>14\u5e74\u307e\u3067<\/td><td class=\"has-text-align-right\" data-align=\"right\">120,00<\/td><td class=\"has-text-align-right\" data-align=\"right\">50,00<\/td><td class=\"has-text-align-right\" data-align=\"right\">40,00<\/td><td class=\"has-text-align-right\" data-align=\"right\"><\/td><\/tr><tr><td>\u30c6\u30a3\u30fc\u30f3\u30a8\u30a4\u30b8\u30e3\u30fc<\/td><td>14\uff5e17\u6b73<\/td><td class=\"has-text-align-right\" data-align=\"right\">150,00<\/td><td class=\"has-text-align-right\" data-align=\"right\">60,00<\/td><td class=\"has-text-align-right\" data-align=\"right\">50,00<\/td><td class=\"has-text-align-right\" data-align=\"right\"><\/td><\/tr><tr><td>\u5927\u4eba<br>\u88ab\u7d04<\/td><td>\u53ce\u5165\u306e\u306a\u3044\u7814\u4fee\u751f\u3001\u5b66\u751f\u3001\u5e74\u91d1\u53d7\u7d66\u8005\u3001\u5931\u696d\u8005\u306a\u3069<br>\u8a3c\u660e\u304c\u5fc5\u8981<\/td><td class=\"has-text-align-right\" data-align=\"right\">200,00<\/td><td class=\"has-text-align-right\" data-align=\"right\">70,00<\/td><td class=\"has-text-align-right\" data-align=\"right\">70,00<\/td><td class=\"has-text-align-right\" data-align=\"right\">80,00<\/td><\/tr><tr><td>\u5927\u4eba<\/td><td>18\u6b73\u306e\u8a95\u751f\u65e5\u304b\u3089<\/td><td class=\"has-text-align-right\" data-align=\"right\">250,00<\/td><td class=\"has-text-align-right\" data-align=\"right\">140,00<\/td><td class=\"has-text-align-right\" data-align=\"right\">140,00<\/td><td class=\"has-text-align-right\" data-align=\"right\">120,00<\/td><\/tr><tr><td>\u30bf\u30a4\u30e0\u30e1\u30f3\u30d0\u30fc<\/td><td>\u89e3\u7d04\u671f\u9593\u306f4\u9031\u9593\u4ee5\u4e0a\u6708\u672b\u307e\u3067\u3002\u6b66\u9053\u30b9\u30dd\u30fc\u30c4\u306b\u9650\u308a\u3001\u6700\u957711\u30f6\u6708\u307e\u3067\u53ef\u80fd\u3002<\/td><td class=\"has-text-align-right\" data-align=\"right\">\u6708\u984d25\u30c9\u30eb<\/td><td class=\"has-text-align-right\" data-align=\"right\"><\/td><td class=\"has-text-align-right\" data-align=\"right\"><\/td><td class=\"has-text-align-right\" data-align=\"right\"><\/td><\/tr><tr><td>\u53d7\u52d5\u7684\u30e1\u30f3\u30d0\u30fc<\/td><td><\/td><td class=\"has-text-align-right\" data-align=\"right\">50,00<\/td><td class=\"has-text-align-right\" data-align=\"right\">50,00<\/td><td class=\"has-text-align-right\" data-align=\"right\">50,00<\/td><td class=\"has-text-align-right\" data-align=\"right\">50,00<\/td><\/tr><tr><td>\u5165\u5834\u6599<\/td><td>\u304a\u4e00\u4eba\u69d8\u306b\u3064\u304d1\u56de<\/td><td class=\"has-text-align-right\" data-align=\"right\">15,00<\/td><td class=\"has-text-align-right\" data-align=\"right\">15,00<\/td><td class=\"has-text-align-right\" data-align=\"right\">15,00<\/td><td class=\"has-text-align-right\" data-align=\"right\">15,00<\/td><\/tr><\/tbody><\/table><\/figure>\n\n\n\n<h2 class=\"wp-block-heading\">\u5354\u4f1a\u8cbb<\/h2>\n\n\n\n<p>\u6b66\u9053\u56e3\u4f53\u306b\u3088\u3063\u3066\u306f\u3001\u5168\u56fd\u5354\u4f1a\u8cbb\uff08\u4f1a\u8cbb\uff09\u304c\u5225\u9014\u5fc5\u8981\u306a\u5834\u5408\u3082\u3042\u308a\u3001\u307e\u305f\u691c\u5b9a\u3084\u5927\u4f1a\u53c2\u52a0\u306e\u305f\u3081\u306e\u5408\u683c\u91d1\u3082\u5fc5\u8981\u3067\u3042\u308b\u3002<\/p>\n\n\n\n<figure class=\"wp-block-table\"><table><thead><tr><th><\/th><th><strong>\u8aac\u660e<\/strong><\/th><th><\/th><th class=\"has-text-align-right\" data-align=\"right\"><strong>\u5927\u4eba<\/strong><\/th><th class=\"has-text-align-right\" data-align=\"right\"><strong>\u5b50\u4f9b\u305f\u3061<\/strong><\/th><\/tr><\/thead><tbody><tr><td>\u67d4\u9053\uff0f\u7a7a\u624b<\/td><td>BJV e.V.\u4f1a\u54e1\uff0fDKV\u4f1a\u54e1<br>\u30d1\u30b9\u30dd\u30fc\u30c8\u6599\u91d1<\/td><td>\u6bce\u5e74<br>\u30e6\u30cb\u30fc\u30af<\/td><td class=\"has-text-align-right\" data-align=\"right\">25,00<br>10,00<\/td><td class=\"has-text-align-right\" data-align=\"right\">20,00<br>10,00<\/td><\/tr><tr><td>\u67d4\u8853<\/td><td>\u30d0\u30fc\u30c7\u30f3\u67d4\u8853\u9023\u76df\u4f1a\u54e1\u3002<br>\u30d1\u30b9\u30dd\u30fc\u30c8\u6599\u91d1<\/td><td>\u6bce\u5e74<br>\u30e6\u30cb\u30fc\u30af<\/td><td class=\"has-text-align-right\" data-align=\"right\">23,00<br>10,00<\/td><td class=\"has-text-align-right\" data-align=\"right\">23,00<br>10,00<\/td><\/tr><tr><td>\u5f13\u9053<\/td><td>\u30c9\u30a4\u30c4\u5f13\u9053\u9023\u76df\u4f1a\u54e1<br>\u30d1\u30b9\u30dd\u30fc\u30c8\u6599\u91d1<\/td><td>\u6bce\u5e74<br>\u30e6\u30cb\u30fc\u30af<\/td><td class=\"has-text-align-right\" data-align=\"right\">48,00<br>3,00<\/td><td class=\"has-text-align-right\" data-align=\"right\"><\/td><\/tr><tr><td>\u30d1\u30b9\u30dd\u30fc\u30c8\u6599\u91d1<\/td><td>\u8a66\u9a13\u304a\u3088\u3073\u7af6\u6280\u4f1a\u53c2\u52a0\u306e\u524d\u63d0\u6761\u4ef6<br>\u5199\u771f\uff083.5cm\u00d74.5cm\uff09\u3092\u3054\u63d0\u51fa\u304f\u3060\u3055\u3044\u3002<\/td><td>\u30e6\u30cb\u30fc\u30af<\/td><td class=\"has-text-align-right\" data-align=\"right\">\u4e0a\u8a18\u53c2\u7167<\/td><td class=\"has-text-align-right\" data-align=\"right\"><\/td><\/tr><\/tbody><\/table><\/figure>\n\n\n\n<h2 class=\"wp-block-heading\">\u652f\u6255\u3044\u65b9\u6cd5<\/h2>\n\n\n\n<ul class=\"wp-block-list\">\n<li>\u6599\u91d1\u306f\u3059\u3079\u3066\u53e3\u5ea7\u5f15\u304d\u843d\u3068\u3057\u3067\u5fb4\u53ce\u3055\u308c\u307e\u3059\u3002PSV Heidelberg e.V.\u3067\u306f\u3001\u3053\u306e\u76ee\u7684\u306e\u305f\u3081\u306b\u50b5\u6a29\u8005\u8b58\u5225\u756a\u53f7DE88ZZZ00000798344\u3092\u4f7f\u7528\u3057\u3066\u3044\u307e\u3059\u3002<\/li>\n<\/ul>\n\n\n\n<h2 class=\"wp-block-heading\">\u6210\u719f<\/h2>\n\n\n\n<ul class=\"wp-block-list\">\n<li>\u7403\u6280\u306e\u5e74\u4f1a\u8cbb\u304a\u3088\u3073\u30d1\u30c3\u30b7\u30d6\u4f1a\u54e1\u306e\u5e74\u4f1a\u8cbb\uff09\u306f\u3001\u305d\u306e\u5e74\u306e4\u670815\u65e5\u306b\u5fb4\u53ce\u3055\u308c\u308b\u3002<\/li>\n\n\n\n<li>&nbsp;\u6b66\u9053\u7af6\u6280\u306e\u53c2\u52a0\u8cbb\u306f\u30014\u670815\u65e5\uff08\u4e0a\u671f\uff09\u306810\u670815\u65e5\uff08\u4e0b\u671f\uff09\u306b\u534a\u984d\u305a\u3064\u7d0d\u5165\u3057\u3066\u3044\u305f\u3060\u304d\u307e\u3059\u3002\u5404\u7af6\u6280\u56e3\u4f53\u306e\u5354\u4f1a\u8cbb\u306f\u3001\u30a8\u30f3\u30c8\u30ea\u30fc\u65e5\u306b\u304b\u304b\u308f\u3089\u305a\u3001\u66a6\u5e74\u5206\u3092\u5fb4\u53ce\u3059\u308b\u3002<\/li>\n\n\n\n<li>\u4f1a\u8cbb\u306f\u901a\u5e38\u3001\u5e74\u5ea6\u5185\u306b\u5165\u4f1a\u3057\u305f\u4f1a\u54e1\u306b\u6bd4\u4f8b\u3057\u3066\u5f15\u304d\u843d\u3068\u3055\u308c\u308b\u3002 <\/li>\n\n\n\n<li>\u5272\u5f15\u306f\u3001\u5165\u5c45\u65e5\u306e4\u9031\u9593\u524d\u307e\u3067\u306b\u8a3c\u660e\u66f8\u3092\u63d0\u51fa\u3057\u305f\u5834\u5408\u306e\u307f\u9069\u7528\u3055\u308c\u307e\u3059\u3002<\/li>\n\n\n\n<li>\u4eee\u4f1a\u54e1\u6a29\u306f\u6bce\u6708\u5fb4\u53ce\u3055\u308c\u308b\u3002<\/li>\n\n\n\n<li>\u7763\u4fc3\u306e\u90fd\u5ea6\u3001\u624b\u6570\u6599\u3092\u8acb\u6c42\u3059\u308b\u3053\u3068\u304c\u3067\u304d\u308b\u30022\u56de\u306e\u7763\u4fc3\u306b\u3082\u304b\u304b\u308f\u3089\u305a\u4f1a\u8cbb\u3092\u6ede\u7d0d\u3057\u305f\u8005\u306f\u3001\u898f\u7d04\u7b2c5\u6761\u306b\u57fa\u3065\u304d\u4f1a\u54e1\u540d\u7c3f\u304b\u3089\u524a\u9664\u3055\u308c\u3001\u30b9\u30dd\u30fc\u30c4\u30d7\u30ed\u30b0\u30e9\u30e0\u306b\u53c2\u52a0\u3059\u308b\u8cc7\u683c\u3092\u5931\u3046\u3002<\/li>\n<\/ul>\n\n\n\n<h2 class=\"wp-block-heading\">\u5f53\u5354\u4f1a\u3078\u306e\u5165\u4f1a\u304a\u3088\u3073\u9000\u4f1a<\/h2>\n\n\n\n<ul class=\"wp-block-list\">\n<li>\u7406\u4e8b\u4f1a\u306f\u3001PSV\u30cf\u30a4\u30c7\u30eb\u30d9\u30eb\u30afe.V.\u3078\u306e\u5165\u4f1a\u3092\u6c7a\u5b9a\u3059\u308b\u3002\u5165\u4f1a\u7533\u8fbc\u306f\u3001E\u30e1\u30fc\u30eb\u306b\u3088\u308b\u5165\u4f1a\u78ba\u8a8d\u3001\u307e\u305f\u306f1\u30f6\u6708\u4ee5\u5185\u306b\u66f8\u9762\u306b\u3088\u308a\u5165\u4f1a\u62d2\u5426\u306e\u901a\u77e5\u304c\u306a\u3044\u5834\u5408\u306b\u3001\u5165\u4f1a\u304c\u53d7\u7406\u3055\u308c\u305f\u3082\u306e\u3068\u307f\u306a\u3055\u308c\u308b\u3002.<\/li>\n\n\n\n<li>Polizeisportverein Heidelberg e.V.\u304b\u3089\u306e\u9000\u4f1a\u306f\u3001\u6700\u521d\u306e6\u30f6\u6708\u304c\u7d42\u4e86\u3059\u308b3\u30f6\u6708\u524d\u307e\u3067\u306b\u7533\u3057\u51fa\u308b\u3053\u3068\u306b\u3088 \u3063\u3066\u306e\u307f\u53ef\u80fd\u3067\u3059\u3002\u9000\u4f1a\u306f\u3001\u898f\u7d04\u7b2c5\u6761\u306b\u5f93\u3063\u3066\u66f8\u9762\u306b\u3066\u3001\u4f8b\u3048\u3070\u6b21\u306e\u5b9b\u5148\u307e\u3067E\u30e1\u30fc\u30eb\u306b\u3066\u884c\u308f\u306a\u3051\u308c\u3070\u306a\u3089\u306a\u3044\u3002 <a href=\"mailto:mitgliederverwaltung@psv-hd.de\" target=\"_blank\" rel=\"noreferrer noopener nofollow\">\u4f1a\u54e1\u7ba1\u7406<\/a> \u306e\u30ad\u30e3\u30f3\u30bb\u30eb\u304c\u53ef\u80fd\u3067\u3059\u3002\u30ad\u30e3\u30f3\u30bb\u30eb\u306f\u5354\u4f1a\u30bd\u30d5\u30c8\u30a6\u30a7\u30a2\u304b\u3089\u3082\u53ef\u80fd\u3067\u3059\u3002<br>\u4f8b\u5916\u7684\u306a\u5834\u5408\u3001\u65e9\u671f\u9000\u8077\u306f\u57f7\u884c\u59d4\u54e1\u4f1a\u304c\u5404\u90e8\u9580\u9577\u3068\u5354\u8b70\u306e\u4e0a\u3001\u72ec\u5360\u7684\u306b\u6c7a\u5b9a\u3059\u308b\u3002<\/li>\n<\/ul>\n\n\n\n<p><\/p>\n\n\n\n<p><\/p>\n\n\n\n<h2 class=\"wp-block-heading\">\u3054\u4e0d\u660e\u306a\u70b9\u304c\u3054\u3056\u3044\u307e\u3057\u305f\u3089\u3001\u304a\u6c17\u8efd\u306b\u304a\u554f\u3044\u5408\u308f\u305b\u304f\u3060\u3055\u3044\u3002<\/h2>","protected":false},"excerpt":{"rendered":"<p>Du m\u00f6chtest Mitglied werden? Prima! Wir freuen uns immer \u00fcber neue Sportsfreunde, und Interessenten k\u00f6nnen auch gerne kostenlos und unverbindlich zum Probetraining vorbeikommen (der Versicherungsschutz ist gew\u00e4hrleistet). Anders als der (historisch bedingte) Name unseres Vereins vermuten l\u00e4sst, steht die Mitgliedschaft allen Sportinteressierten offen. Zum Online Aufnahmeformular \u00fcber unsere Vereinsverwaltung. Du hast Fragen zum Online Aufnahmeformular, Deiner Beitragseinstufung, Beitragsrechnung oder anderen Themen rund um die Mitgliederverwaltung? Vereinsbeitr\u00e4ge Die H\u00f6he des j\u00e4hrlichen Mitgliedsbeitrages richtet sich nach dem Alter und der Abteilung. F\u00fcr Sondererm\u00e4\u00dfigungen wende Dich sich bitte an Vorstand oder Abteilungsleiter. Beitrags-gruppe Erkl\u00e4rung Budo* Ballsport* Sonstige* ZEN* Familien F\u00fcr alle Familienmitglieder oder Lebensgemeinschaften, die unter derselben Adresse gemeldet sind 330,00 200,00 200,00&hellip;&nbsp;<a href=\"https:\/\/polizeisportverein-heidelberg.de\/ja\/mitglied-werden\/\" rel=\"bookmark\">Read More &raquo;<span class=\"screen-reader-text\">\u4f1a\u54e1\u306b\u306a\u308b<\/span><\/a><\/p>","protected":false},"author":25,"featured_media":0,"parent":0,"menu_order":0,"comment_status":"closed","ping_status":"closed","template":"","meta":{"neve_meta_sidebar":"right","neve_meta_container":"","neve_meta_enable_content_width":"on","neve_meta_content_width":70,"neve_meta_title_alignment":"","neve_meta_author_avatar":"","neve_post_elements_order":"","neve_meta_disable_header":"","neve_meta_disable_footer":"","neve_meta_disable_title":"","neve_meta_reading_time":"","footnotes":""},"class_list":["post-76","page","type-page","status-publish","hentry"],"yoast_head":"<!-- This site is optimized with the Yoast SEO plugin v27.5 - https:\/\/yoast.com\/product\/yoast-seo-wordpress\/ -->\n<title>Mitglied werden - Polizeisportverein Heidelberg e.V.<\/title>\n<meta name=\"description\" content=\"Sie m\u00f6chten Mitglied werden? Hier finden Sie Informationen \u00fcber die Mitgliederbeitr\u00e4ge. Ein kostenloses Probetraining ist nat\u00fcrlich m\u00f6glich.\" \/>\n<meta name=\"robots\" content=\"index, follow, max-snippet:-1, max-image-preview:large, max-video-preview:-1\" \/>\n<link rel=\"canonical\" href=\"https:\/\/polizeisportverein-heidelberg.de\/ja\/\u4f1a\u54e1\u306b\u306a\u308b\/\" \/>\n<meta property=\"og:locale\" content=\"ja_JP\" \/>\n<meta property=\"og:type\" content=\"article\" \/>\n<meta property=\"og:title\" content=\"Mitglied werden - Polizeisportverein Heidelberg e.V.\" \/>\n<meta property=\"og:description\" content=\"Sie m\u00f6chten Mitglied werden? Hier finden Sie Informationen \u00fcber die Mitgliederbeitr\u00e4ge. Ein kostenloses Probetraining ist nat\u00fcrlich m\u00f6glich.\" \/>\n<meta property=\"og:url\" content=\"https:\/\/polizeisportverein-heidelberg.de\/ja\/\u4f1a\u54e1\u306b\u306a\u308b\/\" \/>\n<meta property=\"og:site_name\" content=\"Polizeisportverein Heidelberg e.V.\" \/>\n<meta property=\"article:modified_time\" content=\"2026-04-04T12:03:54+00:00\" \/>\n<meta name=\"twitter:card\" content=\"summary_large_image\" \/>\n<meta name=\"twitter:label1\" content=\"\u63a8\u5b9a\u8aad\u307f\u53d6\u308a\u6642\u9593\" \/>\n\t<meta name=\"twitter:data1\" content=\"3\u5206\" \/>\n<script type=\"application\/ld+json\" class=\"yoast-schema-graph\">{\"@context\":\"https:\\\/\\\/schema.org\",\"@graph\":[{\"@type\":\"WebPage\",\"@id\":\"https:\\\/\\\/polizeisportverein-heidelberg.de\\\/mitglied-werden\\\/\",\"url\":\"https:\\\/\\\/polizeisportverein-heidelberg.de\\\/mitglied-werden\\\/\",\"name\":\"Mitglied werden - Polizeisportverein Heidelberg e.V.\",\"isPartOf\":{\"@id\":\"https:\\\/\\\/polizeisportverein-heidelberg.de\\\/#website\"},\"datePublished\":\"2022-05-16T16:07:26+00:00\",\"dateModified\":\"2026-04-04T12:03:54+00:00\",\"description\":\"Sie m\u00f6chten Mitglied werden? Hier finden Sie Informationen \u00fcber die Mitgliederbeitr\u00e4ge. Ein kostenloses Probetraining ist nat\u00fcrlich m\u00f6glich.\",\"breadcrumb\":{\"@id\":\"https:\\\/\\\/polizeisportverein-heidelberg.de\\\/mitglied-werden\\\/#breadcrumb\"},\"inLanguage\":\"ja\",\"potentialAction\":[{\"@type\":\"ReadAction\",\"target\":[\"https:\\\/\\\/polizeisportverein-heidelberg.de\\\/mitglied-werden\\\/\"]}]},{\"@type\":\"BreadcrumbList\",\"@id\":\"https:\\\/\\\/polizeisportverein-heidelberg.de\\\/mitglied-werden\\\/#breadcrumb\",\"itemListElement\":[{\"@type\":\"ListItem\",\"position\":1,\"name\":\"Start\",\"item\":\"https:\\\/\\\/polizeisportverein-heidelberg.de\\\/\"},{\"@type\":\"ListItem\",\"position\":2,\"name\":\"Mitglied werden\"}]},{\"@type\":\"WebSite\",\"@id\":\"https:\\\/\\\/polizeisportverein-heidelberg.de\\\/#website\",\"url\":\"https:\\\/\\\/polizeisportverein-heidelberg.de\\\/\",\"name\":\"Polizeisportverein Heidelberg e.V.\",\"description\":\"Budo und Ballsport f\u00fcr jedes Alter\",\"potentialAction\":[{\"@type\":\"SearchAction\",\"target\":{\"@type\":\"EntryPoint\",\"urlTemplate\":\"https:\\\/\\\/polizeisportverein-heidelberg.de\\\/?s={search_term_string}\"},\"query-input\":{\"@type\":\"PropertyValueSpecification\",\"valueRequired\":true,\"valueName\":\"search_term_string\"}}],\"inLanguage\":\"ja\"}]}<\/script>\n<!-- \/ Yoast SEO plugin. -->","yoast_head_json":{"title":"\u4f1a\u54e1\u306b\u306a\u308b - Polizeisportverein Heidelberg e.V.","description":"\u4f1a\u54e1\u306b\u306a\u308a\u307e\u305b\u3093\u304b\uff1f\u4f1a\u8cbb\u306b\u3064\u3044\u3066\u306f\u3053\u3061\u3089\u3092\u3054\u89a7\u304f\u3060\u3055\u3044\u3002\u3082\u3061\u308d\u3093\u7121\u6599\u4f53\u9a13\u30c8\u30ec\u30fc\u30cb\u30f3\u30b0\u3082\u53ef\u80fd\u3067\u3059\u3002","robots":{"index":"index","follow":"follow","max-snippet":"max-snippet:-1","max-image-preview":"max-image-preview:large","max-video-preview":"max-video-preview:-1"},"canonical":"https:\/\/polizeisportverein-heidelberg.de\/ja\/\u4f1a\u54e1\u306b\u306a\u308b\/","og_locale":"ja_JP","og_type":"article","og_title":"Mitglied werden - Polizeisportverein Heidelberg e.V.","og_description":"Sie m\u00f6chten Mitglied werden? Hier finden Sie Informationen \u00fcber die Mitgliederbeitr\u00e4ge. Ein kostenloses Probetraining ist nat\u00fcrlich m\u00f6glich.","og_url":"https:\/\/polizeisportverein-heidelberg.de\/ja\/\u4f1a\u54e1\u306b\u306a\u308b\/","og_site_name":"Polizeisportverein Heidelberg e.V.","article_modified_time":"2026-04-04T12:03:54+00:00","twitter_card":"summary_large_image","twitter_misc":{"\u63a8\u5b9a\u8aad\u307f\u53d6\u308a\u6642\u9593":"3\u5206"},"schema":{"@context":"https:\/\/schema.org","@graph":[{"@type":"WebPage","@id":"https:\/\/polizeisportverein-heidelberg.de\/mitglied-werden\/","url":"https:\/\/polizeisportverein-heidelberg.de\/mitglied-werden\/","name":"\u4f1a\u54e1\u306b\u306a\u308b - Polizeisportverein Heidelberg e.V.","isPartOf":{"@id":"https:\/\/polizeisportverein-heidelberg.de\/#website"},"datePublished":"2022-05-16T16:07:26+00:00","dateModified":"2026-04-04T12:03:54+00:00","description":"\u4f1a\u54e1\u306b\u306a\u308a\u307e\u305b\u3093\u304b\uff1f\u4f1a\u8cbb\u306b\u3064\u3044\u3066\u306f\u3053\u3061\u3089\u3092\u3054\u89a7\u304f\u3060\u3055\u3044\u3002\u3082\u3061\u308d\u3093\u7121\u6599\u4f53\u9a13\u30c8\u30ec\u30fc\u30cb\u30f3\u30b0\u3082\u53ef\u80fd\u3067\u3059\u3002","breadcrumb":{"@id":"https:\/\/polizeisportverein-heidelberg.de\/mitglied-werden\/#breadcrumb"},"inLanguage":"ja","potentialAction":[{"@type":"ReadAction","target":["https:\/\/polizeisportverein-heidelberg.de\/mitglied-werden\/"]}]},{"@type":"BreadcrumbList","@id":"https:\/\/polizeisportverein-heidelberg.de\/mitglied-werden\/#breadcrumb","itemListElement":[{"@type":"ListItem","position":1,"name":"Start","item":"https:\/\/polizeisportverein-heidelberg.de\/"},{"@type":"ListItem","position":2,"name":"Mitglied werden"}]},{"@type":"WebSite","@id":"https:\/\/polizeisportverein-heidelberg.de\/#website","url":"https:\/\/polizeisportverein-heidelberg.de\/","name":"\u30cf\u30a4\u30c7\u30eb\u30d9\u30eb\u30af\u8b66\u5bdf\u30b9\u30dd\u30fc\u30c4\u30af\u30e9\u30d6","description":"\u5e74\u9f62\u3092\u554f\u308f\u305a\u697d\u3057\u3081\u308b\u6b66\u9053\u3068\u7403\u6280","potentialAction":[{"@type":"SearchAction","target":{"@type":"EntryPoint","urlTemplate":"https:\/\/polizeisportverein-heidelberg.de\/?s={search_term_string}"},"query-input":{"@type":"PropertyValueSpecification","valueRequired":true,"valueName":"search_term_string"}}],"inLanguage":"ja"}]}},"_links":{"self":[{"href":"https:\/\/polizeisportverein-heidelberg.de\/ja\/wp-json\/wp\/v2\/pages\/76","targetHints":{"allow":["GET"]}}],"collection":[{"href":"https:\/\/polizeisportverein-heidelberg.de\/ja\/wp-json\/wp\/v2\/pages"}],"about":[{"href":"https:\/\/polizeisportverein-heidelberg.de\/ja\/wp-json\/wp\/v2\/types\/page"}],"author":[{"embeddable":true,"href":"https:\/\/polizeisportverein-heidelberg.de\/ja\/wp-json\/wp\/v2\/users\/25"}],"replies":[{"embeddable":true,"href":"https:\/\/polizeisportverein-heidelberg.de\/ja\/wp-json\/wp\/v2\/comments?post=76"}],"version-history":[{"count":0,"href":"https:\/\/polizeisportverein-heidelberg.de\/ja\/wp-json\/wp\/v2\/pages\/76\/revisions"}],"wp:attachment":[{"href":"https:\/\/polizeisportverein-heidelberg.de\/ja\/wp-json\/wp\/v2\/media?parent=76"}],"curies":[{"name":"wp","href":"https:\/\/api.w.org\/{rel}","templated":true}]}}