{"id":7116,"date":"2024-09-30T15:24:32","date_gmt":"2024-09-30T13:24:32","guid":{"rendered":"https:\/\/polizeisportverein-heidelberg.de\/?page_id=7116"},"modified":"2026-03-14T11:49:02","modified_gmt":"2026-03-14T10:49:02","slug":"%e3%82%b3%e3%83%bc%e3%82%b9","status":"publish","type":"page","link":"https:\/\/polizeisportverein-heidelberg.de\/ja\/kurse\/","title":{"rendered":"\u30b3\u30fc\u30b9\u5185\u5bb9"},"content":{"rendered":"<p>\u3053\u3053\u3067\u306f\u3001\u30b9\u30dd\u30fc\u30c4\u306e\u30b3\u30fc\u30b9\u3068\u30a4\u30d9\u30f3\u30c8\u306e\u6982\u8981\u3092\u3054\u89a7\u3044\u305f\u3060\u3051\u307e\u3059\u3002 <br>\u8a73\u7d30\u306f\u30aa\u30d5\u30a1\u30fc\u3092\u9078\u629e\u3059\u308b\u3068\u8868\u793a\u3055\u308c\u307e\u3059\u3002\u3054\u4e88\u7d04\u306f\u3053\u3061\u3089\u304b\u3089\u3002<\/p>\n\n\n<style>.wp-block-kadence-spacer.kt-block-spacer-7116_b0765e-e8 .kt-block-spacer{height:60px;}.wp-block-kadence-spacer.kt-block-spacer-7116_b0765e-e8 .kt-divider{border-top-width:2px;border-top-color:#eee;width:80%;border-top-style:solid;}<\/style>\n<div class=\"wp-block-kadence-spacer aligncenter kt-block-spacer-7116_b0765e-e8\"><div class=\"kt-block-spacer kt-block-spacer-halign-center\"><hr class=\"kt-divider\"\/><\/div><\/div>\n\n\n\n<h2 class=\"wp-block-heading\" id=\"kurse-aikido\">\u5408\u6c17\u9053<\/h2>\n\n\n\n<iframe id=\"67f7b0da000fc569ff7426da\" width=\"100%\" height=\"150\" class=\"yolawo-widget\" allow=\"payment\" src=\"https:\/\/widgets.yolawo.de\/w\/67f7b0da000fc569ff7426da\" frameborder=\"0\" data-offset-x=\"50\" scrolling=\"no\"><\/iframe>\n\n\n\n<iframe id=\"6862759720e07a57b884f89e\" width=\"100%\" height=\"150\" class=\"yolawo-widget\" allow=\"payment\" src=\"https:\/\/widgets.yolawo.de\/w\/6862759720e07a57b884f89e\" frameborder=\"0\" data-offset-x=\"50\" scrolling=\"no\"><\/iframe>\n\n\n<style>.wp-block-kadence-spacer.kt-block-spacer-7116_ba049e-28 .kt-block-spacer{height:60px;}.wp-block-kadence-spacer.kt-block-spacer-7116_ba049e-28 .kt-divider{border-top-width:2px;border-top-color:#eee;width:80%;border-top-style:solid;}<\/style>\n<div class=\"wp-block-kadence-spacer aligncenter kt-block-spacer-7116_ba049e-28\"><div class=\"kt-block-spacer kt-block-spacer-halign-center\"><hr class=\"kt-divider\"\/><\/div><\/div>\n\n\n\n<h2 class=\"wp-block-heading\" id=\"kurse-ju-jutsu\">\u5c45\u5408\u9053<\/h2>\n\n\n\n<iframe id=\"69383a410941deb2c40d586b\" width=\"100%\" height=\"150\" class=\"yolawo-widget\" allow=\"payment\" src=\"https:\/\/widgets.yolawo.de\/w\/69383a410941deb2c40d586b\" frameborder=\"0\" data-offset-x=\"50\" scrolling=\"no\"><\/iframe>\n\n\n\n<iframe id=\"69383a7d0941deb2c40d58a1\" width=\"100%\" height=\"150\" class=\"yolawo-widget\" allow=\"payment\" src=\"https:\/\/widgets.yolawo.de\/w\/69383a7d0941deb2c40d58a1\" frameborder=\"0\" data-offset-x=\"50\" scrolling=\"no\"><\/iframe>\n\n\n<style>.wp-block-kadence-spacer.kt-block-spacer-7116_965d15-c7 .kt-block-spacer{height:60px;}.wp-block-kadence-spacer.kt-block-spacer-7116_965d15-c7 .kt-divider{border-top-width:2px;border-top-color:#eee;width:80%;border-top-style:solid;}<\/style>\n<div class=\"wp-block-kadence-spacer aligncenter kt-block-spacer-7116_965d15-c7\"><div class=\"kt-block-spacer kt-block-spacer-halign-center\"><hr class=\"kt-divider\"\/><\/div><\/div>\n\n\n\n<h2 class=\"wp-block-heading\" id=\"kurse-ju-jutsu\">\u67d4\u8853<\/h2>\n\n\n\n<iframe id=\"671656b4e01eaf167340a759\" width=\"100%\" height=\"150\" class=\"yolawo-widget\" allow=\"payment\" src=\"https:\/\/widgets.yolawo.de\/w\/671656b4e01eaf167340a759\" frameborder=\"0\" data-offset-x=\"50\" scrolling=\"no\"><\/iframe>\n\n\n<style>.wp-block-kadence-spacer.kt-block-spacer-7116_cfaf17-f9 .kt-block-spacer{height:60px;}.wp-block-kadence-spacer.kt-block-spacer-7116_cfaf17-f9 .kt-divider{border-top-width:2px;border-top-color:#eee;width:80%;border-top-style:solid;}<\/style>\n<div class=\"wp-block-kadence-spacer aligncenter kt-block-spacer-7116_cfaf17-f9\"><div class=\"kt-block-spacer kt-block-spacer-halign-center\"><hr class=\"kt-divider\"\/><\/div><\/div>\n\n\n\n<h2 class=\"wp-block-heading\" id=\"kurse-karate\">\u7a7a\u624b<\/h2>\n\n\n\n<p>\u5927\u4eba\u306e\u305f\u3081\u306e\u7a7a\u624b\u4f53\u9a13\u7a3d\u53e4\u306f\u3001\u8fd1\u65e5\u4e2d\u306b\u3053\u3053\u3067\u516c\u958b\u3055\u308c\u308b\u4e88\u5b9a\u3060\u3002<\/p>\n\n\n<style>.wp-block-kadence-spacer.kt-block-spacer-7116_0ef9a5-ec .kt-block-spacer{height:60px;}.wp-block-kadence-spacer.kt-block-spacer-7116_0ef9a5-ec .kt-divider{border-top-width:2px;border-top-color:#eee;width:80%;border-top-style:solid;}<\/style>\n<div class=\"wp-block-kadence-spacer aligncenter kt-block-spacer-7116_0ef9a5-ec\"><div class=\"kt-block-spacer kt-block-spacer-halign-center\"><hr class=\"kt-divider\"\/><\/div><\/div>\n\n\n\n<h2 class=\"wp-block-heading\" id=\"kurse-kyudo\">\u5f13\u9053<\/h2>\n\n\n\n<iframe id=\"69874b170d53ced0ad92b95a\" width=\"100%\" height=\"150\" class=\"yolawo-widget\" allow=\"payment\" src=\"https:\/\/widgets.yolawo.de\/w\/69874b170d53ced0ad92b95a\" frameborder=\"0\" data-offset-x=\"50\" scrolling=\"no\"><\/iframe>\n\n\n<style>.wp-block-kadence-spacer.kt-block-spacer-7116_043f97-b1 .kt-block-spacer{height:60px;}.wp-block-kadence-spacer.kt-block-spacer-7116_043f97-b1 .kt-divider{border-top-width:2px;border-top-color:#eee;width:80%;border-top-style:solid;}<\/style>\n<div class=\"wp-block-kadence-spacer aligncenter kt-block-spacer-7116_043f97-b1\"><div class=\"kt-block-spacer kt-block-spacer-halign-center\"><hr class=\"kt-divider\"\/><\/div><\/div>\n\n\n\n<h2 class=\"wp-block-heading\" id=\"kurse-volleyball\">\u30d0\u30ec\u30fc\u30dc\u30fc\u30eb<\/h2>\n\n\n\n<iframe id=\"684023a3a52a656180fffbaf\" width=\"100%\" height=\"150\" class=\"yolawo-widget\" allow=\"payment\" src=\"https:\/\/widgets.yolawo.de\/w\/684023a3a52a656180fffbaf\" frameborder=\"0\" data-offset-x=\"50\" scrolling=\"no\"><\/iframe>\n\n\n<style>.wp-block-kadence-spacer.kt-block-spacer-7116_f59390-d1 .kt-block-spacer{height:60px;}.wp-block-kadence-spacer.kt-block-spacer-7116_f59390-d1 .kt-divider{border-top-width:2px;border-top-color:#eee;width:80%;border-top-style:solid;}<\/style>\n<div class=\"wp-block-kadence-spacer aligncenter kt-block-spacer-7116_f59390-d1\"><div class=\"kt-block-spacer kt-block-spacer-halign-center\"><hr class=\"kt-divider\"\/><\/div><\/div>\n\n\n\n<h2 class=\"wp-block-heading\" id=\"kurse-volleyball\">ZEN\u7791\u60f3<\/h2>\n\n\n\n<iframe id=\"69b5320a966767da915c1f1a\" width=\"100%\" height=\"150\" class=\"yolawo-widget\" allow=\"payment\" src=\"https:\/\/widgets.yolawo.de\/w\/69b5320a966767da915c1f1a\" frameborder=\"0\" data-offset-x=\"50\" scrolling=\"no\"><\/iframe><script type=\"text\/javascript\" src=\"https:\/\/widgets.yolawo.de\/assets\/script.js\"><\/script>\n\n\n\n<p><\/p>","protected":false},"excerpt":{"rendered":"<p>\u3053\u3053\u3067\u306f\u3001\u30b9\u30dd\u30fc\u30c4\u306e\u30b3\u30fc\u30b9\u3068\u30a4\u30d9\u30f3\u30c8\u306e\u6982\u8981\u3092\u3054\u89a7\u3044\u305f\u3060\u3051\u307e\u3059\u3002\u30aa\u30d5\u30a1\u30fc\u3092\u9078\u629e\u3059\u308b\u3068\u8a73\u7d30\u304c\u8868\u793a\u3055\u308c\u307e\u3059\u3002\u3054\u4e88\u7d04\u306f\u3053\u3061\u3089\u304b\u3089\u3069\u3046\u305e\u3002\u5408\u6c17\u9053 \u5c45\u5408\u9053 \u67d4\u8853 \u7a7a\u624b \u5927\u4eba\u306e\u305f\u3081\u306e\u7a7a\u624b\u4f53\u9a13\u7a3d\u53e4\u306f\u8fd1\u65e5\u4e2d\u306b\u3053\u3061\u3089\u3067\u3054\u6848\u5185\u3044\u305f\u3057\u307e\u3059\u3002\u5f13\u9053 \u30d0\u30ec\u30fc\u30dc\u30fc\u30eb \u7985 \u7791\u60f3<\/p>","protected":false},"author":25,"featured_media":0,"parent":0,"menu_order":0,"comment_status":"closed","ping_status":"closed","template":"","meta":{"neve_meta_sidebar":"","neve_meta_container":"","neve_meta_enable_content_width":"","neve_meta_content_width":0,"neve_meta_title_alignment":"","neve_meta_author_avatar":"","neve_post_elements_order":"","neve_meta_disable_header":"","neve_meta_disable_footer":"","neve_meta_disable_title":"","neve_meta_reading_time":"","footnotes":""},"class_list":["post-7116","page","type-page","status-publish","hentry"],"yoast_head":"<!-- This site is optimized with the Yoast SEO plugin v27.5 - https:\/\/yoast.com\/product\/yoast-seo-wordpress\/ -->\n<title>Kursangebote - Polizeisportverein Heidelberg e.V.<\/title>\n<meta name=\"description\" content=\"Hier finden Sie eine \u00dcbersicht unserer Kurse und Veranstaltungen. Details werden beim Ausw\u00e4hlen eines Angebotes angezeigt. Wenn Sie einen Platz buchen m\u00f6chten kann das hier gemacht werden.\" \/>\n<meta name=\"robots\" content=\"index, follow, max-snippet:-1, max-image-preview:large, max-video-preview:-1\" \/>\n<link rel=\"canonical\" href=\"https:\/\/polizeisportverein-heidelberg.de\/ja\/\u30b3\u30fc\u30b9\/\" \/>\n<meta property=\"og:locale\" content=\"ja_JP\" \/>\n<meta property=\"og:type\" content=\"article\" \/>\n<meta property=\"og:title\" content=\"Kursangebote - Polizeisportverein Heidelberg e.V.\" \/>\n<meta property=\"og:description\" content=\"Hier finden Sie eine \u00dcbersicht unserer Kurse und Veranstaltungen. Details werden beim Ausw\u00e4hlen eines Angebotes angezeigt. Wenn Sie einen Platz buchen m\u00f6chten kann das hier gemacht werden.\" \/>\n<meta property=\"og:url\" content=\"https:\/\/polizeisportverein-heidelberg.de\/ja\/\u30b3\u30fc\u30b9\/\" \/>\n<meta property=\"og:site_name\" content=\"Polizeisportverein Heidelberg e.V.\" \/>\n<meta property=\"article:modified_time\" content=\"2026-03-14T10:49:02+00:00\" \/>\n<meta name=\"twitter:card\" content=\"summary_large_image\" \/>\n<meta name=\"twitter:label1\" content=\"\u63a8\u5b9a\u8aad\u307f\u53d6\u308a\u6642\u9593\" \/>\n\t<meta name=\"twitter:data1\" content=\"1\u5206\" \/>\n<script type=\"application\/ld+json\" class=\"yoast-schema-graph\">{\"@context\":\"https:\\\/\\\/schema.org\",\"@graph\":[{\"@type\":\"WebPage\",\"@id\":\"https:\\\/\\\/polizeisportverein-heidelberg.de\\\/kurse\\\/\",\"url\":\"https:\\\/\\\/polizeisportverein-heidelberg.de\\\/kurse\\\/\",\"name\":\"Kursangebote - Polizeisportverein Heidelberg e.V.\",\"isPartOf\":{\"@id\":\"https:\\\/\\\/polizeisportverein-heidelberg.de\\\/#website\"},\"datePublished\":\"2024-09-30T13:24:32+00:00\",\"dateModified\":\"2026-03-14T10:49:02+00:00\",\"description\":\"Hier finden Sie eine \u00dcbersicht unserer Kurse und Veranstaltungen. Details werden beim Ausw\u00e4hlen eines Angebotes angezeigt. Wenn Sie einen Platz buchen m\u00f6chten kann das hier gemacht werden.\",\"breadcrumb\":{\"@id\":\"https:\\\/\\\/polizeisportverein-heidelberg.de\\\/kurse\\\/#breadcrumb\"},\"inLanguage\":\"ja\",\"potentialAction\":[{\"@type\":\"ReadAction\",\"target\":[\"https:\\\/\\\/polizeisportverein-heidelberg.de\\\/kurse\\\/\"]}]},{\"@type\":\"BreadcrumbList\",\"@id\":\"https:\\\/\\\/polizeisportverein-heidelberg.de\\\/kurse\\\/#breadcrumb\",\"itemListElement\":[{\"@type\":\"ListItem\",\"position\":1,\"name\":\"Start\",\"item\":\"https:\\\/\\\/polizeisportverein-heidelberg.de\\\/\"},{\"@type\":\"ListItem\",\"position\":2,\"name\":\"Kursangebote\"}]},{\"@type\":\"WebSite\",\"@id\":\"https:\\\/\\\/polizeisportverein-heidelberg.de\\\/#website\",\"url\":\"https:\\\/\\\/polizeisportverein-heidelberg.de\\\/\",\"name\":\"Polizeisportverein Heidelberg e.V.\",\"description\":\"Budo und Ballsport f\u00fcr jedes Alter\",\"potentialAction\":[{\"@type\":\"SearchAction\",\"target\":{\"@type\":\"EntryPoint\",\"urlTemplate\":\"https:\\\/\\\/polizeisportverein-heidelberg.de\\\/?s={search_term_string}\"},\"query-input\":{\"@type\":\"PropertyValueSpecification\",\"valueRequired\":true,\"valueName\":\"search_term_string\"}}],\"inLanguage\":\"ja\"}]}<\/script>\n<!-- \/ Yoast SEO plugin. -->","yoast_head_json":{"title":"\u958b\u8b1b\u30b3\u30fc\u30b9 - Polizeisportverein Heidelberg e.V.","description":"\u30b3\u30fc\u30b9\u3068\u30a4\u30d9\u30f3\u30c8\u306e\u6982\u8981\u3092\u3054\u89a7\u3044\u305f\u3060\u3051\u307e\u3059\u3002\u30aa\u30d5\u30a1\u30fc\u3092\u9078\u629e\u3059\u308b\u3068\u8a73\u7d30\u304c\u8868\u793a\u3055\u308c\u307e\u3059\u3002\u3054\u4e88\u7d04\u306f\u3053\u3061\u3089\u304b\u3089\u3069\u3046\u305e\u3002","robots":{"index":"index","follow":"follow","max-snippet":"max-snippet:-1","max-image-preview":"max-image-preview:large","max-video-preview":"max-video-preview:-1"},"canonical":"https:\/\/polizeisportverein-heidelberg.de\/ja\/\u30b3\u30fc\u30b9\/","og_locale":"ja_JP","og_type":"article","og_title":"Kursangebote - Polizeisportverein Heidelberg e.V.","og_description":"Hier finden Sie eine \u00dcbersicht unserer Kurse und Veranstaltungen. Details werden beim Ausw\u00e4hlen eines Angebotes angezeigt. Wenn Sie einen Platz buchen m\u00f6chten kann das hier gemacht werden.","og_url":"https:\/\/polizeisportverein-heidelberg.de\/ja\/\u30b3\u30fc\u30b9\/","og_site_name":"Polizeisportverein Heidelberg e.V.","article_modified_time":"2026-03-14T10:49:02+00:00","twitter_card":"summary_large_image","twitter_misc":{"\u63a8\u5b9a\u8aad\u307f\u53d6\u308a\u6642\u9593":"1\u5206"},"schema":{"@context":"https:\/\/schema.org","@graph":[{"@type":"WebPage","@id":"https:\/\/polizeisportverein-heidelberg.de\/kurse\/","url":"https:\/\/polizeisportverein-heidelberg.de\/kurse\/","name":"\u958b\u8b1b\u30b3\u30fc\u30b9 - Polizeisportverein Heidelberg e.V.","isPartOf":{"@id":"https:\/\/polizeisportverein-heidelberg.de\/#website"},"datePublished":"2024-09-30T13:24:32+00:00","dateModified":"2026-03-14T10:49:02+00:00","description":"\u30b3\u30fc\u30b9\u3068\u30a4\u30d9\u30f3\u30c8\u306e\u6982\u8981\u3092\u3054\u89a7\u3044\u305f\u3060\u3051\u307e\u3059\u3002\u30aa\u30d5\u30a1\u30fc\u3092\u9078\u629e\u3059\u308b\u3068\u8a73\u7d30\u304c\u8868\u793a\u3055\u308c\u307e\u3059\u3002\u3054\u4e88\u7d04\u306f\u3053\u3061\u3089\u304b\u3089\u3069\u3046\u305e\u3002","breadcrumb":{"@id":"https:\/\/polizeisportverein-heidelberg.de\/kurse\/#breadcrumb"},"inLanguage":"ja","potentialAction":[{"@type":"ReadAction","target":["https:\/\/polizeisportverein-heidelberg.de\/kurse\/"]}]},{"@type":"BreadcrumbList","@id":"https:\/\/polizeisportverein-heidelberg.de\/kurse\/#breadcrumb","itemListElement":[{"@type":"ListItem","position":1,"name":"Start","item":"https:\/\/polizeisportverein-heidelberg.de\/"},{"@type":"ListItem","position":2,"name":"Kursangebote"}]},{"@type":"WebSite","@id":"https:\/\/polizeisportverein-heidelberg.de\/#website","url":"https:\/\/polizeisportverein-heidelberg.de\/","name":"\u30cf\u30a4\u30c7\u30eb\u30d9\u30eb\u30af\u8b66\u5bdf\u30b9\u30dd\u30fc\u30c4\u30af\u30e9\u30d6","description":"\u5e74\u9f62\u3092\u554f\u308f\u305a\u697d\u3057\u3081\u308b\u6b66\u9053\u3068\u7403\u6280","potentialAction":[{"@type":"SearchAction","target":{"@type":"EntryPoint","urlTemplate":"https:\/\/polizeisportverein-heidelberg.de\/?s={search_term_string}"},"query-input":{"@type":"PropertyValueSpecification","valueRequired":true,"valueName":"search_term_string"}}],"inLanguage":"ja"}]}},"_links":{"self":[{"href":"https:\/\/polizeisportverein-heidelberg.de\/ja\/wp-json\/wp\/v2\/pages\/7116","targetHints":{"allow":["GET"]}}],"collection":[{"href":"https:\/\/polizeisportverein-heidelberg.de\/ja\/wp-json\/wp\/v2\/pages"}],"about":[{"href":"https:\/\/polizeisportverein-heidelberg.de\/ja\/wp-json\/wp\/v2\/types\/page"}],"author":[{"embeddable":true,"href":"https:\/\/polizeisportverein-heidelberg.de\/ja\/wp-json\/wp\/v2\/users\/25"}],"replies":[{"embeddable":true,"href":"https:\/\/polizeisportverein-heidelberg.de\/ja\/wp-json\/wp\/v2\/comments?post=7116"}],"version-history":[{"count":0,"href":"https:\/\/polizeisportverein-heidelberg.de\/ja\/wp-json\/wp\/v2\/pages\/7116\/revisions"}],"wp:attachment":[{"href":"https:\/\/polizeisportverein-heidelberg.de\/ja\/wp-json\/wp\/v2\/media?parent=7116"}],"curies":[{"name":"wp","href":"https:\/\/api.w.org\/{rel}","templated":true}]}}