{"id":63,"date":"2022-05-16T17:36:06","date_gmt":"2022-05-16T15:36:06","guid":{"rendered":"http:\/\/psv-hd.de\/psvNeu\/?page_id=63"},"modified":"2023-12-04T19:17:47","modified_gmt":"2023-12-04T18:17:47","slug":"%e7%a7%81%e3%81%9f%e3%81%a1%e3%81%ae%e4%bd%bf%e5%91%bd%e7%9b%ae%e6%a8%99","status":"publish","type":"page","link":"https:\/\/polizeisportverein-heidelberg.de\/ja\/unsere-mission-ziele\/","title":{"rendered":"\u4f7f\u547d\uff0f\u76ee\u6a19"},"content":{"rendered":"<p> <\/p>\n\n\n\n<p>PSV\u30cf\u30a4\u30c7\u30eb\u30d9\u30eb\u30af\u306f\u9577\u3044\u4f1d\u7d71\u3092\u6301\u3064\u30cf\u30a4\u30c7\u30eb\u30d9\u30eb\u30af\u306e\u4eba\u6c17\u30b9\u30dd\u30fc\u30c4\u30af\u30e9\u30d6\u3067\u3059\u3002\u6b66\u9053\u3001\u30cf\u30f3\u30c9\u30dc\u30fc\u30eb\u3001\u30d0\u30ec\u30fc\u30dc\u30fc\u30eb\u3001\u5c04\u6483\u306a\u3069\u3001\u69d8\u3005\u306a\u30b9\u30dd\u30fc\u30c4\u3092\u82e5\u8005\u304b\u3089\u5927\u4eba\u307e\u3067\u3001\u307e\u305f\u5bb6\u65cf\u9023\u308c\u3067\u3082\u697d\u3057\u3080\u3053\u3068\u304c\u3067\u304d\u307e\u3059\u3002<\/p>\n\n\n\n<p>\u30d7\u30ec\u30c3\u30b7\u30e3\u30fc\u306e\u306a\u3044\u30c8\u30ec\u30fc\u30cb\u30f3\u30b0\u3067\u306f\u3001\u81ea\u5df1\u52b9\u529b\u611f\u3001\u843d\u3061\u7740\u304d\u3001\u5354\u8abf\u6027\u3092\u7d4c\u9a13\u3059\u308b\u3053\u3068\u304c\u3067\u304d\u308b\u3002\u79c1\u305f\u3061\u306f\u30b9\u30dd\u30fc\u30c4\u6d3b\u52d5\u3092\u901a\u3058\u3066\u3001\u30c1\u30fc\u30e0\u30e1\u30a4\u30c8\u3084\u5bfe\u6226\u76f8\u624b\u3078\u306e\u656c\u610f\u3001\u65b0\u3057\u3044\u3053\u3068\u3084\u6163\u308c\u306a\u3044\u3053\u3068\u3078\u306e\u5bdb\u5bb9\u3055\u3001\u5b8c\u74a7\u306a\u52d5\u304d\u306e\u697d\u3057\u3055\u3068\u3044\u3063\u305f\u4fa1\u5024\u89b3\u3092\u4f1d\u3048\u3066\u3044\u308b\u3002<\/p>","protected":false},"excerpt":{"rendered":"<p>Der PSV Heidelberg ist ein Heidelberger Breitensportverein mit langer Tradition. Wir bieten Jugendlichen, Erwachsenen und Familien ein Sportangebot mit mehreren Budodisziplinen, Handball und Volleyball sowie einer Sch\u00fctzenabteilung. Ohne Leistungsdruck erfahren wir im Training Selbstwirksamkeit, Gelassenheit und Zusammenarbeit. \u00dcber die sportliche Bet\u00e4tigung vermitteln wir Werte: Respekt vor den Teamkollegen und Gegnern &#8211; Offenheit f\u00fcr Neues und Fremdes &#8211; Freude an der Perfektion der Bewegung.<\/p>","protected":false},"author":25,"featured_media":0,"parent":0,"menu_order":0,"comment_status":"closed","ping_status":"closed","template":"","meta":{"_psv_pub_social_text":"","_psv_pub_instagram_attachment_id":0,"_psv_pub_social_image_id":0,"neve_meta_sidebar":"right","neve_meta_container":"","neve_meta_enable_content_width":"on","neve_meta_content_width":70,"neve_meta_title_alignment":"","neve_meta_author_avatar":"","neve_post_elements_order":"","neve_meta_disable_header":"","neve_meta_disable_footer":"","neve_meta_disable_title":"","neve_meta_reading_time":"","footnotes":""},"class_list":["post-63","page","type-page","status-publish","hentry"],"yoast_head":"<!-- This site is optimized with the Yoast SEO plugin v27.5 - https:\/\/yoast.com\/product\/yoast-seo-wordpress\/ -->\n<title>Mission \/ Ziele - Polizeisportverein Heidelberg e.V.<\/title>\n<meta name=\"description\" content=\"Unser Ziel: \u00dcber die sportliche Bet\u00e4tigung vermitteln wir im Verein Werte wie Respekt, Offenheit und Gelassenheit.\" \/>\n<meta name=\"robots\" content=\"index, follow, max-snippet:-1, max-image-preview:large, max-video-preview:-1\" \/>\n<link rel=\"canonical\" href=\"https:\/\/polizeisportverein-heidelberg.de\/ja\/\u79c1\u305f\u3061\u306e\u4f7f\u547d\u76ee\u6a19\/\" \/>\n<meta property=\"og:locale\" content=\"ja_JP\" \/>\n<meta property=\"og:type\" content=\"article\" \/>\n<meta property=\"og:title\" content=\"Mission \/ Ziele - Polizeisportverein Heidelberg e.V.\" \/>\n<meta property=\"og:description\" content=\"Unser Ziel: \u00dcber die sportliche Bet\u00e4tigung vermitteln wir im Verein Werte wie Respekt, Offenheit und Gelassenheit.\" \/>\n<meta property=\"og:url\" content=\"https:\/\/polizeisportverein-heidelberg.de\/ja\/\u79c1\u305f\u3061\u306e\u4f7f\u547d\u76ee\u6a19\/\" \/>\n<meta property=\"og:site_name\" content=\"Polizeisportverein Heidelberg e.V.\" \/>\n<meta property=\"article:modified_time\" content=\"2023-12-04T18:17:47+00:00\" \/>\n<meta name=\"twitter:card\" content=\"summary_large_image\" \/>\n<meta name=\"twitter:label1\" content=\"\u63a8\u5b9a\u8aad\u307f\u53d6\u308a\u6642\u9593\" \/>\n\t<meta name=\"twitter:data1\" content=\"1\u5206\" \/>\n<script type=\"application\/ld+json\" class=\"yoast-schema-graph\">{\"@context\":\"https:\\\/\\\/schema.org\",\"@graph\":[{\"@type\":\"WebPage\",\"@id\":\"https:\\\/\\\/polizeisportverein-heidelberg.de\\\/unsere-mission-ziele\\\/\",\"url\":\"https:\\\/\\\/polizeisportverein-heidelberg.de\\\/unsere-mission-ziele\\\/\",\"name\":\"Mission \\\/ Ziele - Polizeisportverein Heidelberg e.V.\",\"isPartOf\":{\"@id\":\"https:\\\/\\\/polizeisportverein-heidelberg.de\\\/#website\"},\"datePublished\":\"2022-05-16T15:36:06+00:00\",\"dateModified\":\"2023-12-04T18:17:47+00:00\",\"description\":\"Unser Ziel: \u00dcber die sportliche Bet\u00e4tigung vermitteln wir im Verein Werte wie Respekt, Offenheit und Gelassenheit.\",\"breadcrumb\":{\"@id\":\"https:\\\/\\\/polizeisportverein-heidelberg.de\\\/unsere-mission-ziele\\\/#breadcrumb\"},\"inLanguage\":\"ja\",\"potentialAction\":[{\"@type\":\"ReadAction\",\"target\":[\"https:\\\/\\\/polizeisportverein-heidelberg.de\\\/unsere-mission-ziele\\\/\"]}]},{\"@type\":\"BreadcrumbList\",\"@id\":\"https:\\\/\\\/polizeisportverein-heidelberg.de\\\/unsere-mission-ziele\\\/#breadcrumb\",\"itemListElement\":[{\"@type\":\"ListItem\",\"position\":1,\"name\":\"Start\",\"item\":\"https:\\\/\\\/polizeisportverein-heidelberg.de\\\/\"},{\"@type\":\"ListItem\",\"position\":2,\"name\":\"Mission \\\/ Ziele\"}]},{\"@type\":\"WebSite\",\"@id\":\"https:\\\/\\\/polizeisportverein-heidelberg.de\\\/#website\",\"url\":\"https:\\\/\\\/polizeisportverein-heidelberg.de\\\/\",\"name\":\"Polizeisportverein Heidelberg e.V.\",\"description\":\"Budo und Ballsport f\u00fcr jedes Alter\",\"potentialAction\":[{\"@type\":\"SearchAction\",\"target\":{\"@type\":\"EntryPoint\",\"urlTemplate\":\"https:\\\/\\\/polizeisportverein-heidelberg.de\\\/?s={search_term_string}\"},\"query-input\":{\"@type\":\"PropertyValueSpecification\",\"valueRequired\":true,\"valueName\":\"search_term_string\"}}],\"inLanguage\":\"ja\"}]}<\/script>\n<!-- \/ Yoast SEO plugin. -->","yoast_head_json":{"title":"\u4f7f\u547d\uff0f\u76ee\u6a19 - Polizeisportverein Heidelberg e.V.","description":"\u79c1\u305f\u3061\u306e\u76ee\u6a19\u306f\u3001\u30b9\u30dd\u30fc\u30c4\u6d3b\u52d5\u3092\u901a\u3058\u3066\u3001\u5c0a\u656c\u3001\u958b\u653e\u6027\u3001\u51b7\u9759\u3055\u3068\u3044\u3063\u305f\u4fa1\u5024\u89b3\u3092\u4f1d\u3048\u308b\u3053\u3068\u3067\u3059\u3002","robots":{"index":"index","follow":"follow","max-snippet":"max-snippet:-1","max-image-preview":"max-image-preview:large","max-video-preview":"max-video-preview:-1"},"canonical":"https:\/\/polizeisportverein-heidelberg.de\/ja\/\u79c1\u305f\u3061\u306e\u4f7f\u547d\u76ee\u6a19\/","og_locale":"ja_JP","og_type":"article","og_title":"Mission \/ Ziele - Polizeisportverein Heidelberg e.V.","og_description":"Unser Ziel: \u00dcber die sportliche Bet\u00e4tigung vermitteln wir im Verein Werte wie Respekt, Offenheit und Gelassenheit.","og_url":"https:\/\/polizeisportverein-heidelberg.de\/ja\/\u79c1\u305f\u3061\u306e\u4f7f\u547d\u76ee\u6a19\/","og_site_name":"Polizeisportverein Heidelberg e.V.","article_modified_time":"2023-12-04T18:17:47+00:00","twitter_card":"summary_large_image","twitter_misc":{"\u63a8\u5b9a\u8aad\u307f\u53d6\u308a\u6642\u9593":"1\u5206"},"schema":{"@context":"https:\/\/schema.org","@graph":[{"@type":"WebPage","@id":"https:\/\/polizeisportverein-heidelberg.de\/unsere-mission-ziele\/","url":"https:\/\/polizeisportverein-heidelberg.de\/unsere-mission-ziele\/","name":"\u4f7f\u547d\uff0f\u76ee\u6a19 - Polizeisportverein Heidelberg e.V.","isPartOf":{"@id":"https:\/\/polizeisportverein-heidelberg.de\/#website"},"datePublished":"2022-05-16T15:36:06+00:00","dateModified":"2023-12-04T18:17:47+00:00","description":"\u79c1\u305f\u3061\u306e\u76ee\u6a19\u306f\u3001\u30b9\u30dd\u30fc\u30c4\u6d3b\u52d5\u3092\u901a\u3058\u3066\u3001\u5c0a\u656c\u3001\u958b\u653e\u6027\u3001\u51b7\u9759\u3055\u3068\u3044\u3063\u305f\u4fa1\u5024\u89b3\u3092\u4f1d\u3048\u308b\u3053\u3068\u3067\u3059\u3002","breadcrumb":{"@id":"https:\/\/polizeisportverein-heidelberg.de\/unsere-mission-ziele\/#breadcrumb"},"inLanguage":"ja","potentialAction":[{"@type":"ReadAction","target":["https:\/\/polizeisportverein-heidelberg.de\/unsere-mission-ziele\/"]}]},{"@type":"BreadcrumbList","@id":"https:\/\/polizeisportverein-heidelberg.de\/unsere-mission-ziele\/#breadcrumb","itemListElement":[{"@type":"ListItem","position":1,"name":"Start","item":"https:\/\/polizeisportverein-heidelberg.de\/"},{"@type":"ListItem","position":2,"name":"Mission \/ Ziele"}]},{"@type":"WebSite","@id":"https:\/\/polizeisportverein-heidelberg.de\/#website","url":"https:\/\/polizeisportverein-heidelberg.de\/","name":"\u30cf\u30a4\u30c7\u30eb\u30d9\u30eb\u30af\u8b66\u5bdf\u30b9\u30dd\u30fc\u30c4\u30af\u30e9\u30d6","description":"\u5e74\u9f62\u3092\u554f\u308f\u305a\u697d\u3057\u3081\u308b\u6b66\u9053\u3068\u7403\u6280","potentialAction":[{"@type":"SearchAction","target":{"@type":"EntryPoint","urlTemplate":"https:\/\/polizeisportverein-heidelberg.de\/?s={search_term_string}"},"query-input":{"@type":"PropertyValueSpecification","valueRequired":true,"valueName":"search_term_string"}}],"inLanguage":"ja"}]}},"_links":{"self":[{"href":"https:\/\/polizeisportverein-heidelberg.de\/ja\/wp-json\/wp\/v2\/pages\/63","targetHints":{"allow":["GET"]}}],"collection":[{"href":"https:\/\/polizeisportverein-heidelberg.de\/ja\/wp-json\/wp\/v2\/pages"}],"about":[{"href":"https:\/\/polizeisportverein-heidelberg.de\/ja\/wp-json\/wp\/v2\/types\/page"}],"author":[{"embeddable":true,"href":"https:\/\/polizeisportverein-heidelberg.de\/ja\/wp-json\/wp\/v2\/users\/25"}],"replies":[{"embeddable":true,"href":"https:\/\/polizeisportverein-heidelberg.de\/ja\/wp-json\/wp\/v2\/comments?post=63"}],"version-history":[{"count":0,"href":"https:\/\/polizeisportverein-heidelberg.de\/ja\/wp-json\/wp\/v2\/pages\/63\/revisions"}],"wp:attachment":[{"href":"https:\/\/polizeisportverein-heidelberg.de\/ja\/wp-json\/wp\/v2\/media?parent=63"}],"curies":[{"name":"wp","href":"https:\/\/api.w.org\/{rel}","templated":true}]}}