{"id":41,"date":"2022-05-16T17:27:34","date_gmt":"2022-05-16T15:27:34","guid":{"rendered":"http:\/\/psv-hd.de\/psvNeu\/?page_id=41"},"modified":"2026-04-05T21:02:42","modified_gmt":"2026-04-05T19:02:42","slug":"%e6%ae%8b%e5%83%8f","status":"publish","type":"page","link":"https:\/\/polizeisportverein-heidelberg.de\/ja\/impressum\/","title":{"rendered":"\u30a4\u30f3\u30d7\u30ea\u30f3\u30c8"},"content":{"rendered":"<p><\/p>\n\n\n\n<h4 class=\"wp-block-heading\" id=\"m46\">\u30b5\u30fc\u30d3\u30b9\u30d7\u30ed\u30d0\u30a4\u30c0\u30fc<\/h4>\n\n\n\n<p>\u30cf\u30a4\u30c7\u30eb\u30d9\u30eb\u30af\u8b66\u5bdf\u30b9\u30dd\u30fc\u30c4\u30af\u30e9\u30d6<br>\u30a8\u30eb\u30b6\u30fb\u30d6\u30e9\u30f3\u30c9\u30b9\u30c8\u30ed\u30fc\u30e0\u901a\u308a8\u756a\u5730<br>69126 \u30cf\u30a4\u30c7\u30eb\u30d9\u30eb\u30af&nbsp;<\/p>\n\n\n\n<h4 class=\"wp-block-heading\" id=\"m56\">\u30b3\u30f3\u30bf\u30af\u30c8\u30aa\u30d7\u30b7\u30e7\u30f3<\/h4>\n\n\n<div class=\"psv-contact-card\" data-contact-id=\"ulrich-meinberg\" data-badge-source=\"sport,role,tag\" data-badge-order=\"sport,role,tag\"><\/div>\n\n\n\n<div style=\"height:10px\" aria-hidden=\"true\" class=\"wp-block-spacer\"><\/div>\n\n\n\n<h4 class=\"wp-block-heading\" id=\"m153\">\u4f1a\u793e\u3092\u4ee3\u8868\u3059\u308b\u6a29\u9650\u3092\u6709\u3059\u308b\u8005<\/h4>\n\n\n<div class=\"psv-contact-card\" data-contact-id=\"markus-krabel\" data-sport=\"aikido\" data-badge-source=\"sport,role,tag\" data-badge-order=\"sport,role,tag\" data-email=\"email2\"><\/div>\n\n\n\n<div style=\"height:10px\" aria-hidden=\"true\" class=\"wp-block-spacer\"><\/div>\n\n\n<div class=\"psv-contact-card\" data-contact-id=\"karl-kiening\" data-badge-source=\"sport,role,tag\" data-badge-order=\"sport,role,tag\"><\/div>\n\n\n\n<div style=\"height:10px\" aria-hidden=\"true\" class=\"wp-block-spacer\"><\/div>\n\n\n\n<h4 class=\"wp-block-heading\" id=\"m151\">\u30ec\u30b8\u30b9\u30bf\u3068\u30ec\u30b8\u30b9\u30bf\u756a\u53f7<\/h4>\n\n\n\n<p>\u5354\u4f1a\u767b\u9332\u7c3f \u7ba1\u7406\u8005\u30de\u30f3\u30cf\u30a4\u30e0\u5354\u4f1a\u767b\u9332\u7c3f <br>\u756a\u53f7\uff1aVR 330202<\/p>\n\n\n\n<h4 class=\"wp-block-heading\" id=\"m172\">\u30bd\u30fc\u30b7\u30e3\u30eb\u30e1\u30c7\u30a3\u30a2\u3068\u305d\u306e\u4ed6\u306e\u30aa\u30f3\u30e9\u30a4\u30f3\u30fb\u30d7\u30ec\u30bc\u30f3\u30b9<\/h4>\n\n\n\n<p>\u3053\u306e\u6cd5\u7684\u901a\u77e5\u306f\u3001\u4ee5\u4e0b\u306e\u30bd\u30fc\u30b7\u30e3\u30eb\u30e1\u30c7\u30a3\u30a2\u304a\u3088\u3073\u30aa\u30f3\u30e9\u30a4\u30f3\u30d7\u30ed\u30d5\u30a3\u30fc\u30eb\u306b\u3082\u9069\u7528\u3055\u308c\u307e\u3059\uff1a <br>psv-hd.de<br>psv-heidelberg.de<\/p>\n\n\n\n<p><\/p>\n\n\n\n<h4 class=\"wp-block-heading\" id=\"m65\">\u8cac\u4efb\u3068\u77e5\u7684\u8ca1\u7523\u6a29<\/h4>\n\n\n\n<p>\u514d\u8cac\u4e8b\u9805\uff1a\u672c\u30aa\u30f3\u30e9\u30a4\u30f3\u30aa\u30d5\u30a1\u30fc\u306e\u5185\u5bb9\u306f\u3001\u5f53\u793e\u306e\u73fe\u5728\u306e\u77e5\u898b\u306b\u57fa\u3065\u304d\u614e\u91cd\u306b\u7de8\u96c6\u3055\u308c\u305f\u3082\u306e\u3067\u3059\u304c\u3001\u6cd5\u7684\u62d8\u675f\u529b\u3092\u6709\u3059\u308b\u60c5\u5831\uff08\u4f8b\u3048\u3070\u3001\u523b\u5370\u3001\u30c7\u30fc\u30bf\u4fdd\u8b77\u5ba3\u8a00\u3001\u4e00\u822c\u6761\u4ef6\u3001\u6d88\u8cbb\u8005\u306b\u5bfe\u3059\u308b\u7fa9\u52d9\u7684\u306a\u6307\u793a\u306a\u3069\uff09\u3067\u306a\u3044\u9650\u308a\u3001\u60c5\u5831\u63d0\u4f9b\u306e\u307f\u3092\u76ee\u7684\u3068\u3057\u305f\u3082\u306e\u3067\u3042\u308a\u3001\u6cd5\u7684\u62d8\u675f\u529b\u3092\u6709\u3057\u307e\u305b\u3093\u3002\u5f53\u793e\u306f\u3001\u5951\u7d04\u4e0a\u306e\u7fa9\u52d9\u306b\u5f71\u97ff\u3092\u4e0e\u3048\u306a\u3044\u3053\u3068\u3092\u6761\u4ef6\u306b\u3001\u5185\u5bb9\u306e\u5168\u90e8\u307e\u305f\u306f\u4e00\u90e8\u3092\u5909\u66f4\u307e\u305f\u306f\u524a\u9664\u3059\u308b\u6a29\u5229\u3092\u7559\u4fdd\u3057\u307e\u3059\u3002\u3059\u3079\u3066\u306e\u30aa\u30d5\u30a1\u30fc\u306f\u5909\u66f4\u3055\u308c\u308b\u53ef\u80fd\u6027\u304c\u3042\u308a\u3001\u62d8\u675f\u529b\u306f\u3042\u308a\u307e\u305b\u3093\u3002 <\/p>\n\n\n\n<p>\u5916\u90e8\u30a6\u30a7\u30d6\u30b5\u30a4\u30c8\u3078\u306e\u30ea\u30f3\u30af\u5f0a\u793e\u304c\u76f4\u63a5\u307e\u305f\u306f\u9593\u63a5\u7684\u306b\u53c2\u7167\u3059\u308b\u5916\u90e8\u30a6\u30a7\u30d6\u30b5\u30a4\u30c8\u306e\u5185\u5bb9\u306f\u3001\u5f0a\u793e\u306e\u8cac\u4efb\u7bc4\u56f2\u5916\u306e\u3082\u306e\u3067\u3042\u308a\u3001\u5f0a\u793e\u304c\u72ec\u81ea\u306e\u3082\u306e\u3068\u3057\u3066\u63a1\u7528\u3059\u308b\u3082\u306e\u3067\u306f\u3042\u308a\u307e\u305b\u3093\u3002\u5f0a\u793e\u306f\u3001\u30ea\u30f3\u30af\u5148\u306e\u30a6\u30a7\u30d6\u30b5\u30a4\u30c8\u3067\u5165\u624b\u53ef\u80fd\u306a\u60c5\u5831\u306e\u4f7f\u7528\u304b\u3089\u751f\u3058\u308b\u3044\u304b\u306a\u308b\u5185\u5bb9\u307e\u305f\u306f\u4e0d\u5229\u76ca\u306b\u3064\u3044\u3066\u3082\u8cac\u4efb\u3092\u8ca0\u3044\u307e\u305b\u3093\u3002<\/p>\n\n\n\n<p>\u8457\u4f5c\u6a29\u304a\u3088\u3073\u5546\u6a19\u6a29\u306b\u3064\u3044\u3066\uff1a\u5f53\u30a6\u30a7\u30d6\u30b5\u30a4\u30c8\u306b\u63b2\u8f09\u3055\u308c\u3066\u3044\u308b\u6587\u7ae0\u3001\u5199\u771f\u3001\u753b\u50cf\u3001\u30d6\u30e9\u30f3\u30c9\u3001\u5546\u6a19\u306a\u3069\u306e\u30b3\u30f3\u30c6\u30f3\u30c4\u306f\u3001\u305d\u308c\u305e\u308c\u306e\u8ca1\u7523\u6a29\uff08\u8457\u4f5c\u6a29\u3001\u5546\u6a19\u6a29\uff09\u306b\u3088\u308a\u4fdd\u8b77\u3055\u308c\u3066\u3044\u307e\u3059\u3002\u4f7f\u7528\u3001\u8907\u88fd\u7b49\u306f\u3001\u5f53\u793e\u306e\u6a29\u5229\u307e\u305f\u306f\u5404\u8457\u4f5c\u8005\u3082\u3057\u304f\u306f\u6a29\u5229\u8005\u306e\u6a29\u5229\u306b\u5f93\u3044\u307e\u3059\u3002<\/p>\n\n\n\n<p>\u6cd5\u5f8b\u9055\u53cd\u306b\u95a2\u3059\u308b\u60c5\u5831\u5f53\u30a6\u30a7\u30d6\u30b5\u30a4\u30c8\u4e0a\u3067\u6cd5\u5f8b\u9055\u53cd\u306b\u304a\u6c17\u3065\u304d\u306e\u5834\u5408\u306f\u3001\u305d\u306e\u65e8\u3092\u304a\u77e5\u3089\u305b\u304f\u3060\u3055\u3044\u3002\u9055\u6cd5\u306a\u30b3\u30f3\u30c6\u30f3\u30c4\u3084\u30ea\u30f3\u30af\u3092\u767a\u898b\u6b21\u7b2c\u3001\u524a\u9664\u3044\u305f\u3057\u307e\u3059\u3002<\/p>\n\n\n\n<h4 class=\"wp-block-heading\">\u753b\u50cf\u30bd\u30fc\u30b9\u3068\u8457\u4f5c\u6a29\u8868\u793a\uff1a <\/h4>\n\n\n\n<p>\u4f7f\u7528\u3055\u308c\u3066\u3044\u308b\u753b\u50cf\u306f\u3001\u30e9\u30a4\u30bb\u30f3\u30b9\u30d5\u30ea\u30fc\u304b\u3001\u63cf\u304b\u308c\u3066\u3044\u308b\u4eba\u7269\u306e\u8a31\u53ef\u3092\u5f97\u3066\u63b2\u8f09\u3055\u308c\u3066\u3044\u308b\u3002<\/p>\n\n\n\n<p><a href=\"https:\/\/datenschutz-generator.de\/\" title=\"\u30b7\u30e5\u30f4\u30a7\u30f3\u30b1\u535a\u58eb\u306b\u3088\u308b\u6cd5\u6587-\u8a73\u7d30\u306f\u30af\u30ea\u30c3\u30af\u3057\u3066\u304f\u3060\u3055\u3044\u3002\" target=\"_blank\" rel=\"noopener noreferrer nofollow\">\u30c8\u30fc\u30de\u30b9\u30fb\u30b7\u30e5\u30f4\u30a7\u30f3\u30b1\u535a\u58eb\u306b\u3088\u308bDatenschutz-Generator.de\uff08\u7121\u6599\uff09\u3067\u4f5c\u6210\u3002<\/a><\/p>\n\n\n\n<h4 class=\"wp-block-heading\"><strong>\u5199\u771f\u30af\u30ec\u30b8\u30c3\u30c8<\/strong> (\u5efa\u8a2d\u4e2d)<\/h4>\n\n\n\n<p>\u5408\u6c17\u9053\u3001\u5f13\u9053 <a href=\"https:\/\/www.susanne-lencinas.de\/\" target=\"_blank\" rel=\"noreferrer noopener sponsored nofollow\">\u30b9\u30b6\u30f3\u30cd\u30fb\u30ec\u30f3\u30b7\u30ca\u30b9\u5199\u771f\u9928\uff08\u30cf\u30a4\u30c7\u30eb\u30d9\u30eb\u30af<\/a><br>\u67d4\u8853 - \u30af\u30ea\u30b9\u30c1\u30e3\u30f3\u30fb\u30b7\u30e5\u30df\u30c3\u30c8<br>\u7a7a\u624b <a href=\"https:\/\/montras.io\/\" target=\"_blank\" rel=\"noreferrer noopener\">\u30e4\u30b3\u30d6\u30fb\u30e2\u30f3\u30c8\u30e9\u30b7\u30aa<\/a><\/p>\n\n\n\n<p class=\"has-text-align-right\" id=\"btnTop\"><a onclick=\"closeOpenAccordeon()\" href=\"#top\"><strong>\u30c8\u30c3\u30d7 <\/strong><img decoding=\"async\" width=\"14\" height=\"14\" class=\"wp-image-3792\" style=\"width: 14px;\" src=\"http:\/\/psv-hd.de\/psvNeu\/wp-content\/uploads\/2022\/11\/arrow-up_icon.jpg\" alt=\"\" srcset=\"https:\/\/polizeisportverein-heidelberg.de\/wp-content\/uploads\/2022\/11\/arrow-up_icon.jpg 14w, https:\/\/polizeisportverein-heidelberg.de\/wp-content\/uploads\/2022\/11\/arrow-up_icon-12x12.jpg 12w\" sizes=\"(max-width: 14px) 100vw, 14px\" \/><\/a> <\/p>","protected":false},"excerpt":{"rendered":"<p>Diensteanbieter Polizeisportverein HeidelbergElsa-Brandstr\u00f6m-Str. 869126 Heidelberg&nbsp; Kontaktm\u00f6glichkeiten Vertretungsberechtigte Personen Register und Registernummer Vereinsregister Gef\u00fchrt bei: Vereinsregister Mannheim Nummer: VR 330202 Social Media und andere Onlinepr\u00e4senzen Dieses Impressum gilt auch f\u00fcr die folgenden Social-Media-Pr\u00e4senzen und Onlineprofile: psv-hd.depsv-heidelberg.de Haftungs- und Schutzrechtshinweise Haftungsausschluss: Die Inhalte dieses Onlineangebotes wurden sorgf\u00e4ltig und nach unserem aktuellen Kenntnisstand erstellt, dienen jedoch nur der Information und entfalten keine rechtlich bindende Wirkung, sofern es sich nicht um gesetzlich verpflichtende Informationen (z.B. das Impressum, die Datenschutzerkl\u00e4rung, AGB oder verpflichtende Belehrungen von Verbrauchern) handelt. Wir behalten uns vor, die Inhalte vollst\u00e4ndig oder teilweise zu \u00e4ndern oder zu l\u00f6schen, soweit vertragliche Verpflichtungen unber\u00fchrt bleiben. Alle Angebote sind freibleibend und unverbindlich. Links auf fremde&hellip;&nbsp;<a href=\"https:\/\/polizeisportverein-heidelberg.de\/ja\/impressum\/\" rel=\"bookmark\">Read More &raquo;<span class=\"screen-reader-text\">\u30a4\u30f3\u30d7\u30ea\u30f3\u30c8<\/span><\/a><\/p>","protected":false},"author":25,"featured_media":-41,"parent":0,"menu_order":0,"comment_status":"closed","ping_status":"closed","template":"","meta":{"neve_meta_sidebar":"right","neve_meta_container":"","neve_meta_enable_content_width":"on","neve_meta_content_width":70,"neve_meta_title_alignment":"","neve_meta_author_avatar":"","neve_post_elements_order":"","neve_meta_disable_header":"","neve_meta_disable_footer":"","neve_meta_disable_title":"","neve_meta_reading_time":"","footnotes":""},"class_list":["post-41","page","type-page","status-publish","has-post-thumbnail","hentry"],"yoast_head":"<!-- This site is optimized with the Yoast SEO plugin v27.5 - https:\/\/yoast.com\/product\/yoast-seo-wordpress\/ -->\n<title>Impressum - Polizeisportverein Heidelberg e.V.<\/title>\n<meta name=\"description\" content=\"Impressum des PSV Heidelberg.\" \/>\n<meta name=\"robots\" content=\"index, follow, max-snippet:-1, max-image-preview:large, max-video-preview:-1\" \/>\n<link rel=\"canonical\" href=\"https:\/\/polizeisportverein-heidelberg.de\/ja\/\u6b8b\u50cf\/\" \/>\n<meta property=\"og:locale\" content=\"ja_JP\" \/>\n<meta property=\"og:type\" content=\"article\" \/>\n<meta property=\"og:title\" content=\"Impressum - Polizeisportverein Heidelberg e.V.\" \/>\n<meta property=\"og:description\" content=\"Impressum des PSV Heidelberg.\" \/>\n<meta property=\"og:url\" content=\"https:\/\/polizeisportverein-heidelberg.de\/ja\/\u6b8b\u50cf\/\" \/>\n<meta property=\"og:site_name\" content=\"Polizeisportverein Heidelberg e.V.\" \/>\n<meta property=\"article:modified_time\" content=\"2026-04-05T19:02:42+00:00\" \/>\n<meta name=\"twitter:card\" content=\"summary_large_image\" \/>\n<meta name=\"twitter:label1\" content=\"\u63a8\u5b9a\u8aad\u307f\u53d6\u308a\u6642\u9593\" \/>\n\t<meta name=\"twitter:data1\" content=\"2\u5206\" \/>\n<script type=\"application\/ld+json\" class=\"yoast-schema-graph\">{\"@context\":\"https:\\\/\\\/schema.org\",\"@graph\":[{\"@type\":\"WebPage\",\"@id\":\"https:\\\/\\\/polizeisportverein-heidelberg.de\\\/impressum\\\/\",\"url\":\"https:\\\/\\\/polizeisportverein-heidelberg.de\\\/impressum\\\/\",\"name\":\"Impressum - Polizeisportverein Heidelberg e.V.\",\"isPartOf\":{\"@id\":\"https:\\\/\\\/polizeisportverein-heidelberg.de\\\/#website\"},\"primaryImageOfPage\":{\"@id\":\"https:\\\/\\\/polizeisportverein-heidelberg.de\\\/impressum\\\/#primaryimage\"},\"image\":{\"@id\":\"https:\\\/\\\/polizeisportverein-heidelberg.de\\\/impressum\\\/#primaryimage\"},\"thumbnailUrl\":\"http:\\\/\\\/psv-hd.de\\\/psvNeu\\\/wp-content\\\/uploads\\\/2022\\\/11\\\/arrow-up_icon.jpg\",\"datePublished\":\"2022-05-16T15:27:34+00:00\",\"dateModified\":\"2026-04-05T19:02:42+00:00\",\"description\":\"Impressum des PSV Heidelberg.\",\"breadcrumb\":{\"@id\":\"https:\\\/\\\/polizeisportverein-heidelberg.de\\\/impressum\\\/#breadcrumb\"},\"inLanguage\":\"ja\",\"potentialAction\":[{\"@type\":\"ReadAction\",\"target\":[\"https:\\\/\\\/polizeisportverein-heidelberg.de\\\/impressum\\\/\"]}]},{\"@type\":\"ImageObject\",\"inLanguage\":\"ja\",\"@id\":\"https:\\\/\\\/polizeisportverein-heidelberg.de\\\/impressum\\\/#primaryimage\",\"url\":\"http:\\\/\\\/psv-hd.de\\\/psvNeu\\\/wp-content\\\/uploads\\\/2022\\\/11\\\/arrow-up_icon.jpg\",\"contentUrl\":\"http:\\\/\\\/psv-hd.de\\\/psvNeu\\\/wp-content\\\/uploads\\\/2022\\\/11\\\/arrow-up_icon.jpg\"},{\"@type\":\"BreadcrumbList\",\"@id\":\"https:\\\/\\\/polizeisportverein-heidelberg.de\\\/impressum\\\/#breadcrumb\",\"itemListElement\":[{\"@type\":\"ListItem\",\"position\":1,\"name\":\"Start\",\"item\":\"https:\\\/\\\/polizeisportverein-heidelberg.de\\\/\"},{\"@type\":\"ListItem\",\"position\":2,\"name\":\"Impressum\"}]},{\"@type\":\"WebSite\",\"@id\":\"https:\\\/\\\/polizeisportverein-heidelberg.de\\\/#website\",\"url\":\"https:\\\/\\\/polizeisportverein-heidelberg.de\\\/\",\"name\":\"Polizeisportverein Heidelberg e.V.\",\"description\":\"Budo und Ballsport f\u00fcr jedes Alter\",\"potentialAction\":[{\"@type\":\"SearchAction\",\"target\":{\"@type\":\"EntryPoint\",\"urlTemplate\":\"https:\\\/\\\/polizeisportverein-heidelberg.de\\\/?s={search_term_string}\"},\"query-input\":{\"@type\":\"PropertyValueSpecification\",\"valueRequired\":true,\"valueName\":\"search_term_string\"}}],\"inLanguage\":\"ja\"}]}<\/script>\n<!-- \/ Yoast SEO plugin. -->","yoast_head_json":{"title":"\u30a4\u30f3\u30d7\u30ea\u30f3\u30c8 - Polizeisportverein Heidelberg e.V.","description":"PSV\u30cf\u30a4\u30c7\u30eb\u30d9\u30eb\u30af\u306e\u30a4\u30f3\u30d7\u30ea\u30f3\u30c8\u3002","robots":{"index":"index","follow":"follow","max-snippet":"max-snippet:-1","max-image-preview":"max-image-preview:large","max-video-preview":"max-video-preview:-1"},"canonical":"https:\/\/polizeisportverein-heidelberg.de\/ja\/\u6b8b\u50cf\/","og_locale":"ja_JP","og_type":"article","og_title":"Impressum - Polizeisportverein Heidelberg e.V.","og_description":"Impressum des PSV Heidelberg.","og_url":"https:\/\/polizeisportverein-heidelberg.de\/ja\/\u6b8b\u50cf\/","og_site_name":"Polizeisportverein Heidelberg e.V.","article_modified_time":"2026-04-05T19:02:42+00:00","twitter_card":"summary_large_image","twitter_misc":{"\u63a8\u5b9a\u8aad\u307f\u53d6\u308a\u6642\u9593":"2\u5206"},"schema":{"@context":"https:\/\/schema.org","@graph":[{"@type":"WebPage","@id":"https:\/\/polizeisportverein-heidelberg.de\/impressum\/","url":"https:\/\/polizeisportverein-heidelberg.de\/impressum\/","name":"\u30a4\u30f3\u30d7\u30ea\u30f3\u30c8 - Polizeisportverein Heidelberg e.V.","isPartOf":{"@id":"https:\/\/polizeisportverein-heidelberg.de\/#website"},"primaryImageOfPage":{"@id":"https:\/\/polizeisportverein-heidelberg.de\/impressum\/#primaryimage"},"image":{"@id":"https:\/\/polizeisportverein-heidelberg.de\/impressum\/#primaryimage"},"thumbnailUrl":"http:\/\/psv-hd.de\/psvNeu\/wp-content\/uploads\/2022\/11\/arrow-up_icon.jpg","datePublished":"2022-05-16T15:27:34+00:00","dateModified":"2026-04-05T19:02:42+00:00","description":"PSV\u30cf\u30a4\u30c7\u30eb\u30d9\u30eb\u30af\u306e\u30a4\u30f3\u30d7\u30ea\u30f3\u30c8\u3002","breadcrumb":{"@id":"https:\/\/polizeisportverein-heidelberg.de\/impressum\/#breadcrumb"},"inLanguage":"ja","potentialAction":[{"@type":"ReadAction","target":["https:\/\/polizeisportverein-heidelberg.de\/impressum\/"]}]},{"@type":"ImageObject","inLanguage":"ja","@id":"https:\/\/polizeisportverein-heidelberg.de\/impressum\/#primaryimage","url":"http:\/\/psv-hd.de\/psvNeu\/wp-content\/uploads\/2022\/11\/arrow-up_icon.jpg","contentUrl":"http:\/\/psv-hd.de\/psvNeu\/wp-content\/uploads\/2022\/11\/arrow-up_icon.jpg"},{"@type":"BreadcrumbList","@id":"https:\/\/polizeisportverein-heidelberg.de\/impressum\/#breadcrumb","itemListElement":[{"@type":"ListItem","position":1,"name":"Start","item":"https:\/\/polizeisportverein-heidelberg.de\/"},{"@type":"ListItem","position":2,"name":"Impressum"}]},{"@type":"WebSite","@id":"https:\/\/polizeisportverein-heidelberg.de\/#website","url":"https:\/\/polizeisportverein-heidelberg.de\/","name":"\u30cf\u30a4\u30c7\u30eb\u30d9\u30eb\u30af\u8b66\u5bdf\u30b9\u30dd\u30fc\u30c4\u30af\u30e9\u30d6","description":"\u5e74\u9f62\u3092\u554f\u308f\u305a\u697d\u3057\u3081\u308b\u6b66\u9053\u3068\u7403\u6280","potentialAction":[{"@type":"SearchAction","target":{"@type":"EntryPoint","urlTemplate":"https:\/\/polizeisportverein-heidelberg.de\/?s={search_term_string}"},"query-input":{"@type":"PropertyValueSpecification","valueRequired":true,"valueName":"search_term_string"}}],"inLanguage":"ja"}]}},"_links":{"self":[{"href":"https:\/\/polizeisportverein-heidelberg.de\/ja\/wp-json\/wp\/v2\/pages\/41","targetHints":{"allow":["GET"]}}],"collection":[{"href":"https:\/\/polizeisportverein-heidelberg.de\/ja\/wp-json\/wp\/v2\/pages"}],"about":[{"href":"https:\/\/polizeisportverein-heidelberg.de\/ja\/wp-json\/wp\/v2\/types\/page"}],"author":[{"embeddable":true,"href":"https:\/\/polizeisportverein-heidelberg.de\/ja\/wp-json\/wp\/v2\/users\/25"}],"replies":[{"embeddable":true,"href":"https:\/\/polizeisportverein-heidelberg.de\/ja\/wp-json\/wp\/v2\/comments?post=41"}],"version-history":[{"count":0,"href":"https:\/\/polizeisportverein-heidelberg.de\/ja\/wp-json\/wp\/v2\/pages\/41\/revisions"}],"wp:featuredmedia":[{"embeddable":true,"href":"https:\/\/polizeisportverein-heidelberg.de\/ja\/wp-json\/"}],"wp:attachment":[{"href":"https:\/\/polizeisportverein-heidelberg.de\/ja\/wp-json\/wp\/v2\/media?parent=41"}],"curies":[{"name":"wp","href":"https:\/\/api.w.org\/{rel}","templated":true}]}}