{"id":266,"date":"2022-07-11T09:09:28","date_gmt":"2022-07-11T07:09:28","guid":{"rendered":"http:\/\/psv-hd.de\/psvNeu\/?page_id=266"},"modified":"2026-05-10T13:54:40","modified_gmt":"2026-05-10T11:54:40","slug":"%e3%82%b3%e3%83%b3%e3%82%bf%e3%82%af%e3%83%88","status":"publish","type":"page","link":"https:\/\/polizeisportverein-heidelberg.de\/ja\/kontakt\/","title":{"rendered":"\u79c1\u305f\u3061\u3068\u9023\u7d61\u3092\u53d6\u308a\u305f\u3044\u3067\u3059\u304b\uff1f"},"content":{"rendered":"<h3 class=\"wp-block-heading\">\u3053\u3053\u306b\u306f\u5404\u90e8\u9580\u306e\u9023\u7d61\u5148\u304c\u8a18\u8f09\u3055\u308c\u3066\u3044\u307e\u3059\uff1a<\/h3>\n\n\n\n<h4 class=\"wp-block-heading\" id=\"kontakt-aikido\"><strong>\u5408\u6c17\u9053<\/strong><\/h4>\n\n\n<div class=\"psv-contact-card\" data-contact-id=\"rick-soriano\" data-role=\"trainer\" data-sport=\"aikido\" data-show-tags=\"true\" data-badge-source=\"sport,role,tag\" data-badge-order=\"sport,role,tag\"><\/div>\n\n\n\n<div style=\"height:2px\" aria-hidden=\"true\" class=\"wp-block-spacer\"><\/div>\n\n\n<div class=\"psv-contact-card\" data-contact-id=\"karl-kiening\" data-role=\"stv-abteilungsleiter\" data-sport=\"aikido\" data-show-tags=\"true\" data-role-as-position=\"true\" data-badge-source=\"sport,role,tag\" data-badge-order=\"sport,role,tag\"><\/div>\n\n\n<style>.wp-block-kadence-spacer.kt-block-spacer-266_c5ba14-5c .kt-block-spacer{height:10px;}.wp-block-kadence-spacer.kt-block-spacer-266_c5ba14-5c .kt-divider{border-top-width:1px;height:1px;border-top-color:#eee;width:80%;border-top-style:solid;}<\/style>\n<div class=\"wp-block-kadence-spacer aligncenter kt-block-spacer-266_c5ba14-5c\"><div class=\"kt-block-spacer kt-block-spacer-halign-center\"><hr class=\"kt-divider\"\/><\/div><\/div>\n\n\n\n<h4 class=\"wp-block-heading\" id=\"kontakt-handball\"><strong>\u30cf\u30f3\u30c9\u30dc\u30fc\u30eb<\/strong><\/h4>\n\n\n<div class=\"psv-contact-card\" data-contact-id=\"paul-beneke\" data-role=\"abteilungsleiter\" data-sport=\"handball\" data-show-tags=\"true\" data-badge-source=\"sport,role,tag\" data-badge-order=\"sport,role,tag\"><\/div>\n\n\n\n<div style=\"height:2px\" aria-hidden=\"true\" class=\"wp-block-spacer\"><\/div>\n\n\n<div class=\"psv-contact-card\" data-contact-id=\"philipp-theobald\" data-sport=\"handball\" data-show-tags=\"true\" data-badge-source=\"sport,role,tag\" data-badge-order=\"sport,role,tag\"><\/div>\n\n\n\n<div style=\"height:2px\" aria-hidden=\"true\" class=\"wp-block-spacer\"><\/div>\n\n\n<div class=\"psv-contact-card\" data-contact-id=\"daniel-weigel\" data-sport=\"handball\" data-show-tags=\"true\" data-badge-source=\"sport,role,tag\" data-badge-order=\"sport,role,tag\"><\/div>\n\n\n\n<div style=\"height:15px\" aria-hidden=\"true\" class=\"wp-block-spacer\"><\/div>\n\n\n\n<h4 class=\"wp-block-heading\" id=\"kontakt-iaido\"><strong>\u5c45\u5408\u9053<\/strong><\/h4>\n\n\n<div class=\"psv-contact-card\" data-contact-id=\"gregory-schott\" data-sport=\"iaido\" data-show-tags=\"true\" data-badge-source=\"sport,role,tag\" data-badge-order=\"sport,role,tag\"><\/div>\n\n\n\n<div style=\"height:15px\" aria-hidden=\"true\" class=\"wp-block-spacer\"><\/div>\n\n\n\n<h4 class=\"wp-block-heading\" id=\"kontakt-jodo\"><strong>\u57ce\u6771<\/strong><\/h4>\n\n\n<div class=\"psv-contact-card\" data-contact-id=\"matthias-wenderoth\" data-sport=\"jodo\" data-show-tags=\"true\" data-badge-source=\"sport,role,tag\" data-badge-order=\"sport,role,tag\"><\/div>\n\n\n\n<div style=\"height:15px\" aria-hidden=\"true\" class=\"wp-block-spacer\"><\/div>\n\n\n\n<h4 class=\"wp-block-heading\" id=\"kontakt-ju-jutsu\"><strong>\u67d4\u8853<\/strong><\/h4>\n\n\n<div class=\"psv-contact-card\" data-contact-id=\"uwe-reinhard\" data-sport=\"ju-jutsu\" data-show-tags=\"true\" data-badge-source=\"sport,role,tag\" data-badge-order=\"sport,role,tag\"><\/div>\n\n\n\n<div style=\"height:2px\" aria-hidden=\"true\" class=\"wp-block-spacer\"><\/div>\n\n\n<div class=\"psv-contact-card\" data-contact-id=\"sebastian-ehrhard\" data-role=\"stv-abteilungsleiter\" data-sport=\"ju-jutsu\" data-show-tags=\"true\" data-role-as-position=\"true\" data-badge-source=\"sport,role,tag\" data-badge-order=\"sport,role,tag\"><\/div>\n\n\n\n<div style=\"height:15px\" aria-hidden=\"true\" class=\"wp-block-spacer\"><\/div>\n\n\n\n<h4 class=\"wp-block-heading\" id=\"kontakt-karate\"><strong>\u7a7a\u624b<\/strong><\/h4>\n\n\n<div class=\"psv-contact-card\" data-contact-id=\"adriane-marksteiner\" data-role=\"abteilungsleiter\" data-sport=\"karate\" data-show-tags=\"true\" data-role-as-position=\"true\" data-badge-source=\"sport,role,tag\" data-badge-order=\"sport,role,tag\"><\/div>\n\n\n\n<div style=\"height:15px\" aria-hidden=\"true\" class=\"wp-block-spacer\"><\/div>\n\n\n\n<h4 class=\"wp-block-heading\" id=\"kontakt-kyudo\"><strong>\u5f13\u5ea6<\/strong><\/h4>\n\n\n<div class=\"psv-contact-card\" data-contact-id=\"johann-zeidler\" data-sport=\"kyudo\" data-show-tags=\"true\" data-badge-source=\"sport,role,tag\" data-badge-order=\"sport,role,tag\" data-email=\"email2\"><\/div>\n\n\n<div class=\"psv-contact-card\" data-contact-id=\"ulrich-meinberg\" data-role=\"stv-abteilungsleiter\" data-sport=\"kyudo\" data-show-tags=\"true\" data-role-as-position=\"true\" data-badge-source=\"sport,role,tag\" data-badge-order=\"sport,role,tag\"><\/div>\n\n\n<div class=\"psv-contact-card\" data-contact-id=\"julia-kersten\" data-role=\"ansprechpartner\" data-sport=\"kyudo\" data-show-tags=\"true\" data-role-as-position=\"true\" data-badge-source=\"sport,role,tag\" data-badge-order=\"sport,role,tag\" data-email=\"email2\"><\/div>\n\n\n\n<div style=\"height:2px\" aria-hidden=\"true\" class=\"wp-block-spacer\"><\/div>\n\n\n\n<div style=\"height:15px\" aria-hidden=\"true\" class=\"wp-block-spacer\"><\/div>\n\n\n\n<h4 class=\"wp-block-heading\" id=\"kontakt-schuetzen\"><strong>\u30d7\u30ed\u30c6\u30af\u30c8<\/strong><\/h4>\n\n\n<div class=\"psv-contact-card\" data-contact-id=\"juergen-pipgorra\" data-sport=\"schuetzen\" data-show-tags=\"true\" data-badge-source=\"sport,role,tag\" data-badge-order=\"sport,role,tag\"><\/div>\n\n\n\n<div style=\"height:15px\" aria-hidden=\"true\" class=\"wp-block-spacer\"><\/div>\n\n\n\n<h4 class=\"wp-block-heading\" id=\"kontakt-volleyball\"><strong>\u30d0\u30ec\u30fc\u30dc\u30fc\u30eb<\/strong><\/h4>\n\n\n<div class=\"psv-contact-card\" data-contact-id=\"susana-weigel\" data-sport=\"volleyball\" data-show-tags=\"true\" data-badge-source=\"sport,role,tag\" data-badge-order=\"sport,role,tag\"><\/div>\n\n\n\n<div style=\"height:15px\" aria-hidden=\"true\" class=\"wp-block-spacer\"><\/div>\n\n\n\n<h4 class=\"wp-block-heading\" id=\"kontakt-zen-meditation\"><strong>\u7985\u306e\u7791\u60f3<\/strong><\/h4>\n\n\n<div class=\"psv-contact-card\" data-contact-id=\"karl-kiening\" data-role=\"abteilungsleiter\" data-sport=\"zen-meditation\" data-show-tags=\"true\" data-role-as-position=\"true\" data-badge-source=\"sport,role,tag\" data-badge-order=\"sport,role,tag\"><\/div>\n\n\n\n<hr class=\"wp-block-separator has-alpha-channel-opacity is-style-wide\"\/>\n\n\n\n<h3 class=\"wp-block-heading\">\u4ee5\u4e0b\u306f\u57f7\u884c\u59d4\u54e1\u4f1a\u306e\u9023\u7d61\u5148\u3067\u3042\u308b\uff1a<\/h3>\n\n\n<div class=\"psv-contact-card\" data-contact-id=\"markus-krabel\" data-sport=\"aikido\" data-badge-source=\"sport,role,tag\" data-badge-order=\"sport,role,tag\" data-email=\"email2\"><\/div>\n\n\n\n<div style=\"height:2px\" aria-hidden=\"true\" class=\"wp-block-spacer\"><\/div>\n\n\n<div class=\"psv-contact-card\" data-contact-id=\"karl-kiening\" data-badge-source=\"sport,role,tag\" data-badge-order=\"sport,role,tag\"><\/div>\n\n\n\n<div style=\"height:2px\" aria-hidden=\"true\" class=\"wp-block-spacer\"><\/div>\n\n\n<div class=\"psv-contact-card\" data-contact-id=\"ulrich-meinberg\" data-badge-source=\"sport,role,tag\" data-badge-order=\"sport,role,tag\"><\/div>\n\n\n\n<div style=\"height:2px\" aria-hidden=\"true\" class=\"wp-block-spacer\"><\/div>\n\n\n<div class=\"psv-contact-card\" data-contact-id=\"andreas-drohmann\" data-sport=\"karate\" data-badge-source=\"sport,role,tag\" data-badge-order=\"sport,role,tag\" data-email=\"email2\"><\/div>\n\n\n\n<hr class=\"wp-block-separator has-alpha-channel-opacity is-style-wide\"\/>\n\n\n\n<p><\/p>\n\n\n\n<h3 class=\"wp-block-heading\">\u305d\u306e\u4ed6\u306e\u9023\u7d61\u5148<\/h3>\n\n\n<div class=\"psv-contact-card\" data-contact-id=\"ulrich-meinberg\" data-role=\"mitgliederverwaltung\" data-role-as-position=\"true\" data-badge-source=\"sport,role,tag\" data-badge-order=\"sport,role,tag\" data-email=\"email3\"><\/div>\n\n\n\n<div style=\"height:2px\" aria-hidden=\"true\" class=\"wp-block-spacer\"><\/div>\n\n\n<div class=\"psv-contact-card\" data-contact-id=\"ulrich-meinberg\" data-role=\"oeffentlichkeitsarbeit\" data-role-as-position=\"true\" data-badge-source=\"sport,role,tag\" data-badge-order=\"sport,role,tag\"><\/div>\n\n\n\n<div style=\"height:2px\" aria-hidden=\"true\" class=\"wp-block-spacer\"><\/div>\n\n\n<div class=\"psv-contact-card\" data-contact-id=\"ulrich-meinberg\" data-role=\"webmaster\" data-role-as-position=\"true\" data-badge-source=\"sport,role,tag\" data-badge-order=\"sport,role,tag\" data-email=\"email5\"><\/div>\n\n\n\n<div style=\"height:100px\" aria-hidden=\"true\" class=\"wp-block-spacer\"><\/div>","protected":false},"excerpt":{"rendered":"<p>\u5404\u90e8\u9580\u306e\u9023\u7d61\u5148\u306f\u3053\u3061\u3089\u3067\u3059\uff1a\u5408\u6c17\u9053 \u30cf\u30f3\u30c9\u30dc\u30fc\u30eb \u5c45\u5408\u9053 \u67d4\u9053 \u7a7a\u624b \u5f13\u9053 \u5c04\u6483 \u30d0\u30ec\u30fc\u30dc\u30fc\u30eb \u7985\u7791\u60f3 \u3053\u3061\u3089\u306f\u7406\u4e8b\u4f1a\u306e\u9023\u7d61\u5148\u3067\u3059\uff1a\u305d\u306e\u4ed6\u306e\u9023\u7d61\u5148<\/p>","protected":false},"author":25,"featured_media":0,"parent":0,"menu_order":0,"comment_status":"closed","ping_status":"closed","template":"","meta":{"_psv_pub_social_text":"","_psv_pub_instagram_attachment_id":0,"_psv_pub_social_image_id":0,"neve_meta_sidebar":"right","neve_meta_container":"","neve_meta_enable_content_width":"on","neve_meta_content_width":70,"neve_meta_title_alignment":"","neve_meta_author_avatar":"","neve_post_elements_order":"","neve_meta_disable_header":"","neve_meta_disable_footer":"","neve_meta_disable_title":"","neve_meta_reading_time":"","footnotes":""},"class_list":["post-266","page","type-page","status-publish","hentry"],"yoast_head":"<!-- This site is optimized with the Yoast SEO plugin v27.5 - https:\/\/yoast.com\/product\/yoast-seo-wordpress\/ -->\n<title>Sie m\u00f6chten uns kontaktieren? - Polizeisportverein Heidelberg e.V.<\/title>\n<meta name=\"description\" content=\"Kontaktpersonen f\u00fcr den Gesamtverein und die einzelnen Abteilungen freuen sich \u00fcber eine Anfrage.\" \/>\n<meta name=\"robots\" content=\"index, follow, max-snippet:-1, max-image-preview:large, max-video-preview:-1\" \/>\n<link rel=\"canonical\" href=\"https:\/\/polizeisportverein-heidelberg.de\/ja\/\u30b3\u30f3\u30bf\u30af\u30c8\/\" \/>\n<meta property=\"og:locale\" content=\"ja_JP\" \/>\n<meta property=\"og:type\" content=\"article\" \/>\n<meta property=\"og:title\" content=\"Sie m\u00f6chten uns kontaktieren? - Polizeisportverein Heidelberg e.V.\" \/>\n<meta property=\"og:description\" content=\"Kontaktpersonen f\u00fcr den Gesamtverein und die einzelnen Abteilungen freuen sich \u00fcber eine Anfrage.\" \/>\n<meta property=\"og:url\" content=\"https:\/\/polizeisportverein-heidelberg.de\/ja\/\u30b3\u30f3\u30bf\u30af\u30c8\/\" \/>\n<meta property=\"og:site_name\" content=\"Polizeisportverein Heidelberg e.V.\" \/>\n<meta property=\"article:modified_time\" content=\"2026-05-10T11:54:40+00:00\" \/>\n<meta name=\"twitter:card\" content=\"summary_large_image\" \/>\n<meta name=\"twitter:label1\" content=\"\u63a8\u5b9a\u8aad\u307f\u53d6\u308a\u6642\u9593\" \/>\n\t<meta name=\"twitter:data1\" content=\"1\u5206\" \/>\n<script type=\"application\/ld+json\" class=\"yoast-schema-graph\">{\"@context\":\"https:\\\/\\\/schema.org\",\"@graph\":[{\"@type\":\"WebPage\",\"@id\":\"https:\\\/\\\/polizeisportverein-heidelberg.de\\\/kontakt\\\/\",\"url\":\"https:\\\/\\\/polizeisportverein-heidelberg.de\\\/kontakt\\\/\",\"name\":\"Sie m\u00f6chten uns kontaktieren? - Polizeisportverein Heidelberg e.V.\",\"isPartOf\":{\"@id\":\"https:\\\/\\\/polizeisportverein-heidelberg.de\\\/#website\"},\"datePublished\":\"2022-07-11T07:09:28+00:00\",\"dateModified\":\"2026-05-10T11:54:40+00:00\",\"description\":\"Kontaktpersonen f\u00fcr den Gesamtverein und die einzelnen Abteilungen freuen sich \u00fcber eine Anfrage.\",\"breadcrumb\":{\"@id\":\"https:\\\/\\\/polizeisportverein-heidelberg.de\\\/kontakt\\\/#breadcrumb\"},\"inLanguage\":\"ja\",\"potentialAction\":[{\"@type\":\"ReadAction\",\"target\":[\"https:\\\/\\\/polizeisportverein-heidelberg.de\\\/kontakt\\\/\"]}]},{\"@type\":\"BreadcrumbList\",\"@id\":\"https:\\\/\\\/polizeisportverein-heidelberg.de\\\/kontakt\\\/#breadcrumb\",\"itemListElement\":[{\"@type\":\"ListItem\",\"position\":1,\"name\":\"Start\",\"item\":\"https:\\\/\\\/polizeisportverein-heidelberg.de\\\/\"},{\"@type\":\"ListItem\",\"position\":2,\"name\":\"Sie m\u00f6chten uns kontaktieren?\"}]},{\"@type\":\"WebSite\",\"@id\":\"https:\\\/\\\/polizeisportverein-heidelberg.de\\\/#website\",\"url\":\"https:\\\/\\\/polizeisportverein-heidelberg.de\\\/\",\"name\":\"Polizeisportverein Heidelberg e.V.\",\"description\":\"Budo und Ballsport f\u00fcr jedes Alter\",\"potentialAction\":[{\"@type\":\"SearchAction\",\"target\":{\"@type\":\"EntryPoint\",\"urlTemplate\":\"https:\\\/\\\/polizeisportverein-heidelberg.de\\\/?s={search_term_string}\"},\"query-input\":{\"@type\":\"PropertyValueSpecification\",\"valueRequired\":true,\"valueName\":\"search_term_string\"}}],\"inLanguage\":\"ja\"}]}<\/script>\n<!-- \/ Yoast SEO plugin. -->","yoast_head_json":{"title":"\u30cf\u30a4\u30c7\u30eb\u30d9\u30eb\u30af\u8b66\u5bdf\u30b9\u30dd\u30fc\u30c4\u30af\u30e9\u30d6- \u30cf\u30a4\u30c7\u30eb\u30d9\u30eb\u30af\u8b66\u5bdf\u30b9\u30dd\u30fc\u30c4\u30af\u30e9\u30d6","description":"\u30af\u30e9\u30d6\u5168\u4f53\u304a\u3088\u3073\u5404\u90e8\u9580\u306e\u62c5\u5f53\u8005\u304c\u3001\u304a\u554f\u3044\u5408\u308f\u305b\u306b\u5bfe\u5fdc\u3044\u305f\u3057\u307e\u3059\u3002","robots":{"index":"index","follow":"follow","max-snippet":"max-snippet:-1","max-image-preview":"max-image-preview:large","max-video-preview":"max-video-preview:-1"},"canonical":"https:\/\/polizeisportverein-heidelberg.de\/ja\/\u30b3\u30f3\u30bf\u30af\u30c8\/","og_locale":"ja_JP","og_type":"article","og_title":"Sie m\u00f6chten uns kontaktieren? - Polizeisportverein Heidelberg e.V.","og_description":"Kontaktpersonen f\u00fcr den Gesamtverein und die einzelnen Abteilungen freuen sich \u00fcber eine Anfrage.","og_url":"https:\/\/polizeisportverein-heidelberg.de\/ja\/\u30b3\u30f3\u30bf\u30af\u30c8\/","og_site_name":"Polizeisportverein Heidelberg e.V.","article_modified_time":"2026-05-10T11:54:40+00:00","twitter_card":"summary_large_image","twitter_misc":{"\u63a8\u5b9a\u8aad\u307f\u53d6\u308a\u6642\u9593":"1\u5206"},"schema":{"@context":"https:\/\/schema.org","@graph":[{"@type":"WebPage","@id":"https:\/\/polizeisportverein-heidelberg.de\/kontakt\/","url":"https:\/\/polizeisportverein-heidelberg.de\/kontakt\/","name":"\u30cf\u30a4\u30c7\u30eb\u30d9\u30eb\u30af\u8b66\u5bdf\u30b9\u30dd\u30fc\u30c4\u30af\u30e9\u30d6- \u30cf\u30a4\u30c7\u30eb\u30d9\u30eb\u30af\u8b66\u5bdf\u30b9\u30dd\u30fc\u30c4\u30af\u30e9\u30d6","isPartOf":{"@id":"https:\/\/polizeisportverein-heidelberg.de\/#website"},"datePublished":"2022-07-11T07:09:28+00:00","dateModified":"2026-05-10T11:54:40+00:00","description":"\u30af\u30e9\u30d6\u5168\u4f53\u304a\u3088\u3073\u5404\u90e8\u9580\u306e\u62c5\u5f53\u8005\u304c\u3001\u304a\u554f\u3044\u5408\u308f\u305b\u306b\u5bfe\u5fdc\u3044\u305f\u3057\u307e\u3059\u3002","breadcrumb":{"@id":"https:\/\/polizeisportverein-heidelberg.de\/kontakt\/#breadcrumb"},"inLanguage":"ja","potentialAction":[{"@type":"ReadAction","target":["https:\/\/polizeisportverein-heidelberg.de\/kontakt\/"]}]},{"@type":"BreadcrumbList","@id":"https:\/\/polizeisportverein-heidelberg.de\/kontakt\/#breadcrumb","itemListElement":[{"@type":"ListItem","position":1,"name":"Start","item":"https:\/\/polizeisportverein-heidelberg.de\/"},{"@type":"ListItem","position":2,"name":"Sie m\u00f6chten uns kontaktieren?"}]},{"@type":"WebSite","@id":"https:\/\/polizeisportverein-heidelberg.de\/#website","url":"https:\/\/polizeisportverein-heidelberg.de\/","name":"\u30cf\u30a4\u30c7\u30eb\u30d9\u30eb\u30af\u8b66\u5bdf\u30b9\u30dd\u30fc\u30c4\u30af\u30e9\u30d6","description":"\u5e74\u9f62\u3092\u554f\u308f\u305a\u697d\u3057\u3081\u308b\u6b66\u9053\u3068\u7403\u6280","potentialAction":[{"@type":"SearchAction","target":{"@type":"EntryPoint","urlTemplate":"https:\/\/polizeisportverein-heidelberg.de\/?s={search_term_string}"},"query-input":{"@type":"PropertyValueSpecification","valueRequired":true,"valueName":"search_term_string"}}],"inLanguage":"ja"}]}},"_links":{"self":[{"href":"https:\/\/polizeisportverein-heidelberg.de\/ja\/wp-json\/wp\/v2\/pages\/266","targetHints":{"allow":["GET"]}}],"collection":[{"href":"https:\/\/polizeisportverein-heidelberg.de\/ja\/wp-json\/wp\/v2\/pages"}],"about":[{"href":"https:\/\/polizeisportverein-heidelberg.de\/ja\/wp-json\/wp\/v2\/types\/page"}],"author":[{"embeddable":true,"href":"https:\/\/polizeisportverein-heidelberg.de\/ja\/wp-json\/wp\/v2\/users\/25"}],"replies":[{"embeddable":true,"href":"https:\/\/polizeisportverein-heidelberg.de\/ja\/wp-json\/wp\/v2\/comments?post=266"}],"version-history":[{"count":0,"href":"https:\/\/polizeisportverein-heidelberg.de\/ja\/wp-json\/wp\/v2\/pages\/266\/revisions"}],"wp:attachment":[{"href":"https:\/\/polizeisportverein-heidelberg.de\/ja\/wp-json\/wp\/v2\/media?parent=266"}],"curies":[{"name":"wp","href":"https:\/\/api.w.org\/{rel}","templated":true}]}}