{"id":2312,"date":"2022-10-27T15:33:30","date_gmt":"2022-10-27T13:33:30","guid":{"rendered":"http:\/\/psv-hd.de\/psvNeu\/?page_id=2312"},"modified":"2023-12-04T19:19:56","modified_gmt":"2023-12-04T18:19:56","slug":"%e7%a7%81%e3%81%9f%e3%81%a1%e3%81%ab%e3%81%a4%e3%81%84%e3%81%a62","status":"publish","type":"page","link":"https:\/\/polizeisportverein-heidelberg.de\/ja\/ueber-uns2\/","title":{"rendered":"\u4f1a\u793e\u6982\u8981"},"content":{"rendered":"<p>PSV\u3067\u306e\u30b9\u30dd\u30fc\u30c4\u306f\u3042\u3089\u3086\u308b\u9762\u3067\u4f53\u306b\u826f\u3044\u3002\u8eab\u4f53\u306f\u935b\u3048\u3089\u308c\u3001\u5f15\u304d\u4f38\u3070\u3055\u308c\u3001\u7cbe\u795e\u306f\u307e\u3063\u305f\u304f\u65b0\u3057\u3044\u8ab2\u984c\u306b\u6311\u6226\u3059\u308b\u3053\u3068\u3092\u8a31\u3055\u308c\u3001\u7dca\u5f35\u3068\u5f1b\u7de9\u306f\u5fc3\u306b\u3082\u6709\u76ca\u306a\u52b9\u679c\u3092\u3082\u305f\u3089\u3059\u3002<\/p>\n\n\n\n<h3 class=\"wp-block-heading\">\u4f53\u306e\u305f\u3081\u306e\u30b9\u30dd\u30fc\u30c4<\/h3>\n\n\n\n<p>\u79c1\u305f\u3061\u306e\u591a\u304f\u306f\u3001\u30c7\u30b9\u30af\u3084\u5b66\u6821\u3001\u30bd\u30d5\u30a1\u306b\u5ea7\u3063\u3066\u3044\u308b\u6642\u9593\u304c\u9577\u3059\u304e\u308b\u3002\u3057\u304b\u3057\u3001\u3069\u3093\u306a\u30b9\u30dd\u30fc\u30c4\u3067\u3082\u3001\u3069\u3093\u306a\u3084\u308a\u65b9\u3067\u3082\u3001\u540c\u3058\u3088\u3046\u306b\u5065\u5eb7\u306b\u3044\u3044\u3068\u3044\u3046\u308f\u3051\u3067\u306f\u306a\u3044\u3002PSV\u3067\u306f\u3001\u7af6\u6280\u30b9\u30dd\u30fc\u30c4\u3067\u306f\u306a\u304f\u3001\u30dd\u30d4\u30e5\u30e9\u30fc\u30b9\u30dd\u30fc\u30c4\u3092\u5b9f\u8df5\u3057\u3066\u3044\u307e\u3059\u3002\u79c1\u305f\u3061\u306f\u81ea\u5206\u306e\u4f53\u306b\u30d1\u30d5\u30a9\u30fc\u30de\u30f3\u30b9\u3092\u6c42\u3081\u307e\u3059\u304c\u3001\u30d4\u30fc\u30af\u30d1\u30d5\u30a9\u30fc\u30de\u30f3\u30b9\u306f\u6c42\u3081\u307e\u305b\u3093\u3002\u79c1\u305f\u3061\u306f\u30c8\u30ec\u30fc\u30cb\u30f3\u30b0\u3092\u697d\u3057\u307f\u3001\u6642\u306b\u306f\u983b\u7e41\u306b\u30c8\u30ec\u30fc\u30cb\u30f3\u30b0\u3092\u884c\u3044\u307e\u3059\u304c\u3001\u30d7\u30ec\u30c3\u30b7\u30e3\u30fc\u306f\u3042\u308a\u307e\u305b\u3093\u3002PSV\u304c\u63d0\u4f9b\u3059\u308b\u30b9\u30dd\u30fc\u30c4\u306f\u3001\u5168\u8eab\u3001\u6301\u4e45\u529b\u3001\u7b4b\u529b\u3092\u935b\u3048\u307e\u3059\u3002\u5b50\u4f9b\u3001\u30c6\u30a3\u30fc\u30f3\u30a8\u30a4\u30b8\u30e3\u30fc\u3001\u5927\u4eba\u306a\u3069\u3001\u3044\u3064\u3001\u3069\u306e\u3088\u3046\u306b\u59cb\u3081\u308b\u304b\u306b\u95a2\u4fc2\u306a\u304f\u3001\u500b\u4eba\u306e\u30d1\u30d5\u30a9\u30fc\u30de\u30f3\u30b9\u3092\u5411\u4e0a\u3055\u305b\u308b\u3053\u3068\u304c\u79c1\u305f\u3061\u306e\u9858\u3044\u3067\u3059\u3002<\/p>\n\n\n\n<h3 class=\"wp-block-heading\">\u5fc3\u3068\u9b42\u306e\u30b9\u30dd\u30fc\u30c4<\/h3>\n\n\n\n<p>\u30c8\u30ec\u30fc\u30cb\u30f3\u30b0\u4e2d\u306e\u9054\u6210\u611f\u3001\u904b\u52d5\u306e\u697d\u3057\u3055\u3001\u5fc3\u5730\u3088\u3044\u75b2\u52b4\u611f\u306f\u3001\u30b9\u30dd\u30fc\u30c4\u306e\u5358\u306a\u308b\u526f\u6b21\u7684\u52b9\u679c\u3067\u306f\u306a\u304f\u3001\u5fc5\u8981\u4e0d\u53ef\u6b20\u306a\u8981\u7d20\u3067\u3042\u308b\u3002\u697d\u3057\u3044\u904b\u52d5\u3060\u3051\u304c\u3001\u672c\u5f53\u306e\u76ee\u7684\u3092\u9054\u6210\u3057\u305f\u3053\u3068\u306b\u306a\u308b\u3002\u671f\u5f85\u3092\u6301\u3063\u3066\u30c8\u30ec\u30fc\u30cb\u30f3\u30b0\u306b\u81e8\u307f\u3001\u9054\u6210\u53ef\u80fd\u306a\u30c8\u30ec\u30fc\u30cb\u30f3\u30b0\u76ee\u6a19\u3092\u81ea\u5206\u3067\u8a2d\u5b9a\u3057\u3001\u3088\u308a\u30ea\u30e9\u30c3\u30af\u30b9\u3057\u3066\u3001\u3088\u308a\u697d\u3057\u304f\u3001\u3088\u308a\u30ea\u30e9\u30c3\u30af\u30b9\u3057\u3066\u5bb6\u306b\u5e30\u308b\u3053\u3068\u304c\u3067\u304d\u308c\u3070\u3001\u8eab\u4f53\u3060\u3051\u3067\u306a\u304f\u3001\u5fc3\u306b\u3082\u826f\u3044\u3053\u3068\u3092\u3057\u305f\u3053\u3068\u306b\u306a\u308b\u3002 <\/p>\n\n\n\n<h3 class=\"wp-block-heading\">\u5730\u57df\u793e\u4f1a\u306b\u304a\u3051\u308b\u30b9\u30dd\u30fc\u30c4<\/h3>\n\n\n\n<p>\u6b66\u9053\u3067\u3042\u308c\u3001\u7403\u6280\u3067\u3042\u308c\u3001\u30c8\u30ec\u30fc\u30cb\u30f3\u30b0\u304c\u884c\u308f\u308c\u308b\u30b9\u30dd\u30fc\u30c4\u30b3\u30df\u30e5\u30cb\u30c6\u30a3\u306f\u3001PSV\u306e\u3059\u3079\u3066\u306e\u90e8\u9580\u306b\u3068\u3063\u3066\u4e0d\u53ef\u6b20\u3067\u3042\u308b\u3002\u30af\u30e9\u30d6\u306b\u9577\u304f\u5728\u7c4d\u3057\u3066\u3044\u308b\u9078\u624b\u3082\u3044\u308c\u3070\u3001\u5165\u90e8\u3057\u3066\u9593\u3082\u306a\u3044\u9078\u624b\u3082\u3044\u308b\u3002\u307b\u3068\u3093\u3069\u306e\u30b0\u30eb\u30fc\u30d7\u3067\u306f\u3001\u3059\u3079\u3066\u306e\u5e74\u9f62\u5c64\u304c\u4e00\u7dd2\u306b\u30c8\u30ec\u30fc\u30cb\u30f3\u30b0\u3092\u884c\u3044\u3001\u30cf\u30f3\u30c9\u30dc\u30fc\u30eb\u30c1\u30fc\u30e0\u3092\u9664\u3044\u3066\u3001\u3059\u3079\u3066\u306e\u30c8\u30ec\u30fc\u30cb\u30f3\u30b0\u30bb\u30c3\u30b7\u30e7\u30f3\u306f\u7537\u5973\u6df7\u5408\u3067\u3059\u3002\u30af\u30e9\u30d6\u306e\u30e1\u30f3\u30d0\u30fc\u3001\u30b3\u30fc\u30c1\u3001\u30c8\u30ec\u30fc\u30ca\u30fc\u306f\u3001\u3055\u307e\u3056\u307e\u306a\u56fd\u3084\u6587\u5316\u570f\u304b\u3089\u96c6\u307e\u3063\u3066\u3044\u307e\u3059\u3002\u305d\u306e\u305f\u3081\u3001\u30b9\u30dd\u30fc\u30c4\u4f53\u9a13\u306f\u91cd\u8981\u306a\u3082\u306e\u3068\u306a\u308b\u3002\u3064\u307e\u308a\u3001\u601d\u3044\u3084\u308a\u3001\u5bdb\u5bb9\u3055\u3001\u5c0a\u656c\u306e\u5ff5\u3092\u6301\u3061\u3001\u540c\u6642\u306b\u8b72\u308a\u5408\u3044\u3001\u8b72\u308a\u5408\u3046\u3053\u3068\u3067\u3001\u4e00\u4f53\u611f\u3084\u500b\u6027\u3092\u5f37\u5316\u3059\u308b\u3053\u3068\u304c\u3067\u304d\u308b\u306e\u3060\u3002\u3053\u306e\u4fe1\u5ff5\u306b\u5171\u611f\u3057\u3066\u304f\u3060\u3055\u308b\u65b9\u306a\u3089\u3001\u3069\u306a\u305f\u3067\u3082\u5927\u6b53\u8fce\u3067\u3059\uff01<\/p>\n\n\n\n<p class=\"has-text-align-right\" id=\"btnTop\"><a onclick=\"closeOpenAccordeon()\" href=\"#top\"><strong>\u30c8\u30c3\u30d7 <\/strong><img decoding=\"async\" width=\"14\" height=\"14\" class=\"wp-image-3792\" style=\"width: 14px;\" src=\"..\/wp-content\/uploads\/2022\/11\/arrow-up_icon.jpg\" alt=\"\" srcset=\"\" sizes=\"(max-width: 14px) 100vw, 14px\" data-srcset=\"\" \/><\/a> <\/p>","protected":false},"excerpt":{"rendered":"<p>Sport beim PSV tut gut, auf jeder Ebene. Der K\u00f6rper wird trainiert und gedehnt, der Geist darf sich an ganz neuen Aufgaben erproben, und An- und Entspannung wirken sich wohltuend auch auf das Gem\u00fct aus. Sport f\u00fcr den K\u00f6rper Allen ist klar, dass Sport gut f\u00fcr den K\u00f6rper ist &#8211; viel zu Lange sitzen die meisten von uns am Schreibtisch, auf der Schulbank oder dem Sofa. Jedoch sind nicht jeder Sport und jede Art, ihn zu betreiben, gleicherma\u00dfen gesund. Beim PSV betreiben wir Breitensport statt Leistungssport &#8211; wir fordern unseren K\u00f6rpern Leistung ab, aber keine H\u00f6chstleistung. Wir trainieren gerne und teilweise auch h\u00e4ufig, aber ohne Druck. Die Sportarten, die im&hellip;&nbsp;<a href=\"https:\/\/polizeisportverein-heidelberg.de\/ja\/ueber-uns2\/\" rel=\"bookmark\">\u7d9a\u304d\u3092\u8aad\u3080 \u00bb<span class=\"screen-reader-text\">\u4f1a\u793e\u6982\u8981<\/span><\/a><\/p>","protected":false},"author":25,"featured_media":-2312,"parent":0,"menu_order":0,"comment_status":"closed","ping_status":"closed","template":"","meta":{"_psv_pub_social_text":"","_psv_pub_instagram_attachment_id":0,"_psv_pub_social_image_id":0,"neve_meta_sidebar":"right","neve_meta_container":"","neve_meta_enable_content_width":"on","neve_meta_content_width":70,"neve_meta_title_alignment":"","neve_meta_author_avatar":"","neve_post_elements_order":"","neve_meta_disable_header":"","neve_meta_disable_footer":"","neve_meta_disable_title":"","neve_meta_reading_time":"","footnotes":""},"class_list":["post-2312","page","type-page","status-publish","has-post-thumbnail","hentry"],"yoast_head":"<!-- This site is optimized with the Yoast SEO plugin v27.5 - https:\/\/yoast.com\/product\/yoast-seo-wordpress\/ -->\n<title>\u00dcber uns - Polizeisportverein Heidelberg e.V.<\/title>\n<meta name=\"description\" content=\"Sport f\u00fcr K\u00f6rper, Geist und Seele in einer starken Gemeinschaft: wir stehen f\u00fcr Werte wie R\u00fccksichtnahme, Toleranz und Respekt.\" \/>\n<meta name=\"robots\" content=\"index, follow, max-snippet:-1, max-image-preview:large, max-video-preview:-1\" \/>\n<link rel=\"canonical\" href=\"https:\/\/polizeisportverein-heidelberg.de\/ja\/\u79c1\u305f\u3061\u306b\u3064\u3044\u30662\/\" \/>\n<meta property=\"og:locale\" content=\"ja_JP\" \/>\n<meta property=\"og:type\" content=\"article\" \/>\n<meta property=\"og:title\" content=\"\u00dcber uns - Polizeisportverein Heidelberg e.V.\" \/>\n<meta property=\"og:description\" content=\"Sport f\u00fcr K\u00f6rper, Geist und Seele in einer starken Gemeinschaft: wir stehen f\u00fcr Werte wie R\u00fccksichtnahme, Toleranz und Respekt.\" \/>\n<meta property=\"og:url\" content=\"https:\/\/polizeisportverein-heidelberg.de\/ja\/\u79c1\u305f\u3061\u306b\u3064\u3044\u30662\/\" \/>\n<meta property=\"og:site_name\" content=\"Polizeisportverein Heidelberg e.V.\" \/>\n<meta property=\"article:modified_time\" content=\"2023-12-04T18:19:56+00:00\" \/>\n<meta name=\"twitter:card\" content=\"summary_large_image\" \/>\n<meta name=\"twitter:label1\" content=\"\u63a8\u5b9a\u8aad\u307f\u53d6\u308a\u6642\u9593\" \/>\n\t<meta name=\"twitter:data1\" content=\"2\u5206\" \/>\n<script type=\"application\/ld+json\" class=\"yoast-schema-graph\">{\"@context\":\"https:\\\/\\\/schema.org\",\"@graph\":[{\"@type\":\"WebPage\",\"@id\":\"https:\\\/\\\/polizeisportverein-heidelberg.de\\\/ueber-uns2\\\/\",\"url\":\"https:\\\/\\\/polizeisportverein-heidelberg.de\\\/ueber-uns2\\\/\",\"name\":\"\u00dcber uns - Polizeisportverein Heidelberg e.V.\",\"isPartOf\":{\"@id\":\"https:\\\/\\\/polizeisportverein-heidelberg.de\\\/#website\"},\"datePublished\":\"2022-10-27T13:33:30+00:00\",\"dateModified\":\"2023-12-04T18:19:56+00:00\",\"description\":\"Sport f\u00fcr K\u00f6rper, Geist und Seele in einer starken Gemeinschaft: wir stehen f\u00fcr Werte wie R\u00fccksichtnahme, Toleranz und Respekt.\",\"breadcrumb\":{\"@id\":\"https:\\\/\\\/polizeisportverein-heidelberg.de\\\/ueber-uns2\\\/#breadcrumb\"},\"inLanguage\":\"ja\",\"potentialAction\":[{\"@type\":\"ReadAction\",\"target\":[\"https:\\\/\\\/polizeisportverein-heidelberg.de\\\/ueber-uns2\\\/\"]}]},{\"@type\":\"BreadcrumbList\",\"@id\":\"https:\\\/\\\/polizeisportverein-heidelberg.de\\\/ueber-uns2\\\/#breadcrumb\",\"itemListElement\":[{\"@type\":\"ListItem\",\"position\":1,\"name\":\"Start\",\"item\":\"https:\\\/\\\/polizeisportverein-heidelberg.de\\\/\"},{\"@type\":\"ListItem\",\"position\":2,\"name\":\"\u00dcber uns\"}]},{\"@type\":\"WebSite\",\"@id\":\"https:\\\/\\\/polizeisportverein-heidelberg.de\\\/#website\",\"url\":\"https:\\\/\\\/polizeisportverein-heidelberg.de\\\/\",\"name\":\"Polizeisportverein Heidelberg e.V.\",\"description\":\"Budo und Ballsport f\u00fcr jedes Alter\",\"potentialAction\":[{\"@type\":\"SearchAction\",\"target\":{\"@type\":\"EntryPoint\",\"urlTemplate\":\"https:\\\/\\\/polizeisportverein-heidelberg.de\\\/?s={search_term_string}\"},\"query-input\":{\"@type\":\"PropertyValueSpecification\",\"valueRequired\":true,\"valueName\":\"search_term_string\"}}],\"inLanguage\":\"ja\"}]}<\/script>\n<!-- \/ Yoast SEO plugin. -->","yoast_head_json":{"title":"\u4f1a\u793e\u6982\u8981 - Polizeisportverein Heidelberg e.V.","description":"\u79c1\u305f\u3061\u306f\u3001\u601d\u3044\u3084\u308a\u306e\u5fc3\u3001\u5bdb\u5bb9\u3055\u3001\u5c0a\u656c\u306e\u5ff5\u3068\u3044\u3063\u305f\u4fa1\u5024\u89b3\u3092\u5927\u5207\u306b\u3057\u3066\u3044\u307e\u3059\u3002","robots":{"index":"index","follow":"follow","max-snippet":"max-snippet:-1","max-image-preview":"max-image-preview:large","max-video-preview":"max-video-preview:-1"},"canonical":"https:\/\/polizeisportverein-heidelberg.de\/ja\/\u79c1\u305f\u3061\u306b\u3064\u3044\u30662\/","og_locale":"ja_JP","og_type":"article","og_title":"\u00dcber uns - Polizeisportverein Heidelberg e.V.","og_description":"Sport f\u00fcr K\u00f6rper, Geist und Seele in einer starken Gemeinschaft: wir stehen f\u00fcr Werte wie R\u00fccksichtnahme, Toleranz und Respekt.","og_url":"https:\/\/polizeisportverein-heidelberg.de\/ja\/\u79c1\u305f\u3061\u306b\u3064\u3044\u30662\/","og_site_name":"Polizeisportverein Heidelberg e.V.","article_modified_time":"2023-12-04T18:19:56+00:00","twitter_card":"summary_large_image","twitter_misc":{"\u63a8\u5b9a\u8aad\u307f\u53d6\u308a\u6642\u9593":"2\u5206"},"schema":{"@context":"https:\/\/schema.org","@graph":[{"@type":"WebPage","@id":"https:\/\/polizeisportverein-heidelberg.de\/ueber-uns2\/","url":"https:\/\/polizeisportverein-heidelberg.de\/ueber-uns2\/","name":"\u4f1a\u793e\u6982\u8981 - Polizeisportverein Heidelberg e.V.","isPartOf":{"@id":"https:\/\/polizeisportverein-heidelberg.de\/#website"},"datePublished":"2022-10-27T13:33:30+00:00","dateModified":"2023-12-04T18:19:56+00:00","description":"\u79c1\u305f\u3061\u306f\u3001\u601d\u3044\u3084\u308a\u306e\u5fc3\u3001\u5bdb\u5bb9\u3055\u3001\u5c0a\u656c\u306e\u5ff5\u3068\u3044\u3063\u305f\u4fa1\u5024\u89b3\u3092\u5927\u5207\u306b\u3057\u3066\u3044\u307e\u3059\u3002","breadcrumb":{"@id":"https:\/\/polizeisportverein-heidelberg.de\/ueber-uns2\/#breadcrumb"},"inLanguage":"ja","potentialAction":[{"@type":"ReadAction","target":["https:\/\/polizeisportverein-heidelberg.de\/ueber-uns2\/"]}]},{"@type":"BreadcrumbList","@id":"https:\/\/polizeisportverein-heidelberg.de\/ueber-uns2\/#breadcrumb","itemListElement":[{"@type":"ListItem","position":1,"name":"Start","item":"https:\/\/polizeisportverein-heidelberg.de\/"},{"@type":"ListItem","position":2,"name":"\u00dcber uns"}]},{"@type":"WebSite","@id":"https:\/\/polizeisportverein-heidelberg.de\/#website","url":"https:\/\/polizeisportverein-heidelberg.de\/","name":"\u30cf\u30a4\u30c7\u30eb\u30d9\u30eb\u30af\u8b66\u5bdf\u30b9\u30dd\u30fc\u30c4\u30af\u30e9\u30d6","description":"\u5e74\u9f62\u3092\u554f\u308f\u305a\u697d\u3057\u3081\u308b\u6b66\u9053\u3068\u7403\u6280","potentialAction":[{"@type":"SearchAction","target":{"@type":"EntryPoint","urlTemplate":"https:\/\/polizeisportverein-heidelberg.de\/?s={search_term_string}"},"query-input":{"@type":"PropertyValueSpecification","valueRequired":true,"valueName":"search_term_string"}}],"inLanguage":"ja"}]}},"_links":{"self":[{"href":"https:\/\/polizeisportverein-heidelberg.de\/ja\/wp-json\/wp\/v2\/pages\/2312","targetHints":{"allow":["GET"]}}],"collection":[{"href":"https:\/\/polizeisportverein-heidelberg.de\/ja\/wp-json\/wp\/v2\/pages"}],"about":[{"href":"https:\/\/polizeisportverein-heidelberg.de\/ja\/wp-json\/wp\/v2\/types\/page"}],"author":[{"embeddable":true,"href":"https:\/\/polizeisportverein-heidelberg.de\/ja\/wp-json\/wp\/v2\/users\/25"}],"replies":[{"embeddable":true,"href":"https:\/\/polizeisportverein-heidelberg.de\/ja\/wp-json\/wp\/v2\/comments?post=2312"}],"version-history":[{"count":0,"href":"https:\/\/polizeisportverein-heidelberg.de\/ja\/wp-json\/wp\/v2\/pages\/2312\/revisions"}],"wp:featuredmedia":[{"embeddable":true,"href":"https:\/\/polizeisportverein-heidelberg.de\/ja\/wp-json\/"}],"wp:attachment":[{"href":"https:\/\/polizeisportverein-heidelberg.de\/ja\/wp-json\/wp\/v2\/media?parent=2312"}],"curies":[{"name":"wp","href":"https:\/\/api.w.org\/{rel}","templated":true}]}}