{"id":185,"date":"2022-05-19T14:50:21","date_gmt":"2022-05-19T12:50:21","guid":{"rendered":"http:\/\/psv-hd.de\/psvNeu\/?page_id=185"},"modified":"2023-12-04T19:25:15","modified_gmt":"2023-12-04T18:25:15","slug":"%e7%8f%be%e5%9c%a8%e3%81%ae%e3%82%b9%e3%83%9d%e3%83%bc%e3%83%84%e3%82%bb%e3%83%b3%e3%82%bf%e3%83%bc","status":"publish","type":"page","link":"https:\/\/polizeisportverein-heidelberg.de\/ja\/aktuelle-sportstaetten\/","title":{"rendered":"\u73fe\u5728\u306e\u30b9\u30dd\u30fc\u30c4\u65bd\u8a2d"},"content":{"rendered":"<p><\/p>\n\n\n\n<p>\u6b66\u9053\u30b9\u30dd\u30fc\u30c4 <a href=\"..\/aikido\">\u5408\u6c17\u9053<\/a>, <a href=\"..\/jodo\">\u30e8\u30fc\u30c9<\/a>, <a href=\"..\/ju-jutsu\">\u67d4\u8853<\/a>, <a href=\"..\/karate\">\u7a7a\u624b<\/a> \u305d\u3057\u3066 <a href=\"https:\/\/polizeisportverein-heidelberg.de\/kyudo\/\">\u5f13\u9053<\/a> \u30cf\u30a4\u30c7\u30eb\u30d9\u30eb\u30af\u306e\u65b0\u3057\u3044\u9053\u5834\u3067\u7a3d\u53e4\u3092\u3059\u308b\u3002\u3053\u3053\u306f\u307e\u305f\u3001\u79c1\u305f\u3061\u306e\u65b0\u3057\u3044 <a href=\"https:\/\/polizeisportverein-heidelberg.de\/zen-meditation\/\">ZEN\u7791\u60f3\u4f1a<\/a>.<br>\u6982\u8981 <a href=\"..\/trainingszeiten\">\u30c8\u30ec\u30fc\u30cb\u30f3\u30b0\u6642\u9593<\/a> \u3092\u30af\u30ea\u30c3\u30af\u3057\u3066\u304f\u3060\u3055\u3044\u3002<\/p>\n\n\n\n<div class=\"wp-block-columns is-layout-flex wp-container-core-columns-is-layout-9d6595d7 wp-block-columns-is-layout-flex\">\n<div class=\"wp-block-column is-layout-flow wp-block-column-is-layout-flow\" style=\"flex-basis:33.33%\">\n<p>\u306e\u8b1b\u5802\u3002&nbsp;<br>\u30e6\u30ea\u30a6\u30b9\u30fb\u30b9\u30d7\u30ea\u30f3\u30ac\u30fc\u30fb\u30b9\u30af\u30fc\u30eb<br>\u30a8\u30eb\u30b6\u30fb\u30d6\u30e9\u30f3\u30c9\u30b9\u30c8\u30ed\u30fc\u30e0\u901a\u308a 8<br>69126 \u30cf\u30a4\u30c7\u30eb\u30d9\u30eb\u30af<\/p>\n<\/div>\n\n\n\n<div class=\"wp-block-column is-layout-flow wp-block-column-is-layout-flow\" style=\"flex-basis:66.66%\">\n<iframe title=\"\u6577\u5730\u56f3\" src=\"https:\/\/www.google.com\/maps\/embed?pb=!1m18!1m12!1m3!1d2596.9381179817447!2d8.68218491607349!3d49.391162570998674!2m3!1f0!2f0!3f0!3m2!1i1024!2i768!4f13.1!3m3!1m2!1s0x4797c11f03991fd9%3A0xf174e2b9e9dd2b2b!2sPolizeisportverein%20Heidelberg%20e.V.%20-%20Budo%20Dojo!5e0!3m2!1sde!2sde!4v1657619471603!5m2!1sde!2sde\" width=\"600\" height=\"450\" style=\"border:0;\" allowfullscreen=\"\" loading=\"lazy\" referrerpolicy=\"no-referrer-when-downgrade\"><\/iframe>\n<\/div>\n<\/div>\n\n\n\n<hr class=\"wp-block-separator has-alpha-channel-opacity\"\/>\n\n\n\n<p>\u90e8\u9580 <a href=\"..\/kyudo\">\u5f13\u9053<\/a> \u307e\u305f\u3001\u30a4\u30f3\u30c9\u30a2\u30c6\u30cb\u30b9\u30bb\u30f3\u30bf\u30fc\u3067\u3082\u30c8\u30ec\u30fc\u30cb\u30f3\u30b0\u3092\u884c\u3063\u3066\u3044\u308b\uff1a<\/p>\n\n\n\n<div class=\"wp-block-columns is-layout-flex wp-container-core-columns-is-layout-9d6595d7 wp-block-columns-is-layout-flex\">\n<div class=\"wp-block-column is-layout-flow wp-block-column-is-layout-flow\" style=\"flex-basis:33.33%\">\n<p><strong>TSG 78 - \u30a4\u30f3\u30c9\u30a2\u30c6\u30cb\u30b9\u30bb\u30f3\u30bf\u30fc<\/strong><br>\u30c6\u30a3\u30a2\u30ac\u30eb\u30c6\u30f3\u901a\u308a9<br>69120 \u30cf\u30a4\u30c7\u30eb\u30d9\u30eb\u30af<\/p>\n<\/div>\n\n\n\n<div class=\"wp-block-column is-layout-flow wp-block-column-is-layout-flow\" style=\"flex-basis:66.66%\">\n<iframe title=\"\u6577\u5730\u56f3\" src=\"https:\/\/www.google.com\/maps\/embed?pb=!1m14!1m8!1m3!1d10382.089128107054!2d8.6605817!3d49.4179392!3m2!1i1024!2i768!4f13.1!3m3!1m2!1s0x0%3A0xeffa5774efe0e3fe!2sTSG%2078%20Heidelberg%20e.V.!5e0!3m2!1sde!2sde!4v1669277691671!5m2!1sde!2sde\" width=\"600\" height=\"450\" style=\"border:0;\" allowfullscreen=\"\" loading=\"lazy\" referrerpolicy=\"no-referrer-when-downgrade\"><\/iframe>\n<\/div>\n<\/div>\n\n\n\n<p>\u306b\u3064\u3044\u3066 <a href=\"..\/schuetzen\">\u30d7\u30ed\u30c6\u30af\u30c8<\/a> \u30cf\u30a4\u30c7\u30eb\u30d9\u30eb\u30af\u3067\u5217\u8eca\u306b\u4e57\u308b\uff1a<\/p>\n\n\n\n<div class=\"wp-block-columns is-layout-flex wp-container-core-columns-is-layout-9d6595d7 wp-block-columns-is-layout-flex\">\n<div class=\"wp-block-column is-layout-flow wp-block-column-is-layout-flow\" style=\"flex-basis:33.33%\">\n<p><strong>\u30b7\u30e5\u30fc\u30c6\u30a3\u30f3\u30b0\u30fb\u30af\u30e9\u30d6 V. 1906 e.V.<br>\u30cf\u30a4\u30c7\u30eb\u30d9\u30eb\u30af\u30fb\u30ad\u30eb\u30d2\u30cf\u30a4\u30e0<\/strong><br>\u30d6\u30eb\u30af\u30db\u30a4\u30b6\u30fc\u901a\u308a42<br>69124 \u30cf\u30a4\u30c7\u30eb\u30d9\u30eb\u30af<\/p>\n<\/div>\n\n\n\n<div class=\"wp-block-column is-layout-flow wp-block-column-is-layout-flow\" style=\"flex-basis:66.66%\">\n<iframe title=\"\u6577\u5730\u56f3\" src=\"https:\/\/www.google.com\/maps\/embed?pb=!1m14!1m8!1m3!1d5196.1250362712!2d8.653937!3d49.36989!3m2!1i1024!2i768!4f13.1!3m3!1m2!1s0x0%3A0xdabeaae6d510af26!2sSch%C3%BCtzenverein%20v.%201906%20e.V.%20Heidelberg-Kirchheim!5e0!3m2!1sde!2sus!4v1670513024287!5m2!1sde!2sus\" width=\"600\" height=\"450\" style=\"border:0;\" allowfullscreen=\"\" loading=\"lazy\" referrerpolicy=\"no-referrer-when-downgrade\"><\/iframe>\n<\/div>\n<\/div>\n\n\n\n<p>\u306b\u3064\u3044\u3066 <a href=\"..\/handball\">\u30cf\u30f3\u30c9\u30dc\u30fc\u30eb<\/a> \u305d\u3057\u3066 <a href=\"..\/volleyball\">\u30d0\u30ec\u30fc\u30dc\u30fc\u30eb<\/a> \u5404\u90e8\u9580\u306f\u30cf\u30a4\u30c7\u30eb\u30d9\u30eb\u30af\u3068\u30e9\u30a4\u30e1\u30f3\u3067\u7814\u4fee\u3092\u884c\u3046\uff1a<\/p>\n\n\n\n<div class=\"wp-block-columns is-layout-flex wp-container-core-columns-is-layout-9d6595d7 wp-block-columns-is-layout-flex\">\n<div class=\"wp-block-column is-layout-flow wp-block-column-is-layout-flow\" style=\"flex-basis:33.33%\">\n<p><strong>IGH\u30b9\u30dd\u30fc\u30c4\u30fb\u30db\u30fc\u30eb<\/strong> \u30ed\u30fc\u30eb\u30d0\u30c3\u30cf\uff0f\u30cf\u30fc\u30bc\u30f3\u30e9\u30a4\u30b6\u30fc<br>\u30d0\u30fc\u30c7\u30f3\u30fb\u30d0\u30fc\u30c7\u30ca\u30fc\u901a\u308a21<br>69126 \u30cf\u30a4\u30c7\u30eb\u30d9\u30eb\u30af<\/p>\n\n\n\n<p>\u5165\u308a\u53e3\uff1a\u7ba1\u7406\u4eba\u306e\u3068\u3053\u308d\u3001\u30b5\u30c3\u30ab\u30fc\u30b1\u30fc\u30b8\u8fd1\u304f\uff01<\/p>\n<\/div>\n\n\n\n<div class=\"wp-block-column is-layout-flow wp-block-column-is-layout-flow\" style=\"flex-basis:66.66%\">\n<iframe title=\"\u6577\u5730\u56f3\" src=\"https:\/\/www.google.com\/maps\/embed?pb=!1m14!1m8!1m3!1d10390.775398629965!2d8.6787801!3d49.3768656!3m2!1i1024!2i768!4f13.1!3m3!1m2!1s0x0%3A0x8a417bd4aa6c7cd0!2sIGH%20Sporthalle%20Hasenleiser!5e0!3m2!1sde!2sde!4v1669277752523!5m2!1sde!2sde\" width=\"600\" height=\"450\" style=\"border:0;\" allowfullscreen=\"\" loading=\"lazy\" referrerpolicy=\"no-referrer-when-downgrade\"><\/iframe>\n<\/div>\n<\/div>\n\n\n\n<div class=\"wp-block-columns is-layout-flex wp-container-core-columns-is-layout-9d6595d7 wp-block-columns-is-layout-flex\">\n<div class=\"wp-block-column is-layout-flow wp-block-column-is-layout-flow\" style=\"flex-basis:33.33%\">\n<p><strong>\u306e\u30b9\u30dd\u30fc\u30c4\u30db\u30fc\u30eb<br>\u30da\u30b9\u30bf\u30ed\u30c3\u30c1\u5c0f\u5b66\u6821<\/strong><br>\u30ec\u30fc\u30de\u30fc\u901a\u308a77<br>69115 \u30cf\u30a4\u30c7\u30eb\u30d9\u30eb\u30af<\/p>\n\n\n\n<p>\u884c\u304d\u65b9\u3068\u5165\u308a\u53e3\uff1a\u30a6\u30a3\u30ea\u30fc\u30fb\u30d8\u30eb\u30d1\u30c3\u30af\u30fb\u30b9\u30af\u30fc\u30eb\u306e\u99d0\u8eca\u5834\u304b\u3089\u3002<\/p>\n<\/div>\n\n\n\n<div class=\"wp-block-column is-layout-flow wp-block-column-is-layout-flow\" style=\"flex-basis:66.66%\">\n<iframe title=\"\u6577\u5730\u56f3\" src=\"https:\/\/www.google.com\/maps\/embed?pb=!1m14!1m8!1m3!1d10386.446169250625!2d8.6876803!3d49.3973398!3m2!1i1024!2i768!4f13.1!3m3!1m2!1s0x0%3A0x653495ff54478843!2sPestalozzischule%20Heidelberg!5e0!3m2!1sde!2sde!4v1669277781132!5m2!1sde!2sde\" width=\"600\" height=\"450\" style=\"border:0;\" allowfullscreen=\"\" loading=\"lazy\" referrerpolicy=\"no-referrer-when-downgrade\"><\/iframe>\n<\/div>\n<\/div>\n\n\n\n<div class=\"wp-block-columns is-layout-flex wp-container-core-columns-is-layout-9d6595d7 wp-block-columns-is-layout-flex\">\n<div class=\"wp-block-column is-layout-flow wp-block-column-is-layout-flow\" style=\"flex-basis:33.33%\">\n<p><strong>\u30b9\u30dd\u30eb\u30c8\u30d1\u30eb\u30af\u30cf\u30ec\u30fb\u30e9\u30a4\u30e1\u30f3<\/strong><br>\u30da\u30fc\u30bf\u30fc\u30fb\u30c7\u30a3\u30bb\u30b0\u30ca\u901a\u308a1<br>69181 \u30e9\u30a4\u30e1\u30f3<\/p>\n<\/div>\n\n\n\n<div class=\"wp-block-column is-layout-flow wp-block-column-is-layout-flow\" style=\"flex-basis:66.66%\">\n<iframe title=\"\u6577\u5730\u56f3\" src=\"https:\/\/www.google.com\/maps\/embed?pb=!1m14!1m8!1m3!1d10398.373681561628!2d8.6884815!3d49.3409159!3m2!1i1024!2i768!4f13.1!3m3!1m2!1s0x0%3A0x9b1fca0c1816df83!2sSportparkhalle%2C%20Leimen!5e0!3m2!1sde!2sde!4v1669277800933!5m2!1sde!2sde\" width=\"600\" height=\"450\" style=\"border:0;\" allowfullscreen=\"\" loading=\"lazy\" referrerpolicy=\"no-referrer-when-downgrade\"><\/iframe>\n<\/div>\n<\/div>\n\n\n\n<p class=\"has-text-align-right\" id=\"btnTop\"><a onclick=\"closeOpenAccordeon()\" href=\"#top\"><strong>\u30c8\u30c3\u30d7 <\/strong><img decoding=\"async\" width=\"14\" height=\"14\" class=\"wp-image-3792\" style=\"width: 14px;\" src=\"..\/wp-content\/uploads\/2022\/11\/arrow-up_icon.jpg\" alt=\"\" srcset=\"\" sizes=\"(max-width: 14px) 100vw, 14px\" data-srcset=\"\" \/><\/a> <\/p>","protected":false},"excerpt":{"rendered":"<p>Unsere Budo-Sportarten Aikido, Jod\u014d, Ju-Jutsu, Karate und Kyudo trainieren in unserem neuen Dojo in Heidelberg. Hier trifft sich ebenfalls unsere neue ZEN Meditationsgruppe.Einen \u00dcberblick \u00fcber die Trainingszeiten gibt es mit Klick auf den Termin. Auditorium der&nbsp;Julius-Springer-SchuleElsa-Brandstr\u00f6m-Stra\u00dfe 869126 Heidelberg Die Abteilung Kyudo trainiert auch in einer Tennishalle: TSG 78 \u2013 TennishalleTiergartenstra\u00dfe 969120 Heidelberg Die Sch\u00fctzen trainieren in Heidelberg: Sch\u00fctzenverein v. 1906 e.V.Heidelberg-KirchheimBruchh\u00e4user Weg 4269124 Heidelberg Die Handball und Volleyball Abteilungen trainieren in Heidelberg und Leimen: IGH Sporthalle Rohrbach\/HasenleiserBaden-Badener-Str. 2169126 Heidelberg Eingang: Beim Hausmeister, H\u00f6he Fu\u00dfball-K\u00e4fig! Sporthalle derPestalozzi-GrundschuleR\u00f6merstra\u00dfe 7769115 Heidelberg Anfahrt und Eingang: \u00fcber den Parkplatz der Willy-Helpach-Schule Sportparkhalle LeimenPeter-Disegna-Weg 169181 Leimen Top<\/p>","protected":false},"author":25,"featured_media":-185,"parent":0,"menu_order":0,"comment_status":"closed","ping_status":"closed","template":"","meta":{"_psv_pub_social_text":"","_psv_pub_instagram_attachment_id":0,"_psv_pub_social_image_id":0,"neve_meta_sidebar":"right","neve_meta_container":"","neve_meta_enable_content_width":"on","neve_meta_content_width":70,"neve_meta_title_alignment":"","neve_meta_author_avatar":"","neve_post_elements_order":"","neve_meta_disable_header":"","neve_meta_disable_footer":"","neve_meta_disable_title":"","neve_meta_reading_time":"","footnotes":""},"class_list":["post-185","page","type-page","status-publish","has-post-thumbnail","hentry"],"yoast_head":"<!-- This site is optimized with the Yoast SEO plugin v27.5 - https:\/\/yoast.com\/product\/yoast-seo-wordpress\/ -->\n<title>Aktuelle Sportst\u00e4tten - Polizeisportverein Heidelberg e.V.<\/title>\n<meta name=\"description\" content=\"Unsere Abteilungen trainieren in insgesamt f\u00fcnf Hallen in Heidelberg und Umgebung. Hier finden Sie Adressen und Lagepl\u00e4ne der Sportst\u00e4tten des PSV.\" \/>\n<meta name=\"robots\" content=\"index, follow, max-snippet:-1, max-image-preview:large, max-video-preview:-1\" \/>\n<link rel=\"canonical\" href=\"https:\/\/polizeisportverein-heidelberg.de\/ja\/\u73fe\u5728\u306e\u30b9\u30dd\u30fc\u30c4\u30bb\u30f3\u30bf\u30fc\/\" \/>\n<meta property=\"og:locale\" content=\"ja_JP\" \/>\n<meta property=\"og:type\" content=\"article\" \/>\n<meta property=\"og:title\" content=\"Aktuelle Sportst\u00e4tten - Polizeisportverein Heidelberg e.V.\" \/>\n<meta property=\"og:description\" content=\"Unsere Abteilungen trainieren in insgesamt f\u00fcnf Hallen in Heidelberg und Umgebung. Hier finden Sie Adressen und Lagepl\u00e4ne der Sportst\u00e4tten des PSV.\" \/>\n<meta property=\"og:url\" content=\"https:\/\/polizeisportverein-heidelberg.de\/ja\/\u73fe\u5728\u306e\u30b9\u30dd\u30fc\u30c4\u30bb\u30f3\u30bf\u30fc\/\" \/>\n<meta property=\"og:site_name\" content=\"Polizeisportverein Heidelberg e.V.\" \/>\n<meta property=\"article:modified_time\" content=\"2023-12-04T18:25:15+00:00\" \/>\n<meta name=\"twitter:card\" content=\"summary_large_image\" \/>\n<meta name=\"twitter:label1\" content=\"\u63a8\u5b9a\u8aad\u307f\u53d6\u308a\u6642\u9593\" \/>\n\t<meta name=\"twitter:data1\" content=\"1\u5206\" \/>\n<script type=\"application\/ld+json\" class=\"yoast-schema-graph\">{\"@context\":\"https:\\\/\\\/schema.org\",\"@graph\":[{\"@type\":\"WebPage\",\"@id\":\"https:\\\/\\\/polizeisportverein-heidelberg.de\\\/aktuelle-sportstaetten\\\/\",\"url\":\"https:\\\/\\\/polizeisportverein-heidelberg.de\\\/aktuelle-sportstaetten\\\/\",\"name\":\"Aktuelle Sportst\u00e4tten - Polizeisportverein Heidelberg e.V.\",\"isPartOf\":{\"@id\":\"https:\\\/\\\/polizeisportverein-heidelberg.de\\\/#website\"},\"datePublished\":\"2022-05-19T12:50:21+00:00\",\"dateModified\":\"2023-12-04T18:25:15+00:00\",\"description\":\"Unsere Abteilungen trainieren in insgesamt f\u00fcnf Hallen in Heidelberg und Umgebung. Hier finden Sie Adressen und Lagepl\u00e4ne der Sportst\u00e4tten des PSV.\",\"breadcrumb\":{\"@id\":\"https:\\\/\\\/polizeisportverein-heidelberg.de\\\/aktuelle-sportstaetten\\\/#breadcrumb\"},\"inLanguage\":\"ja\",\"potentialAction\":[{\"@type\":\"ReadAction\",\"target\":[\"https:\\\/\\\/polizeisportverein-heidelberg.de\\\/aktuelle-sportstaetten\\\/\"]}]},{\"@type\":\"BreadcrumbList\",\"@id\":\"https:\\\/\\\/polizeisportverein-heidelberg.de\\\/aktuelle-sportstaetten\\\/#breadcrumb\",\"itemListElement\":[{\"@type\":\"ListItem\",\"position\":1,\"name\":\"Start\",\"item\":\"https:\\\/\\\/polizeisportverein-heidelberg.de\\\/\"},{\"@type\":\"ListItem\",\"position\":2,\"name\":\"Aktuelle Sportst\u00e4tten\"}]},{\"@type\":\"WebSite\",\"@id\":\"https:\\\/\\\/polizeisportverein-heidelberg.de\\\/#website\",\"url\":\"https:\\\/\\\/polizeisportverein-heidelberg.de\\\/\",\"name\":\"Polizeisportverein Heidelberg e.V.\",\"description\":\"Budo und Ballsport f\u00fcr jedes Alter\",\"potentialAction\":[{\"@type\":\"SearchAction\",\"target\":{\"@type\":\"EntryPoint\",\"urlTemplate\":\"https:\\\/\\\/polizeisportverein-heidelberg.de\\\/?s={search_term_string}\"},\"query-input\":{\"@type\":\"PropertyValueSpecification\",\"valueRequired\":true,\"valueName\":\"search_term_string\"}}],\"inLanguage\":\"ja\"}]}<\/script>\n<!-- \/ Yoast SEO plugin. -->","yoast_head_json":{"title":"\u73fe\u5728\u306e\u30b9\u30dd\u30fc\u30c4\u65bd\u8a2d - Polizeisportverein Heidelberg e.V.","description":"PSV\u306e\u5404\u90e8\u9580\u306f\u3001\u30cf\u30a4\u30c7\u30eb\u30d9\u30eb\u30af\u3068\u305d\u306e\u5468\u8fba\u5730\u57df\u306b\u3042\u308b\u5408\u8a085\u3064\u306e\u30db\u30fc\u30eb\u3067\u30c8\u30ec\u30fc\u30cb\u30f3\u30b0\u3092\u884c\u3063\u3066\u3044\u307e\u3059\u3002\u3053\u3053\u3067\u306f\u3001PSV\u306e\u30b9\u30dd\u30fc\u30c4\u65bd\u8a2d\u306e\u4f4f\u6240\u3068\u5730\u56f3\u3092\u3054\u89a7\u3044\u305f\u3060\u3051\u307e\u3059\u3002","robots":{"index":"index","follow":"follow","max-snippet":"max-snippet:-1","max-image-preview":"max-image-preview:large","max-video-preview":"max-video-preview:-1"},"canonical":"https:\/\/polizeisportverein-heidelberg.de\/ja\/\u73fe\u5728\u306e\u30b9\u30dd\u30fc\u30c4\u30bb\u30f3\u30bf\u30fc\/","og_locale":"ja_JP","og_type":"article","og_title":"Aktuelle Sportst\u00e4tten - Polizeisportverein Heidelberg e.V.","og_description":"Unsere Abteilungen trainieren in insgesamt f\u00fcnf Hallen in Heidelberg und Umgebung. Hier finden Sie Adressen und Lagepl\u00e4ne der Sportst\u00e4tten des PSV.","og_url":"https:\/\/polizeisportverein-heidelberg.de\/ja\/\u73fe\u5728\u306e\u30b9\u30dd\u30fc\u30c4\u30bb\u30f3\u30bf\u30fc\/","og_site_name":"Polizeisportverein Heidelberg e.V.","article_modified_time":"2023-12-04T18:25:15+00:00","twitter_card":"summary_large_image","twitter_misc":{"\u63a8\u5b9a\u8aad\u307f\u53d6\u308a\u6642\u9593":"1\u5206"},"schema":{"@context":"https:\/\/schema.org","@graph":[{"@type":"WebPage","@id":"https:\/\/polizeisportverein-heidelberg.de\/aktuelle-sportstaetten\/","url":"https:\/\/polizeisportverein-heidelberg.de\/aktuelle-sportstaetten\/","name":"\u73fe\u5728\u306e\u30b9\u30dd\u30fc\u30c4\u65bd\u8a2d - Polizeisportverein Heidelberg e.V.","isPartOf":{"@id":"https:\/\/polizeisportverein-heidelberg.de\/#website"},"datePublished":"2022-05-19T12:50:21+00:00","dateModified":"2023-12-04T18:25:15+00:00","description":"PSV\u306e\u5404\u90e8\u9580\u306f\u3001\u30cf\u30a4\u30c7\u30eb\u30d9\u30eb\u30af\u3068\u305d\u306e\u5468\u8fba\u5730\u57df\u306b\u3042\u308b\u5408\u8a085\u3064\u306e\u30db\u30fc\u30eb\u3067\u30c8\u30ec\u30fc\u30cb\u30f3\u30b0\u3092\u884c\u3063\u3066\u3044\u307e\u3059\u3002\u3053\u3053\u3067\u306f\u3001PSV\u306e\u30b9\u30dd\u30fc\u30c4\u65bd\u8a2d\u306e\u4f4f\u6240\u3068\u5730\u56f3\u3092\u3054\u89a7\u3044\u305f\u3060\u3051\u307e\u3059\u3002","breadcrumb":{"@id":"https:\/\/polizeisportverein-heidelberg.de\/aktuelle-sportstaetten\/#breadcrumb"},"inLanguage":"ja","potentialAction":[{"@type":"ReadAction","target":["https:\/\/polizeisportverein-heidelberg.de\/aktuelle-sportstaetten\/"]}]},{"@type":"BreadcrumbList","@id":"https:\/\/polizeisportverein-heidelberg.de\/aktuelle-sportstaetten\/#breadcrumb","itemListElement":[{"@type":"ListItem","position":1,"name":"Start","item":"https:\/\/polizeisportverein-heidelberg.de\/"},{"@type":"ListItem","position":2,"name":"Aktuelle Sportst\u00e4tten"}]},{"@type":"WebSite","@id":"https:\/\/polizeisportverein-heidelberg.de\/#website","url":"https:\/\/polizeisportverein-heidelberg.de\/","name":"\u30cf\u30a4\u30c7\u30eb\u30d9\u30eb\u30af\u8b66\u5bdf\u30b9\u30dd\u30fc\u30c4\u30af\u30e9\u30d6","description":"\u5e74\u9f62\u3092\u554f\u308f\u305a\u697d\u3057\u3081\u308b\u6b66\u9053\u3068\u7403\u6280","potentialAction":[{"@type":"SearchAction","target":{"@type":"EntryPoint","urlTemplate":"https:\/\/polizeisportverein-heidelberg.de\/?s={search_term_string}"},"query-input":{"@type":"PropertyValueSpecification","valueRequired":true,"valueName":"search_term_string"}}],"inLanguage":"ja"}]}},"_links":{"self":[{"href":"https:\/\/polizeisportverein-heidelberg.de\/ja\/wp-json\/wp\/v2\/pages\/185","targetHints":{"allow":["GET"]}}],"collection":[{"href":"https:\/\/polizeisportverein-heidelberg.de\/ja\/wp-json\/wp\/v2\/pages"}],"about":[{"href":"https:\/\/polizeisportverein-heidelberg.de\/ja\/wp-json\/wp\/v2\/types\/page"}],"author":[{"embeddable":true,"href":"https:\/\/polizeisportverein-heidelberg.de\/ja\/wp-json\/wp\/v2\/users\/25"}],"replies":[{"embeddable":true,"href":"https:\/\/polizeisportverein-heidelberg.de\/ja\/wp-json\/wp\/v2\/comments?post=185"}],"version-history":[{"count":0,"href":"https:\/\/polizeisportverein-heidelberg.de\/ja\/wp-json\/wp\/v2\/pages\/185\/revisions"}],"wp:featuredmedia":[{"embeddable":true,"href":"https:\/\/polizeisportverein-heidelberg.de\/ja\/wp-json\/"}],"wp:attachment":[{"href":"https:\/\/polizeisportverein-heidelberg.de\/ja\/wp-json\/wp\/v2\/media?parent=185"}],"curies":[{"name":"wp","href":"https:\/\/api.w.org\/{rel}","templated":true}]}}