{"id":8,"date":"2022-05-16T17:17:02","date_gmt":"2022-05-16T15:17:02","guid":{"rendered":"http:\/\/psv-hd.de\/psvNeu\/?page_id=8"},"modified":"2025-09-13T20:53:54","modified_gmt":"2025-09-13T18:53:54","slug":"overview-sports","status":"publish","type":"page","link":"https:\/\/polizeisportverein-heidelberg.de\/en\/uebersicht-sportarten\/","title":{"rendered":"Divisions"},"content":{"rendered":"<h2 class=\"wp-block-heading\">Martial arts<\/h2>\n\n\n\n<style>h2 {margin-bottom: 0px !important;}<\/style>\n\n\n\n<hr class=\"wp-block-separator has-alpha-channel-opacity\"\/>\n\n\n\n<div class=\"wp-block-columns is-layout-flex wp-container-core-columns-is-layout-9d6595d7 wp-block-columns-is-layout-flex\">\n<div class=\"wp-block-column is-layout-flow wp-block-column-is-layout-flow\">\n<h4 class=\"wp-block-heading\">Aikido<\/h4>\n\n\n\n<figure class=\"wp-block-image size-full\" id=\"sportartBildLink\"><img decoding=\"async\" width=\"800\" height=\"532\" src=\"https:\/\/polizeisportverein-heidelberg.de\/wp-content\/uploads\/2025\/09\/Aikido_HD-35-Front.jpg\" alt=\"Aikido - &quot;The way of harmony and power&quot;\" class=\"wp-image-12894\" srcset=\"https:\/\/polizeisportverein-heidelberg.de\/wp-content\/uploads\/2025\/09\/Aikido_HD-35-Front.jpg 800w, https:\/\/polizeisportverein-heidelberg.de\/wp-content\/uploads\/2025\/09\/Aikido_HD-35-Front-300x200.jpg 300w, https:\/\/polizeisportverein-heidelberg.de\/wp-content\/uploads\/2025\/09\/Aikido_HD-35-Front-768x511.jpg 768w, https:\/\/polizeisportverein-heidelberg.de\/wp-content\/uploads\/2025\/09\/Aikido_HD-35-Front-18x12.jpg 18w\" sizes=\"(max-width: 800px) 100vw, 800px\" \/><\/figure>\n<\/div>\n\n\n\n<div class=\"wp-block-column is-layout-flow wp-block-column-is-layout-flow\">\n<h4 class=\"wp-block-heading\">Iaido<\/h4>\n\n\n\n<figure class=\"wp-block-image size-full\"><a href=\"https:\/\/polizeisportverein-heidelberg.de\/iaido\/\"><img decoding=\"async\" width=\"799\" height=\"534\" src=\"https:\/\/polizeisportverein-heidelberg.de\/wp-content\/uploads\/2025\/05\/IMG-20250526-WA0009-small.jpg\" alt=\"\" class=\"wp-image-12231\" srcset=\"https:\/\/polizeisportverein-heidelberg.de\/wp-content\/uploads\/2025\/05\/IMG-20250526-WA0009-small.jpg 799w, https:\/\/polizeisportverein-heidelberg.de\/wp-content\/uploads\/2025\/05\/IMG-20250526-WA0009-small-300x201.jpg 300w, https:\/\/polizeisportverein-heidelberg.de\/wp-content\/uploads\/2025\/05\/IMG-20250526-WA0009-small-768x513.jpg 768w, https:\/\/polizeisportverein-heidelberg.de\/wp-content\/uploads\/2025\/05\/IMG-20250526-WA0009-small-18x12.jpg 18w\" sizes=\"(max-width: 799px) 100vw, 799px\" \/><\/a><\/figure>\n<\/div>\n\n\n\n<div class=\"wp-block-column is-layout-flow wp-block-column-is-layout-flow\">\n<h4 class=\"wp-block-heading\">J\u014dd\u014d<\/h4>\n\n\n\n<figure class=\"wp-block-image size-full\"><a href=\"https:\/\/polizeisportverein-heidelberg.de\/jodo\/\"><img decoding=\"async\" width=\"800\" height=\"533\" src=\"https:\/\/polizeisportverein-heidelberg.de\/wp-content\/uploads\/2025\/03\/IMG_7953-edited.jpg\" alt=\"J\u014dd\u014d - The way of the stick\" class=\"wp-image-11999\" srcset=\"https:\/\/polizeisportverein-heidelberg.de\/wp-content\/uploads\/2025\/03\/IMG_7953-edited.jpg 800w, https:\/\/polizeisportverein-heidelberg.de\/wp-content\/uploads\/2025\/03\/IMG_7953-edited-300x200.jpg 300w, https:\/\/polizeisportverein-heidelberg.de\/wp-content\/uploads\/2025\/03\/IMG_7953-edited-768x512.jpg 768w, https:\/\/polizeisportverein-heidelberg.de\/wp-content\/uploads\/2025\/03\/IMG_7953-edited-18x12.jpg 18w\" sizes=\"(max-width: 800px) 100vw, 800px\" \/><\/a><\/figure>\n<\/div>\n<\/div>\n\n\n\n<div class=\"wp-block-columns is-layout-flex wp-container-core-columns-is-layout-9d6595d7 wp-block-columns-is-layout-flex\">\n<div class=\"wp-block-column is-layout-flow wp-block-column-is-layout-flow\">\n<h4 class=\"wp-block-heading\">Judo<\/h4>\n\n\n\n<figure class=\"wp-block-image size-full\"><a href=\"https:\/\/polizeisportverein-heidelberg.de\/judo\/\"><img decoding=\"async\" width=\"800\" height=\"535\" src=\"..\/wp-content\/uploads\/2022\/10\/Startpage_Ju-Jutsu2.jpg\" alt=\"Judo - &quot;The gentle way&quot;\" class=\"wp-image-2202\" srcset=\"\" sizes=\"(max-width: 800px) 100vw, 800px\" data-srcset=\"\" \/><\/a><\/figure>\n<\/div>\n\n\n\n<div class=\"wp-block-column is-layout-flow wp-block-column-is-layout-flow\">\n<h4 class=\"wp-block-heading\">Ju-Jutsu<\/h4>\n\n\n\n<figure class=\"wp-block-image size-full\"><a href=\"https:\/\/polizeisportverein-heidelberg.de\/de\/ju-jutsu-2\/\"><img decoding=\"async\" width=\"800\" height=\"535\" src=\"https:\/\/polizeisportverein-heidelberg.de\/wp-content\/uploads\/2023\/06\/04-IMG_9509_be.jpg\" alt=\"Ju-Jutsu - &quot;The modern, open self-defence system&quot;\" class=\"wp-image-5491\" srcset=\"https:\/\/polizeisportverein-heidelberg.de\/wp-content\/uploads\/2023\/06\/04-IMG_9509_be.jpg 800w, https:\/\/polizeisportverein-heidelberg.de\/wp-content\/uploads\/2023\/06\/04-IMG_9509_be-300x201.jpg 300w, https:\/\/polizeisportverein-heidelberg.de\/wp-content\/uploads\/2023\/06\/04-IMG_9509_be-768x514.jpg 768w, https:\/\/polizeisportverein-heidelberg.de\/wp-content\/uploads\/2023\/06\/04-IMG_9509_be-18x12.jpg 18w\" sizes=\"(max-width: 800px) 100vw, 800px\" \/><\/a><figcaption class=\"wp-element-caption\">Photo: Christian Schmidt<\/figcaption><\/figure>\n<\/div>\n\n\n\n<div class=\"wp-block-column is-layout-flow wp-block-column-is-layout-flow\">\n<h4 class=\"wp-block-heading\">Karate<\/h4>\n\n\n\n<figure class=\"wp-block-image size-full\"><a href=\"https:\/\/polizeisportverein-heidelberg.de\/karate\/\"><img decoding=\"async\" width=\"798\" height=\"533\" src=\"https:\/\/polizeisportverein-heidelberg.de\/wp-content\/uploads\/2023\/03\/dsf9451.jpg\" alt=\"\" class=\"wp-image-5040\" srcset=\"https:\/\/polizeisportverein-heidelberg.de\/wp-content\/uploads\/2023\/03\/dsf9451.jpg 798w, https:\/\/polizeisportverein-heidelberg.de\/wp-content\/uploads\/2023\/03\/dsf9451-300x200.jpg 300w, https:\/\/polizeisportverein-heidelberg.de\/wp-content\/uploads\/2023\/03\/dsf9451-768x513.jpg 768w, https:\/\/polizeisportverein-heidelberg.de\/wp-content\/uploads\/2023\/03\/dsf9451-18x12.jpg 18w, https:\/\/polizeisportverein-heidelberg.de\/wp-content\/uploads\/2023\/03\/dsf9451-620x415.jpg 620w, https:\/\/polizeisportverein-heidelberg.de\/wp-content\/uploads\/2023\/03\/dsf9451-400x268.jpg 400w\" sizes=\"(max-width: 798px) 100vw, 798px\" \/><\/a><\/figure>\n<\/div>\n<\/div>\n\n\n\n<div class=\"wp-block-columns is-layout-flex wp-container-core-columns-is-layout-9d6595d7 wp-block-columns-is-layout-flex\">\n<div class=\"wp-block-column is-layout-flow wp-block-column-is-layout-flow\">\n<h4 class=\"wp-block-heading\">Ky\u016bd\u014d<\/h4>\n\n\n\n<figure class=\"wp-block-image size-full\"><a href=\"https:\/\/polizeisportverein-heidelberg.de\/kyudo\/\"><img decoding=\"async\" width=\"800\" height=\"534\" src=\"https:\/\/polizeisportverein-heidelberg.de\/wp-content\/uploads\/2025\/02\/b829f1d0.jpg\" alt=\"Ky\u016bd\u00f5 - &quot;The art of Japanese archery&quot;\" class=\"wp-image-7586\" srcset=\"https:\/\/polizeisportverein-heidelberg.de\/wp-content\/uploads\/2025\/02\/b829f1d0.jpg 800w, https:\/\/polizeisportverein-heidelberg.de\/wp-content\/uploads\/2025\/02\/b829f1d0-300x200.jpg 300w, https:\/\/polizeisportverein-heidelberg.de\/wp-content\/uploads\/2025\/02\/b829f1d0-768x513.jpg 768w, https:\/\/polizeisportverein-heidelberg.de\/wp-content\/uploads\/2025\/02\/b829f1d0-18x12.jpg 18w, https:\/\/polizeisportverein-heidelberg.de\/wp-content\/uploads\/2025\/02\/b829f1d0-620x413.jpg 620w, https:\/\/polizeisportverein-heidelberg.de\/wp-content\/uploads\/2025\/02\/b829f1d0-400x267.jpg 400w\" sizes=\"(max-width: 800px) 100vw, 800px\" \/><\/a><\/figure>\n<\/div>\n\n\n\n<div class=\"wp-block-column is-layout-flow wp-block-column-is-layout-flow\">\n<h4 class=\"wp-block-heading\"><\/h4>\n<\/div>\n\n\n\n<div class=\"wp-block-column is-layout-flow wp-block-column-is-layout-flow\">\n<h4 class=\"wp-block-heading\"><\/h4>\n<\/div>\n<\/div>\n\n\n\n<h2 class=\"wp-block-heading\">Ball sports<\/h2>\n\n\n\n<hr class=\"wp-block-separator has-alpha-channel-opacity\"\/>\n\n\n\n<div class=\"wp-block-columns is-layout-flex wp-container-core-columns-is-layout-9d6595d7 wp-block-columns-is-layout-flex\">\n<div class=\"wp-block-column is-layout-flow wp-block-column-is-layout-flow\">\n<h4 class=\"wp-block-heading\">Handball<\/h4>\n\n\n\n<figure class=\"wp-block-image size-full\"><a href=\"https:\/\/polizeisportverein-heidelberg.de\/handball\"><img decoding=\"async\" width=\"800\" height=\"535\" src=\"..\/wp-content\/uploads\/2022\/10\/Startpage_Handball2.jpg\" alt=\"Handball - &quot;dynamic team sport&quot;\" class=\"wp-image-2200\" srcset=\"\" sizes=\"(max-width: 800px) 100vw, 800px\" data-srcset=\"\" \/><\/a><\/figure>\n<\/div>\n\n\n\n<div class=\"wp-block-column is-layout-flow wp-block-column-is-layout-flow\">\n<h4 class=\"wp-block-heading\">Volleyball<\/h4>\n\n\n\n<figure class=\"wp-block-image size-full\"><a href=\"https:\/\/polizeisportverein-heidelberg.de\/volleyball\/\"><img decoding=\"async\" width=\"800\" height=\"535\" src=\"https:\/\/polizeisportverein-heidelberg.de\/wp-content\/uploads\/2023\/05\/Startseite_Volleyball2.jpg\" alt=\"\" class=\"wp-image-5408\" srcset=\"https:\/\/polizeisportverein-heidelberg.de\/wp-content\/uploads\/2023\/05\/Startseite_Volleyball2.jpg 800w, https:\/\/polizeisportverein-heidelberg.de\/wp-content\/uploads\/2023\/05\/Startseite_Volleyball2-300x201.jpg 300w, https:\/\/polizeisportverein-heidelberg.de\/wp-content\/uploads\/2023\/05\/Startseite_Volleyball2-768x514.jpg 768w, https:\/\/polizeisportverein-heidelberg.de\/wp-content\/uploads\/2023\/05\/Startseite_Volleyball2-18x12.jpg 18w\" sizes=\"(max-width: 800px) 100vw, 800px\" \/><\/a><\/figure>\n<\/div>\n\n\n\n<div class=\"wp-block-column is-layout-flow wp-block-column-is-layout-flow\"><\/div>\n<\/div>\n\n\n\n<h2 class=\"wp-block-heading\">Other sports<\/h2>\n\n\n\n<hr class=\"wp-block-separator has-alpha-channel-opacity\"\/>\n\n\n\n<div class=\"wp-block-columns is-layout-flex wp-container-core-columns-is-layout-9d6595d7 wp-block-columns-is-layout-flex\">\n<div class=\"wp-block-column is-layout-flow wp-block-column-is-layout-flow\">\n<h4 class=\"wp-block-heading\">Target shooting<\/h4>\n\n\n\n<figure class=\"wp-block-image size-full\"><a href=\"https:\/\/polizeisportverein-heidelberg.de\/schuetzen\/\"><img decoding=\"async\" width=\"800\" height=\"536\" src=\"https:\/\/polizeisportverein-heidelberg.de\/wp-content\/uploads\/2023\/02\/20230220_175911.jpeg\" alt=\"Target shooting\" class=\"wp-image-4574\" srcset=\"https:\/\/polizeisportverein-heidelberg.de\/wp-content\/uploads\/2023\/02\/20230220_175911.jpeg 800w, https:\/\/polizeisportverein-heidelberg.de\/wp-content\/uploads\/2023\/02\/20230220_175911-300x201.jpeg 300w, https:\/\/polizeisportverein-heidelberg.de\/wp-content\/uploads\/2023\/02\/20230220_175911-768x515.jpeg 768w, https:\/\/polizeisportverein-heidelberg.de\/wp-content\/uploads\/2023\/02\/20230220_175911-18x12.jpeg 18w, https:\/\/polizeisportverein-heidelberg.de\/wp-content\/uploads\/2023\/02\/20230220_175911-620x415.jpeg 620w, https:\/\/polizeisportverein-heidelberg.de\/wp-content\/uploads\/2023\/02\/20230220_175911-400x268.jpeg 400w\" sizes=\"(max-width: 800px) 100vw, 800px\" \/><\/a><\/figure>\n<\/div>\n\n\n\n<div class=\"wp-block-column is-layout-flow wp-block-column-is-layout-flow\"><\/div>\n\n\n\n<div class=\"wp-block-column is-layout-flow wp-block-column-is-layout-flow\"><\/div>\n<\/div>\n\n\n\n<h2 class=\"wp-block-heading\">Further offers<\/h2>\n\n\n\n<hr class=\"wp-block-separator has-alpha-channel-opacity\"\/>\n\n\n\n<div class=\"wp-block-columns is-layout-flex wp-container-core-columns-is-layout-9d6595d7 wp-block-columns-is-layout-flex\">\n<div class=\"wp-block-column is-layout-flow wp-block-column-is-layout-flow\">\n<h4 class=\"wp-block-heading\">ZEN meditation<\/h4>\n\n\n\n<figure class=\"wp-block-image size-full\"><a href=\"https:\/\/polizeisportverein-heidelberg.de\/zen-meditation\/\"><img decoding=\"async\" width=\"800\" height=\"533\" src=\"https:\/\/polizeisportverein-heidelberg.de\/wp-content\/uploads\/2023\/10\/DSC_2070.jpeg\" alt=\"\" class=\"wp-image-5803\" srcset=\"https:\/\/polizeisportverein-heidelberg.de\/wp-content\/uploads\/2023\/10\/DSC_2070.jpeg 800w, https:\/\/polizeisportverein-heidelberg.de\/wp-content\/uploads\/2023\/10\/DSC_2070-300x200.jpeg 300w, https:\/\/polizeisportverein-heidelberg.de\/wp-content\/uploads\/2023\/10\/DSC_2070-768x512.jpeg 768w, https:\/\/polizeisportverein-heidelberg.de\/wp-content\/uploads\/2023\/10\/DSC_2070-18x12.jpeg 18w\" sizes=\"(max-width: 800px) 100vw, 800px\" \/><\/a><\/figure>\n<\/div>\n\n\n\n<div class=\"wp-block-column is-layout-flow wp-block-column-is-layout-flow\"><\/div>\n\n\n\n<div class=\"wp-block-column is-layout-flow wp-block-column-is-layout-flow\"><\/div>\n<\/div>","protected":false},"excerpt":{"rendered":"<p>Budo &#8211; Sportarten Aikido Iaido J\u014dd\u014d Judo Ju-Jutsu Karate Ky\u016bd\u014d Ball &#8211; Sportarten Handball Volleyball Weitere Sportarten Sch\u00fctzen Weitere Angebote ZEN-Meditation<\/p>","protected":false},"author":25,"featured_media":-8,"parent":0,"menu_order":0,"comment_status":"closed","ping_status":"closed","template":"","meta":{"_psv_pub_social_text":"","_psv_pub_instagram_attachment_id":0,"_psv_pub_social_image_id":0,"neve_meta_sidebar":"default","neve_meta_container":"","neve_meta_enable_content_width":"on","neve_meta_content_width":70,"neve_meta_title_alignment":"","neve_meta_author_avatar":"","neve_post_elements_order":"","neve_meta_disable_header":"","neve_meta_disable_footer":"","neve_meta_disable_title":"off","neve_meta_reading_time":"","footnotes":""},"class_list":["post-8","page","type-page","status-publish","has-post-thumbnail","hentry"],"yoast_head":"<!-- This site is optimized with the Yoast SEO plugin v27.5 - https:\/\/yoast.com\/product\/yoast-seo-wordpress\/ -->\n<title>Sportarten - Polizeisportverein Heidelberg e.V.<\/title>\n<meta name=\"description\" content=\"Im PSV Heidelberg finden Sie Budo-Sportarten (Aikido, Jodo, Judo, Ju-Jutsu, Karate, Kyudo) sowie Abteilungen f\u00fcr Handball, Volleyball und Sportsch\u00fctzen.\" \/>\n<meta name=\"robots\" content=\"index, follow, max-snippet:-1, max-image-preview:large, max-video-preview:-1\" \/>\n<link rel=\"canonical\" href=\"https:\/\/polizeisportverein-heidelberg.de\/en\/overview-sports\/\" \/>\n<meta property=\"og:locale\" content=\"en_GB\" \/>\n<meta property=\"og:type\" content=\"article\" \/>\n<meta property=\"og:title\" content=\"Sportarten - Polizeisportverein Heidelberg e.V.\" \/>\n<meta property=\"og:description\" content=\"Im PSV Heidelberg finden Sie Budo-Sportarten (Aikido, Jodo, Judo, Ju-Jutsu, Karate, Kyudo) sowie Abteilungen f\u00fcr Handball, Volleyball und Sportsch\u00fctzen.\" \/>\n<meta property=\"og:url\" content=\"https:\/\/polizeisportverein-heidelberg.de\/en\/overview-sports\/\" \/>\n<meta property=\"og:site_name\" content=\"Polizeisportverein Heidelberg e.V.\" \/>\n<meta property=\"article:modified_time\" content=\"2025-09-13T18:53:54+00:00\" \/>\n<meta name=\"twitter:card\" content=\"summary_large_image\" \/>\n<meta name=\"twitter:label1\" content=\"Estimated reading time\" \/>\n\t<meta name=\"twitter:data1\" content=\"3 minutes\" \/>\n<script type=\"application\/ld+json\" class=\"yoast-schema-graph\">{\"@context\":\"https:\\\/\\\/schema.org\",\"@graph\":[{\"@type\":\"WebPage\",\"@id\":\"https:\\\/\\\/polizeisportverein-heidelberg.de\\\/uebersicht-sportarten\\\/\",\"url\":\"https:\\\/\\\/polizeisportverein-heidelberg.de\\\/uebersicht-sportarten\\\/\",\"name\":\"Sportarten - Polizeisportverein Heidelberg e.V.\",\"isPartOf\":{\"@id\":\"https:\\\/\\\/polizeisportverein-heidelberg.de\\\/#website\"},\"primaryImageOfPage\":{\"@id\":\"https:\\\/\\\/polizeisportverein-heidelberg.de\\\/uebersicht-sportarten\\\/#primaryimage\"},\"image\":{\"@id\":\"https:\\\/\\\/polizeisportverein-heidelberg.de\\\/uebersicht-sportarten\\\/#primaryimage\"},\"thumbnailUrl\":\"https:\\\/\\\/polizeisportverein-heidelberg.de\\\/wp-content\\\/uploads\\\/2025\\\/09\\\/Aikido_HD-35-Front.jpg\",\"datePublished\":\"2022-05-16T15:17:02+00:00\",\"dateModified\":\"2025-09-13T18:53:54+00:00\",\"description\":\"Im PSV Heidelberg finden Sie Budo-Sportarten (Aikido, Jodo, Judo, Ju-Jutsu, Karate, Kyudo) sowie Abteilungen f\u00fcr Handball, Volleyball und Sportsch\u00fctzen.\",\"breadcrumb\":{\"@id\":\"https:\\\/\\\/polizeisportverein-heidelberg.de\\\/uebersicht-sportarten\\\/#breadcrumb\"},\"inLanguage\":\"en-GB\",\"potentialAction\":[{\"@type\":\"ReadAction\",\"target\":[\"https:\\\/\\\/polizeisportverein-heidelberg.de\\\/uebersicht-sportarten\\\/\"]}]},{\"@type\":\"ImageObject\",\"inLanguage\":\"en-GB\",\"@id\":\"https:\\\/\\\/polizeisportverein-heidelberg.de\\\/uebersicht-sportarten\\\/#primaryimage\",\"url\":\"https:\\\/\\\/polizeisportverein-heidelberg.de\\\/wp-content\\\/uploads\\\/2025\\\/09\\\/Aikido_HD-35-Front.jpg\",\"contentUrl\":\"https:\\\/\\\/polizeisportverein-heidelberg.de\\\/wp-content\\\/uploads\\\/2025\\\/09\\\/Aikido_HD-35-Front.jpg\"},{\"@type\":\"BreadcrumbList\",\"@id\":\"https:\\\/\\\/polizeisportverein-heidelberg.de\\\/uebersicht-sportarten\\\/#breadcrumb\",\"itemListElement\":[{\"@type\":\"ListItem\",\"position\":1,\"name\":\"Start\",\"item\":\"https:\\\/\\\/polizeisportverein-heidelberg.de\\\/\"},{\"@type\":\"ListItem\",\"position\":2,\"name\":\"Sportarten\"}]},{\"@type\":\"WebSite\",\"@id\":\"https:\\\/\\\/polizeisportverein-heidelberg.de\\\/#website\",\"url\":\"https:\\\/\\\/polizeisportverein-heidelberg.de\\\/\",\"name\":\"Polizeisportverein Heidelberg e.V.\",\"description\":\"Budo und Ballsport f\u00fcr jedes Alter\",\"potentialAction\":[{\"@type\":\"SearchAction\",\"target\":{\"@type\":\"EntryPoint\",\"urlTemplate\":\"https:\\\/\\\/polizeisportverein-heidelberg.de\\\/?s={search_term_string}\"},\"query-input\":{\"@type\":\"PropertyValueSpecification\",\"valueRequired\":true,\"valueName\":\"search_term_string\"}}],\"inLanguage\":\"en-GB\"}]}<\/script>\n<!-- \/ Yoast SEO plugin. -->","yoast_head_json":{"title":"Sports - Polizeisportverein Heidelberg e.V.","description":"At PSV Heidelberg you will find Budo sports (Aikido, Jodo, Judo, Ju-Jutsu, Karate, Kyudo) as well as departments for handball, volleyball and marksmanship.","robots":{"index":"index","follow":"follow","max-snippet":"max-snippet:-1","max-image-preview":"max-image-preview:large","max-video-preview":"max-video-preview:-1"},"canonical":"https:\/\/polizeisportverein-heidelberg.de\/en\/overview-sports\/","og_locale":"en_GB","og_type":"article","og_title":"Sportarten - Polizeisportverein Heidelberg e.V.","og_description":"Im PSV Heidelberg finden Sie Budo-Sportarten (Aikido, Jodo, Judo, Ju-Jutsu, Karate, Kyudo) sowie Abteilungen f\u00fcr Handball, Volleyball und Sportsch\u00fctzen.","og_url":"https:\/\/polizeisportverein-heidelberg.de\/en\/overview-sports\/","og_site_name":"Polizeisportverein Heidelberg e.V.","article_modified_time":"2025-09-13T18:53:54+00:00","twitter_card":"summary_large_image","twitter_misc":{"Estimated reading time":"3 minutes"},"schema":{"@context":"https:\/\/schema.org","@graph":[{"@type":"WebPage","@id":"https:\/\/polizeisportverein-heidelberg.de\/uebersicht-sportarten\/","url":"https:\/\/polizeisportverein-heidelberg.de\/uebersicht-sportarten\/","name":"Sports - Polizeisportverein Heidelberg e.V.","isPartOf":{"@id":"https:\/\/polizeisportverein-heidelberg.de\/#website"},"primaryImageOfPage":{"@id":"https:\/\/polizeisportverein-heidelberg.de\/uebersicht-sportarten\/#primaryimage"},"image":{"@id":"https:\/\/polizeisportverein-heidelberg.de\/uebersicht-sportarten\/#primaryimage"},"thumbnailUrl":"https:\/\/polizeisportverein-heidelberg.de\/wp-content\/uploads\/2025\/09\/Aikido_HD-35-Front.jpg","datePublished":"2022-05-16T15:17:02+00:00","dateModified":"2025-09-13T18:53:54+00:00","description":"At PSV Heidelberg you will find Budo sports (Aikido, Jodo, Judo, Ju-Jutsu, Karate, Kyudo) as well as departments for handball, volleyball and marksmanship.","breadcrumb":{"@id":"https:\/\/polizeisportverein-heidelberg.de\/uebersicht-sportarten\/#breadcrumb"},"inLanguage":"en-GB","potentialAction":[{"@type":"ReadAction","target":["https:\/\/polizeisportverein-heidelberg.de\/uebersicht-sportarten\/"]}]},{"@type":"ImageObject","inLanguage":"en-GB","@id":"https:\/\/polizeisportverein-heidelberg.de\/uebersicht-sportarten\/#primaryimage","url":"https:\/\/polizeisportverein-heidelberg.de\/wp-content\/uploads\/2025\/09\/Aikido_HD-35-Front.jpg","contentUrl":"https:\/\/polizeisportverein-heidelberg.de\/wp-content\/uploads\/2025\/09\/Aikido_HD-35-Front.jpg"},{"@type":"BreadcrumbList","@id":"https:\/\/polizeisportverein-heidelberg.de\/uebersicht-sportarten\/#breadcrumb","itemListElement":[{"@type":"ListItem","position":1,"name":"Start","item":"https:\/\/polizeisportverein-heidelberg.de\/"},{"@type":"ListItem","position":2,"name":"Sportarten"}]},{"@type":"WebSite","@id":"https:\/\/polizeisportverein-heidelberg.de\/#website","url":"https:\/\/polizeisportverein-heidelberg.de\/","name":"Heidelberg Police Sports Club e.V.","description":"Budo and ball sports for all ages","potentialAction":[{"@type":"SearchAction","target":{"@type":"EntryPoint","urlTemplate":"https:\/\/polizeisportverein-heidelberg.de\/?s={search_term_string}"},"query-input":{"@type":"PropertyValueSpecification","valueRequired":true,"valueName":"search_term_string"}}],"inLanguage":"en-GB"}]}},"_links":{"self":[{"href":"https:\/\/polizeisportverein-heidelberg.de\/en\/wp-json\/wp\/v2\/pages\/8","targetHints":{"allow":["GET"]}}],"collection":[{"href":"https:\/\/polizeisportverein-heidelberg.de\/en\/wp-json\/wp\/v2\/pages"}],"about":[{"href":"https:\/\/polizeisportverein-heidelberg.de\/en\/wp-json\/wp\/v2\/types\/page"}],"author":[{"embeddable":true,"href":"https:\/\/polizeisportverein-heidelberg.de\/en\/wp-json\/wp\/v2\/users\/25"}],"replies":[{"embeddable":true,"href":"https:\/\/polizeisportverein-heidelberg.de\/en\/wp-json\/wp\/v2\/comments?post=8"}],"version-history":[{"count":0,"href":"https:\/\/polizeisportverein-heidelberg.de\/en\/wp-json\/wp\/v2\/pages\/8\/revisions"}],"wp:featuredmedia":[{"embeddable":true,"href":"https:\/\/polizeisportverein-heidelberg.de\/en\/wp-json\/"}],"wp:attachment":[{"href":"https:\/\/polizeisportverein-heidelberg.de\/en\/wp-json\/wp\/v2\/media?parent=8"}],"curies":[{"name":"wp","href":"https:\/\/api.w.org\/{rel}","templated":true}]}}