{"id":76,"date":"2022-05-16T18:07:26","date_gmt":"2022-05-16T16:07:26","guid":{"rendered":"http:\/\/psv-hd.de\/psvNeu\/?page_id=76"},"modified":"2026-05-08T09:12:34","modified_gmt":"2026-05-08T07:12:34","slug":"become-a-member","status":"publish","type":"page","link":"https:\/\/polizeisportverein-heidelberg.de\/en\/mitglied-werden\/","title":{"rendered":"Join Us"},"content":{"rendered":"<p><\/p>\n\n\n\n<p>Are you interested in joining us? Excellent! We are always happy to welcome new enthusiasts, and those interested are welcome to come along for a couple of free, no-strings-attached trial sessions (insurance cover is guaranteed). Membership is open to all (never mind the name of the club, which is owed to our &gt; Club History).<\/p>\n\n\n\n<p>To the <a href=\"https:\/\/easyverein.com\/public\/PSVHD\/applicationform\/10313\" target=\"_blank\" rel=\"noreferrer noopener\">Online admission form<\/a> via our club administration.<\/p>\n\n\n\n<p><strong>Do you have questions about the online enrolment form, your contribution classification, contribution invoice or other topics relating to membership administration?<\/strong> <\/p>\n\n\n<div class=\"psv-contact-card\" data-contact-id=\"ulrich-meinberg\" data-role=\"mitgliederverwaltung\" data-role-as-position=\"true\" data-badge-source=\"sport,role,tag\" data-badge-order=\"sport,role,tag\" data-email=\"email3\"><\/div>\n\n\n\n<hr class=\"wp-block-separator has-alpha-channel-opacity\"\/>\n\n\n\n<h2 class=\"wp-block-heading\">Club fees<\/h2>\n\n\n\n<p>The amount of the <strong>annual<\/strong> Membership fees depend on age and department. For special discounts, please contact the board or the head of department.<\/p>\n\n\n\n<figure class=\"wp-block-table\"><table><thead><tr><th>Contribution<br>group<\/th><th><strong>Explanation<\/strong><\/th><th class=\"has-text-align-right\" data-align=\"right\"><strong>Budo<\/strong>*<\/th><th class=\"has-text-align-right\" data-align=\"right\"><strong>Ball sports*<\/strong><\/th><th class=\"has-text-align-right\" data-align=\"right\"><strong>Other*<\/strong><\/th><th class=\"has-text-align-right\" data-align=\"right\"><strong>ZEN<\/strong>*<\/th><\/tr><\/thead><tbody><tr><td>Families<\/td><td>For all family members or cohabitants registered at the same address<\/td><td class=\"has-text-align-right\" data-align=\"right\">330,00<\/td><td class=\"has-text-align-right\" data-align=\"right\">200,00<\/td><td class=\"has-text-align-right\" data-align=\"right\">200,00<\/td><td class=\"has-text-align-right\" data-align=\"right\">180,00<\/td><\/tr><tr><td>Children<\/td><td>Until 14 years<\/td><td class=\"has-text-align-right\" data-align=\"right\">120,00<\/td><td class=\"has-text-align-right\" data-align=\"right\">50,00<\/td><td class=\"has-text-align-right\" data-align=\"right\">40,00<\/td><td class=\"has-text-align-right\" data-align=\"right\"><\/td><\/tr><tr><td>Youths<\/td><td>14 \u2013 17 years<\/td><td class=\"has-text-align-right\" data-align=\"right\">150,00<\/td><td class=\"has-text-align-right\" data-align=\"right\">60,00<\/td><td class=\"has-text-align-right\" data-align=\"right\">50,00<\/td><td class=\"has-text-align-right\" data-align=\"right\"><\/td><\/tr><tr><td>Adults<br>reduced<\/td><td>Trainees, students, pensioners, unemployed etc. without own income<br>Proof required<\/td><td class=\"has-text-align-right\" data-align=\"right\">200,00<\/td><td class=\"has-text-align-right\" data-align=\"right\">70,00<\/td><td class=\"has-text-align-right\" data-align=\"right\">70,00<\/td><td class=\"has-text-align-right\" data-align=\"right\">80,00<\/td><\/tr><tr><td>Adults<\/td><td>From the 18th birthday<\/td><td class=\"has-text-align-right\" data-align=\"right\">250,00<\/td><td class=\"has-text-align-right\" data-align=\"right\">140,00<\/td><td class=\"has-text-align-right\" data-align=\"right\">140,00<\/td><td class=\"has-text-align-right\" data-align=\"right\">120,00<\/td><\/tr><tr><td>Temporary members<\/td><td>Cancellation period at least 4 weeks to the end of the month. Possible for a maximum of 11 months and only for Budo sports.<\/td><td class=\"has-text-align-right\" data-align=\"right\">25,00 \/ month<\/td><td class=\"has-text-align-right\" data-align=\"right\"><\/td><td class=\"has-text-align-right\" data-align=\"right\"><\/td><td class=\"has-text-align-right\" data-align=\"right\"><\/td><\/tr><tr><td>Passive members<\/td><td><\/td><td class=\"has-text-align-right\" data-align=\"right\">50,00<\/td><td class=\"has-text-align-right\" data-align=\"right\">50,00<\/td><td class=\"has-text-align-right\" data-align=\"right\">50,00<\/td><td class=\"has-text-align-right\" data-align=\"right\">50,00<\/td><\/tr><tr><td>Registration fee<\/td><td>Once per person<\/td><td class=\"has-text-align-right\" data-align=\"right\">15,00<\/td><td class=\"has-text-align-right\" data-align=\"right\">15,00<\/td><td class=\"has-text-align-right\" data-align=\"right\">15,00<\/td><td class=\"has-text-align-right\" data-align=\"right\">15,00<\/td><\/tr><\/tbody><\/table><\/figure>\n\n\n\n<h2 class=\"wp-block-heading\">Association fees<\/h2>\n\n\n\n<p>For some Budo groups there are additional national association fees (membership fees), as well as a pass fee for examinations or participation in competitions.<\/p>\n\n\n\n<figure class=\"wp-block-table\"><table><thead><tr><th><\/th><th><strong>Explanation<\/strong><\/th><th><\/th><th class=\"has-text-align-right\" data-align=\"right\"><strong>Adults<\/strong><\/th><th class=\"has-text-align-right\" data-align=\"right\"><strong>Children<\/strong><\/th><\/tr><\/thead><tbody><tr><td>Judo\/Karate<\/td><td>Member of BJV e.V. \/ Member of DKV<br>Passport fee<\/td><td>yearly<br>one time<\/td><td class=\"has-text-align-right\" data-align=\"right\">25,00<br>10,00<\/td><td class=\"has-text-align-right\" data-align=\"right\">20,00<br>10,00<\/td><\/tr><tr><td>Ju-Jutsu<\/td><td>Member of the Ju-Jutsu Verband Baden e.V.<br>Passport fee<\/td><td>yearly<br>one time<\/td><td class=\"has-text-align-right\" data-align=\"right\">23,00<br>10,00<\/td><td class=\"has-text-align-right\" data-align=\"right\">23,00<br>10,00<\/td><\/tr><tr><td>Kyudo<\/td><td>Member of the German Kyudo Federation<br>Passport fee<\/td><td>yearly<br>one time<\/td><td class=\"has-text-align-right\" data-align=\"right\">48,00<br>3,00<\/td><td class=\"has-text-align-right\" data-align=\"right\"><\/td><\/tr><tr><td>Passport fee<\/td><td>Prerequisite for examination and competition participation<br>Please submit a photo(3,5cm x 4,5cm)<\/td><td>one time<\/td><td class=\"has-text-align-right\" data-align=\"right\">see above<\/td><td class=\"has-text-align-right\" data-align=\"right\"><\/td><\/tr><\/tbody><\/table><\/figure>\n\n\n\n<h2 class=\"wp-block-heading\">Payment options<\/h2>\n\n\n\n<ul class=\"wp-block-list\">\n<li>All contributions are generally collected by direct debit. The PSV Heidelberg e.V. uses the creditor identification number DE88ZZ00000798344.<\/li>\n\n\n\n<li>The fee charged by the bank for non-payment of direct debits or returned direct debits shall be borne by the member.<\/li>\n<\/ul>\n\n\n\n<h2 class=\"wp-block-heading\">Due date<\/h2>\n\n\n\n<ul class=\"wp-block-list\">\n<li>Annual fees for ball sports and passive membership) are collected on 15 April of the year.<\/li>\n\n\n\n<li>&nbsp;The fee for Budo sports is due half on 15 April (for the first half of the year) and half on 15 October (for the second half of the year). We collect association fees for the respective sports association; they are always due for a calendar year regardless of the date of entry.<\/li>\n\n\n\n<li>The membership fee is generally debited pro rata for memberships joining during the year. <\/li>\n\n\n\n<li>Reductions will only be granted if proof is sent at least 4 weeks before the move-in date.<\/li>\n\n\n\n<li>Temporary membership fees are collected on a monthly basis.<\/li>\n\n\n\n<li>A fee may be charged for each reminder. Anyone who is in arrears with the payment of the fee despite two reminders can be deleted from the list of members in accordance with \u00a7 5 of our Articles of Association and is then no longer entitled to take part in the sporting activities.<\/li>\n<\/ul>\n\n\n\n<h2 class=\"wp-block-heading\">Admission to and withdrawal from the club<\/h2>\n\n\n\n<ul class=\"wp-block-list\">\n<li>The Executive Board decides on the admission of the member to the PSV Heidelberg e.V. The application for admission is deemed to have been accepted with the confirmation of admission sent by e-mail or if the member is not notified of the rejection in writing within one month.<\/li>\n\n\n\n<li>Resignations from the Polizeisportverein Heidelberg e.V. are only possible with three months' notice to the end of the first six months. Cancellation of membership must be made in writing in accordance with \u00a75 of our statutes, e.g. by email to <a href=\"mailto:mitgliederverwaltung@psv-hd.de\" target=\"_blank\" rel=\"noreferrer noopener nofollow\">Member administration<\/a> can be cancelled. Cancellation is also possible via our association software.<br>In exceptional cases, early resignation is decided exclusively by the Executive Board in consultation with the respective head of department.<\/li>\n<\/ul>\n\n\n\n<p><\/p>\n\n\n\n<p><\/p>\n\n\n\n<h2 class=\"wp-block-heading\">If you have any questions, please do not hesitate to contact us.<\/h2>","protected":false},"excerpt":{"rendered":"<p>Du m\u00f6chtest Mitglied werden? Prima! Wir freuen uns immer \u00fcber neue Sportsfreunde, und Interessenten k\u00f6nnen auch gerne kostenlos und unverbindlich zum Probetraining vorbeikommen (der Versicherungsschutz ist gew\u00e4hrleistet). Anders als der (historisch bedingte) Name unseres Vereins vermuten l\u00e4sst, steht die Mitgliedschaft allen Sportinteressierten offen. Zum Online Aufnahmeformular \u00fcber unsere Vereinsverwaltung. Du hast Fragen zum Online Aufnahmeformular,&hellip;&nbsp;<a href=\"https:\/\/polizeisportverein-heidelberg.de\/en\/mitglied-werden\/\" rel=\"bookmark\">Read More \u00bb<span class=\"screen-reader-text\">Join Us<\/span><\/a><\/p>","protected":false},"author":25,"featured_media":0,"parent":0,"menu_order":0,"comment_status":"closed","ping_status":"closed","template":"","meta":{"neve_meta_sidebar":"right","neve_meta_container":"","neve_meta_enable_content_width":"on","neve_meta_content_width":70,"neve_meta_title_alignment":"","neve_meta_author_avatar":"","neve_post_elements_order":"","neve_meta_disable_header":"","neve_meta_disable_footer":"","neve_meta_disable_title":"","neve_meta_reading_time":"","footnotes":""},"class_list":["post-76","page","type-page","status-publish","hentry"],"yoast_head":"<!-- This site is optimized with the Yoast SEO plugin v27.5 - https:\/\/yoast.com\/product\/yoast-seo-wordpress\/ -->\n<title>Mitglied werden - Polizeisportverein Heidelberg e.V.<\/title>\n<meta name=\"description\" content=\"Sie m\u00f6chten Mitglied werden? Hier finden Sie Informationen \u00fcber die Mitgliederbeitr\u00e4ge. Ein kostenloses Probetraining ist nat\u00fcrlich m\u00f6glich.\" \/>\n<meta name=\"robots\" content=\"index, follow, max-snippet:-1, max-image-preview:large, max-video-preview:-1\" \/>\n<link rel=\"canonical\" href=\"https:\/\/polizeisportverein-heidelberg.de\/en\/become-a-member\/\" \/>\n<meta property=\"og:locale\" content=\"en_GB\" \/>\n<meta property=\"og:type\" content=\"article\" \/>\n<meta property=\"og:title\" content=\"Mitglied werden - Polizeisportverein Heidelberg e.V.\" \/>\n<meta property=\"og:description\" content=\"Sie m\u00f6chten Mitglied werden? Hier finden Sie Informationen \u00fcber die Mitgliederbeitr\u00e4ge. Ein kostenloses Probetraining ist nat\u00fcrlich m\u00f6glich.\" \/>\n<meta property=\"og:url\" content=\"https:\/\/polizeisportverein-heidelberg.de\/en\/become-a-member\/\" \/>\n<meta property=\"og:site_name\" content=\"Polizeisportverein Heidelberg e.V.\" \/>\n<meta property=\"article:modified_time\" content=\"2026-05-08T07:12:34+00:00\" \/>\n<meta name=\"twitter:card\" content=\"summary_large_image\" \/>\n<meta name=\"twitter:label1\" content=\"Estimated reading time\" \/>\n\t<meta name=\"twitter:data1\" content=\"3 minutes\" \/>\n<script type=\"application\/ld+json\" class=\"yoast-schema-graph\">{\"@context\":\"https:\\\/\\\/schema.org\",\"@graph\":[{\"@type\":\"WebPage\",\"@id\":\"https:\\\/\\\/polizeisportverein-heidelberg.de\\\/mitglied-werden\\\/\",\"url\":\"https:\\\/\\\/polizeisportverein-heidelberg.de\\\/mitglied-werden\\\/\",\"name\":\"Mitglied werden - Polizeisportverein Heidelberg e.V.\",\"isPartOf\":{\"@id\":\"https:\\\/\\\/polizeisportverein-heidelberg.de\\\/#website\"},\"datePublished\":\"2022-05-16T16:07:26+00:00\",\"dateModified\":\"2026-05-08T07:12:34+00:00\",\"description\":\"Sie m\u00f6chten Mitglied werden? Hier finden Sie Informationen \u00fcber die Mitgliederbeitr\u00e4ge. Ein kostenloses Probetraining ist nat\u00fcrlich m\u00f6glich.\",\"breadcrumb\":{\"@id\":\"https:\\\/\\\/polizeisportverein-heidelberg.de\\\/mitglied-werden\\\/#breadcrumb\"},\"inLanguage\":\"en-GB\",\"potentialAction\":[{\"@type\":\"ReadAction\",\"target\":[\"https:\\\/\\\/polizeisportverein-heidelberg.de\\\/mitglied-werden\\\/\"]}]},{\"@type\":\"BreadcrumbList\",\"@id\":\"https:\\\/\\\/polizeisportverein-heidelberg.de\\\/mitglied-werden\\\/#breadcrumb\",\"itemListElement\":[{\"@type\":\"ListItem\",\"position\":1,\"name\":\"Start\",\"item\":\"https:\\\/\\\/polizeisportverein-heidelberg.de\\\/\"},{\"@type\":\"ListItem\",\"position\":2,\"name\":\"Mitglied werden\"}]},{\"@type\":\"WebSite\",\"@id\":\"https:\\\/\\\/polizeisportverein-heidelberg.de\\\/#website\",\"url\":\"https:\\\/\\\/polizeisportverein-heidelberg.de\\\/\",\"name\":\"Polizeisportverein Heidelberg e.V.\",\"description\":\"Budo und Ballsport f\u00fcr jedes Alter\",\"potentialAction\":[{\"@type\":\"SearchAction\",\"target\":{\"@type\":\"EntryPoint\",\"urlTemplate\":\"https:\\\/\\\/polizeisportverein-heidelberg.de\\\/?s={search_term_string}\"},\"query-input\":{\"@type\":\"PropertyValueSpecification\",\"valueRequired\":true,\"valueName\":\"search_term_string\"}}],\"inLanguage\":\"en-GB\"}]}<\/script>\n<!-- \/ Yoast SEO plugin. -->","yoast_head_json":{"title":"Become a member - Polizeisportverein Heidelberg e.V.","description":"Would you like to become a member? Here you will find information about membership fees. A free trial training session is of course possible.","robots":{"index":"index","follow":"follow","max-snippet":"max-snippet:-1","max-image-preview":"max-image-preview:large","max-video-preview":"max-video-preview:-1"},"canonical":"https:\/\/polizeisportverein-heidelberg.de\/en\/become-a-member\/","og_locale":"en_GB","og_type":"article","og_title":"Mitglied werden - Polizeisportverein Heidelberg e.V.","og_description":"Sie m\u00f6chten Mitglied werden? Hier finden Sie Informationen \u00fcber die Mitgliederbeitr\u00e4ge. Ein kostenloses Probetraining ist nat\u00fcrlich m\u00f6glich.","og_url":"https:\/\/polizeisportverein-heidelberg.de\/en\/become-a-member\/","og_site_name":"Polizeisportverein Heidelberg e.V.","article_modified_time":"2026-05-08T07:12:34+00:00","twitter_card":"summary_large_image","twitter_misc":{"Estimated reading time":"3 minutes"},"schema":{"@context":"https:\/\/schema.org","@graph":[{"@type":"WebPage","@id":"https:\/\/polizeisportverein-heidelberg.de\/mitglied-werden\/","url":"https:\/\/polizeisportverein-heidelberg.de\/mitglied-werden\/","name":"Become a member - Polizeisportverein Heidelberg e.V.","isPartOf":{"@id":"https:\/\/polizeisportverein-heidelberg.de\/#website"},"datePublished":"2022-05-16T16:07:26+00:00","dateModified":"2026-05-08T07:12:34+00:00","description":"Would you like to become a member? Here you will find information about membership fees. A free trial training session is of course possible.","breadcrumb":{"@id":"https:\/\/polizeisportverein-heidelberg.de\/mitglied-werden\/#breadcrumb"},"inLanguage":"en-GB","potentialAction":[{"@type":"ReadAction","target":["https:\/\/polizeisportverein-heidelberg.de\/mitglied-werden\/"]}]},{"@type":"BreadcrumbList","@id":"https:\/\/polizeisportverein-heidelberg.de\/mitglied-werden\/#breadcrumb","itemListElement":[{"@type":"ListItem","position":1,"name":"Start","item":"https:\/\/polizeisportverein-heidelberg.de\/"},{"@type":"ListItem","position":2,"name":"Mitglied werden"}]},{"@type":"WebSite","@id":"https:\/\/polizeisportverein-heidelberg.de\/#website","url":"https:\/\/polizeisportverein-heidelberg.de\/","name":"Heidelberg Police Sports Club e.V.","description":"Budo and ball sports for all ages","potentialAction":[{"@type":"SearchAction","target":{"@type":"EntryPoint","urlTemplate":"https:\/\/polizeisportverein-heidelberg.de\/?s={search_term_string}"},"query-input":{"@type":"PropertyValueSpecification","valueRequired":true,"valueName":"search_term_string"}}],"inLanguage":"en-GB"}]}},"_links":{"self":[{"href":"https:\/\/polizeisportverein-heidelberg.de\/en\/wp-json\/wp\/v2\/pages\/76","targetHints":{"allow":["GET"]}}],"collection":[{"href":"https:\/\/polizeisportverein-heidelberg.de\/en\/wp-json\/wp\/v2\/pages"}],"about":[{"href":"https:\/\/polizeisportverein-heidelberg.de\/en\/wp-json\/wp\/v2\/types\/page"}],"author":[{"embeddable":true,"href":"https:\/\/polizeisportverein-heidelberg.de\/en\/wp-json\/wp\/v2\/users\/25"}],"replies":[{"embeddable":true,"href":"https:\/\/polizeisportverein-heidelberg.de\/en\/wp-json\/wp\/v2\/comments?post=76"}],"version-history":[{"count":1,"href":"https:\/\/polizeisportverein-heidelberg.de\/en\/wp-json\/wp\/v2\/pages\/76\/revisions"}],"predecessor-version":[{"id":14421,"href":"https:\/\/polizeisportverein-heidelberg.de\/en\/wp-json\/wp\/v2\/pages\/76\/revisions\/14421"}],"wp:attachment":[{"href":"https:\/\/polizeisportverein-heidelberg.de\/en\/wp-json\/wp\/v2\/media?parent=76"}],"curies":[{"name":"wp","href":"https:\/\/api.w.org\/{rel}","templated":true}]}}