{"id":63,"date":"2022-05-16T17:36:06","date_gmt":"2022-05-16T15:36:06","guid":{"rendered":"http:\/\/psv-hd.de\/psvNeu\/?page_id=63"},"modified":"2023-12-04T19:17:47","modified_gmt":"2023-12-04T18:17:47","slug":"our-mission-goals","status":"publish","type":"page","link":"https:\/\/polizeisportverein-heidelberg.de\/en\/unsere-mission-ziele\/","title":{"rendered":"Mission \/ Goals"},"content":{"rendered":"<p> <\/p>\n\n\n\n<p>The PSV Heidelberg is a Heidelberg amateur sports club with a long tradition. We offer young people, adults and families a range of sports including several budo\/martial arts disciplines, handball and volleyball as well as a shooting club.<\/p>\n\n\n\n<p>We aim to impart self-efficacy, equanimity and cooperation in training without any pressure to perform. Through sporting activities, we convey values: respect for teammates and opponents - willingness to embrace new and unfamiliar things - joy in the mastery of movement.<\/p>","protected":false},"excerpt":{"rendered":"<p>Der PSV Heidelberg ist ein Heidelberger Breitensportverein mit langer Tradition. Wir bieten Jugendlichen, Erwachsenen und Familien ein Sportangebot mit mehreren Budodisziplinen, Handball und Volleyball sowie einer Sch\u00fctzenabteilung. Ohne Leistungsdruck erfahren wir im Training Selbstwirksamkeit, Gelassenheit und Zusammenarbeit. \u00dcber die sportliche Bet\u00e4tigung vermitteln wir Werte: Respekt vor den Teamkollegen und Gegnern &#8211; Offenheit f\u00fcr Neues und&hellip;&nbsp;<a href=\"https:\/\/polizeisportverein-heidelberg.de\/en\/unsere-mission-ziele\/\" rel=\"bookmark\">Read More \u00bb<span class=\"screen-reader-text\">Mission \/ Goals<\/span><\/a><\/p>","protected":false},"author":25,"featured_media":0,"parent":0,"menu_order":0,"comment_status":"closed","ping_status":"closed","template":"","meta":{"_psv_pub_social_text":"","_psv_pub_instagram_attachment_id":0,"_psv_pub_social_image_id":0,"neve_meta_sidebar":"right","neve_meta_container":"","neve_meta_enable_content_width":"on","neve_meta_content_width":70,"neve_meta_title_alignment":"","neve_meta_author_avatar":"","neve_post_elements_order":"","neve_meta_disable_header":"","neve_meta_disable_footer":"","neve_meta_disable_title":"","neve_meta_reading_time":"","footnotes":""},"class_list":["post-63","page","type-page","status-publish","hentry"],"yoast_head":"<!-- This site is optimized with the Yoast SEO plugin v27.5 - https:\/\/yoast.com\/product\/yoast-seo-wordpress\/ -->\n<title>Mission \/ Ziele - Polizeisportverein Heidelberg e.V.<\/title>\n<meta name=\"description\" content=\"Unser Ziel: \u00dcber die sportliche Bet\u00e4tigung vermitteln wir im Verein Werte wie Respekt, Offenheit und Gelassenheit.\" \/>\n<meta name=\"robots\" content=\"index, follow, max-snippet:-1, max-image-preview:large, max-video-preview:-1\" \/>\n<link rel=\"canonical\" href=\"https:\/\/polizeisportverein-heidelberg.de\/en\/our-mission-goals\/\" \/>\n<meta property=\"og:locale\" content=\"en_GB\" \/>\n<meta property=\"og:type\" content=\"article\" \/>\n<meta property=\"og:title\" content=\"Mission \/ Ziele - Polizeisportverein Heidelberg e.V.\" \/>\n<meta property=\"og:description\" content=\"Unser Ziel: \u00dcber die sportliche Bet\u00e4tigung vermitteln wir im Verein Werte wie Respekt, Offenheit und Gelassenheit.\" \/>\n<meta property=\"og:url\" content=\"https:\/\/polizeisportverein-heidelberg.de\/en\/our-mission-goals\/\" \/>\n<meta property=\"og:site_name\" content=\"Polizeisportverein Heidelberg e.V.\" \/>\n<meta property=\"article:modified_time\" content=\"2023-12-04T18:17:47+00:00\" \/>\n<meta name=\"twitter:card\" content=\"summary_large_image\" \/>\n<meta name=\"twitter:label1\" content=\"Estimated reading time\" \/>\n\t<meta name=\"twitter:data1\" content=\"1 minute\" \/>\n<script type=\"application\/ld+json\" class=\"yoast-schema-graph\">{\"@context\":\"https:\\\/\\\/schema.org\",\"@graph\":[{\"@type\":\"WebPage\",\"@id\":\"https:\\\/\\\/polizeisportverein-heidelberg.de\\\/unsere-mission-ziele\\\/\",\"url\":\"https:\\\/\\\/polizeisportverein-heidelberg.de\\\/unsere-mission-ziele\\\/\",\"name\":\"Mission \\\/ Ziele - Polizeisportverein Heidelberg e.V.\",\"isPartOf\":{\"@id\":\"https:\\\/\\\/polizeisportverein-heidelberg.de\\\/#website\"},\"datePublished\":\"2022-05-16T15:36:06+00:00\",\"dateModified\":\"2023-12-04T18:17:47+00:00\",\"description\":\"Unser Ziel: \u00dcber die sportliche Bet\u00e4tigung vermitteln wir im Verein Werte wie Respekt, Offenheit und Gelassenheit.\",\"breadcrumb\":{\"@id\":\"https:\\\/\\\/polizeisportverein-heidelberg.de\\\/unsere-mission-ziele\\\/#breadcrumb\"},\"inLanguage\":\"en-GB\",\"potentialAction\":[{\"@type\":\"ReadAction\",\"target\":[\"https:\\\/\\\/polizeisportverein-heidelberg.de\\\/unsere-mission-ziele\\\/\"]}]},{\"@type\":\"BreadcrumbList\",\"@id\":\"https:\\\/\\\/polizeisportverein-heidelberg.de\\\/unsere-mission-ziele\\\/#breadcrumb\",\"itemListElement\":[{\"@type\":\"ListItem\",\"position\":1,\"name\":\"Start\",\"item\":\"https:\\\/\\\/polizeisportverein-heidelberg.de\\\/\"},{\"@type\":\"ListItem\",\"position\":2,\"name\":\"Mission \\\/ Ziele\"}]},{\"@type\":\"WebSite\",\"@id\":\"https:\\\/\\\/polizeisportverein-heidelberg.de\\\/#website\",\"url\":\"https:\\\/\\\/polizeisportverein-heidelberg.de\\\/\",\"name\":\"Polizeisportverein Heidelberg e.V.\",\"description\":\"Budo und Ballsport f\u00fcr jedes Alter\",\"potentialAction\":[{\"@type\":\"SearchAction\",\"target\":{\"@type\":\"EntryPoint\",\"urlTemplate\":\"https:\\\/\\\/polizeisportverein-heidelberg.de\\\/?s={search_term_string}\"},\"query-input\":{\"@type\":\"PropertyValueSpecification\",\"valueRequired\":true,\"valueName\":\"search_term_string\"}}],\"inLanguage\":\"en-GB\"}]}<\/script>\n<!-- \/ Yoast SEO plugin. -->","yoast_head_json":{"title":"Mission \/ Goals - Polizeisportverein Heidelberg e.V.","description":"Our aim is to convey values such as respect, openness and composure through sporting activities.","robots":{"index":"index","follow":"follow","max-snippet":"max-snippet:-1","max-image-preview":"max-image-preview:large","max-video-preview":"max-video-preview:-1"},"canonical":"https:\/\/polizeisportverein-heidelberg.de\/en\/our-mission-goals\/","og_locale":"en_GB","og_type":"article","og_title":"Mission \/ Ziele - Polizeisportverein Heidelberg e.V.","og_description":"Unser Ziel: \u00dcber die sportliche Bet\u00e4tigung vermitteln wir im Verein Werte wie Respekt, Offenheit und Gelassenheit.","og_url":"https:\/\/polizeisportverein-heidelberg.de\/en\/our-mission-goals\/","og_site_name":"Polizeisportverein Heidelberg e.V.","article_modified_time":"2023-12-04T18:17:47+00:00","twitter_card":"summary_large_image","twitter_misc":{"Estimated reading time":"1 minute"},"schema":{"@context":"https:\/\/schema.org","@graph":[{"@type":"WebPage","@id":"https:\/\/polizeisportverein-heidelberg.de\/unsere-mission-ziele\/","url":"https:\/\/polizeisportverein-heidelberg.de\/unsere-mission-ziele\/","name":"Mission \/ Goals - Polizeisportverein Heidelberg e.V.","isPartOf":{"@id":"https:\/\/polizeisportverein-heidelberg.de\/#website"},"datePublished":"2022-05-16T15:36:06+00:00","dateModified":"2023-12-04T18:17:47+00:00","description":"Our aim is to convey values such as respect, openness and composure through sporting activities.","breadcrumb":{"@id":"https:\/\/polizeisportverein-heidelberg.de\/unsere-mission-ziele\/#breadcrumb"},"inLanguage":"en-GB","potentialAction":[{"@type":"ReadAction","target":["https:\/\/polizeisportverein-heidelberg.de\/unsere-mission-ziele\/"]}]},{"@type":"BreadcrumbList","@id":"https:\/\/polizeisportverein-heidelberg.de\/unsere-mission-ziele\/#breadcrumb","itemListElement":[{"@type":"ListItem","position":1,"name":"Start","item":"https:\/\/polizeisportverein-heidelberg.de\/"},{"@type":"ListItem","position":2,"name":"Mission \/ Ziele"}]},{"@type":"WebSite","@id":"https:\/\/polizeisportverein-heidelberg.de\/#website","url":"https:\/\/polizeisportverein-heidelberg.de\/","name":"Heidelberg Police Sports Club e.V.","description":"Budo and ball sports for all ages","potentialAction":[{"@type":"SearchAction","target":{"@type":"EntryPoint","urlTemplate":"https:\/\/polizeisportverein-heidelberg.de\/?s={search_term_string}"},"query-input":{"@type":"PropertyValueSpecification","valueRequired":true,"valueName":"search_term_string"}}],"inLanguage":"en-GB"}]}},"_links":{"self":[{"href":"https:\/\/polizeisportverein-heidelberg.de\/en\/wp-json\/wp\/v2\/pages\/63","targetHints":{"allow":["GET"]}}],"collection":[{"href":"https:\/\/polizeisportverein-heidelberg.de\/en\/wp-json\/wp\/v2\/pages"}],"about":[{"href":"https:\/\/polizeisportverein-heidelberg.de\/en\/wp-json\/wp\/v2\/types\/page"}],"author":[{"embeddable":true,"href":"https:\/\/polizeisportverein-heidelberg.de\/en\/wp-json\/wp\/v2\/users\/25"}],"replies":[{"embeddable":true,"href":"https:\/\/polizeisportverein-heidelberg.de\/en\/wp-json\/wp\/v2\/comments?post=63"}],"version-history":[{"count":0,"href":"https:\/\/polizeisportverein-heidelberg.de\/en\/wp-json\/wp\/v2\/pages\/63\/revisions"}],"wp:attachment":[{"href":"https:\/\/polizeisportverein-heidelberg.de\/en\/wp-json\/wp\/v2\/media?parent=63"}],"curies":[{"name":"wp","href":"https:\/\/api.w.org\/{rel}","templated":true}]}}