{"id":41,"date":"2022-05-16T17:27:34","date_gmt":"2022-05-16T15:27:34","guid":{"rendered":"http:\/\/psv-hd.de\/psvNeu\/?page_id=41"},"modified":"2026-04-05T21:02:42","modified_gmt":"2026-04-05T19:02:42","slug":"imprint","status":"publish","type":"page","link":"https:\/\/polizeisportverein-heidelberg.de\/en\/impressum\/","title":{"rendered":"Legal Notice"},"content":{"rendered":"<p><\/p>\n\n\n\n<h4 class=\"wp-block-heading\" id=\"m46\">Service provider<\/h4>\n\n\n\n<p>Heidelberg Police Sports Club<br>Elsa-Brandstr\u00f6m-Str. 8<br>69126 Heidelberg&nbsp;<\/p>\n\n\n\n<h4 class=\"wp-block-heading\" id=\"m56\">Contact options<\/h4>\n\n\n<div class=\"psv-contact-card\" data-contact-id=\"ulrich-meinberg\" data-badge-source=\"sport,role,tag\" data-badge-order=\"sport,role,tag\"><\/div>\n\n\n\n<div style=\"height:10px\" aria-hidden=\"true\" class=\"wp-block-spacer\"><\/div>\n\n\n\n<h4 class=\"wp-block-heading\" id=\"m153\">Persons authorised to represent the company<\/h4>\n\n\n<div class=\"psv-contact-card\" data-contact-id=\"markus-krabel\" data-sport=\"aikido\" data-badge-source=\"sport,role,tag\" data-badge-order=\"sport,role,tag\" data-email=\"email2\"><\/div>\n\n\n\n<div style=\"height:10px\" aria-hidden=\"true\" class=\"wp-block-spacer\"><\/div>\n\n\n<div class=\"psv-contact-card\" data-contact-id=\"karl-kiening\" data-badge-source=\"sport,role,tag\" data-badge-order=\"sport,role,tag\"><\/div>\n\n\n\n<div style=\"height:10px\" aria-hidden=\"true\" class=\"wp-block-spacer\"><\/div>\n\n\n\n<h4 class=\"wp-block-heading\" id=\"m151\">Register and register number<\/h4>\n\n\n\n<p>Register of Associations Maintained by: Mannheim Register of Associations <br>Number: VR 330202<\/p>\n\n\n\n<h4 class=\"wp-block-heading\" id=\"m172\">Social media and other online presences<\/h4>\n\n\n\n<p>This legal notice also applies to the following social media presences and online profiles: <br>psv-hd.de<br>psv-heidelberg.de<\/p>\n\n\n\n<p><\/p>\n\n\n\n<h4 class=\"wp-block-heading\" id=\"m65\">Liability and intellectual property rights<\/h4>\n\n\n\n<p>Disclaimer: The contents of this online offer have been compiled carefully and according to our current state of knowledge, but are for information purposes only and have no legally binding effect, unless they are legally binding information (e.g. the imprint, the data protection declaration, general terms and conditions or mandatory instructions for consumers). We reserve the right to change or delete the content in full or in part, provided that contractual obligations remain unaffected. All offers are subject to change and non-binding. <\/p>\n\n\n\n<p>Links to external websites: The contents of external websites to which we refer directly or indirectly are outside our area of responsibility and we do not adopt them as our own. We accept no responsibility for any content or disadvantages arising from the use of the information available on the linked websites.<\/p>\n\n\n\n<p>Copyrights and trademark rights: All content presented on this website, such as texts, photographs, graphics, brands and trademarks are protected by the respective property rights (copyrights, trademark rights). The use, reproduction, etc. are subject to our rights or the rights of the respective authors or rights holders.<\/p>\n\n\n\n<p>Information on legal offences: If you notice any legal violations on our website, please inform us of them. We will remove illegal content and links as soon as we become aware of them.<\/p>\n\n\n\n<h4 class=\"wp-block-heading\">Image sources and copyright notices: <\/h4>\n\n\n\n<p>The images used are either licence-free or published with the permission of the persons depicted.<\/p>\n\n\n\n<p><a href=\"https:\/\/datenschutz-generator.de\/\" title=\"Legal text by Dr Schwenke - please click for further information.\" target=\"_blank\" rel=\"noopener noreferrer nofollow\">Created with free Datenschutz-Generator.de by Dr Thomas Schwenke<\/a><\/p>\n\n\n\n<h4 class=\"wp-block-heading\"><strong>Picture credits<\/strong> (under construction)<\/h4>\n\n\n\n<p>Aikido, Kyudo - <a href=\"https:\/\/www.susanne-lencinas.de\/\" target=\"_blank\" rel=\"noreferrer noopener sponsored nofollow\">Susanne Lencinas Photography, Heidelberg<\/a><br>Ju-Jutsu - Christian Schmidt<br>Karate - <a href=\"https:\/\/montras.io\/\" target=\"_blank\" rel=\"noreferrer noopener\">Jakob Montrasio<\/a><\/p>\n\n\n\n<p class=\"has-text-align-right\" id=\"btnTop\"><a onclick=\"closeOpenAccordeon()\" href=\"#top\"><strong>Top <\/strong><img decoding=\"async\" width=\"14\" height=\"14\" class=\"wp-image-3792\" style=\"width: 14px;\" src=\"http:\/\/psv-hd.de\/psvNeu\/wp-content\/uploads\/2022\/11\/arrow-up_icon.jpg\" alt=\"\" srcset=\"https:\/\/polizeisportverein-heidelberg.de\/wp-content\/uploads\/2022\/11\/arrow-up_icon.jpg 14w, https:\/\/polizeisportverein-heidelberg.de\/wp-content\/uploads\/2022\/11\/arrow-up_icon-12x12.jpg 12w\" sizes=\"(max-width: 14px) 100vw, 14px\" \/><\/a> <\/p>","protected":false},"excerpt":{"rendered":"<p>Diensteanbieter Polizeisportverein HeidelbergElsa-Brandstr\u00f6m-Str. 869126 Heidelberg&nbsp; Kontaktm\u00f6glichkeiten Vertretungsberechtigte Personen Register und Registernummer Vereinsregister Gef\u00fchrt bei: Vereinsregister Mannheim Nummer: VR 330202 Social Media und andere Onlinepr\u00e4senzen Dieses Impressum gilt auch f\u00fcr die folgenden Social-Media-Pr\u00e4senzen und Onlineprofile: psv-hd.depsv-heidelberg.de Haftungs- und Schutzrechtshinweise Haftungsausschluss: Die Inhalte dieses Onlineangebotes wurden sorgf\u00e4ltig und nach unserem aktuellen Kenntnisstand erstellt, dienen jedoch nur der&hellip;&nbsp;<a href=\"https:\/\/polizeisportverein-heidelberg.de\/en\/impressum\/\" rel=\"bookmark\">Read More \u00bb<span class=\"screen-reader-text\">Legal Notice<\/span><\/a><\/p>","protected":false},"author":25,"featured_media":-41,"parent":0,"menu_order":0,"comment_status":"closed","ping_status":"closed","template":"","meta":{"_psv_pub_social_text":"","_psv_pub_instagram_attachment_id":0,"_psv_pub_social_image_id":0,"neve_meta_sidebar":"right","neve_meta_container":"","neve_meta_enable_content_width":"on","neve_meta_content_width":70,"neve_meta_title_alignment":"","neve_meta_author_avatar":"","neve_post_elements_order":"","neve_meta_disable_header":"","neve_meta_disable_footer":"","neve_meta_disable_title":"","neve_meta_reading_time":"","footnotes":""},"class_list":["post-41","page","type-page","status-publish","has-post-thumbnail","hentry"],"yoast_head":"<!-- This site is optimized with the Yoast SEO plugin v27.5 - https:\/\/yoast.com\/product\/yoast-seo-wordpress\/ -->\n<title>Impressum - Polizeisportverein Heidelberg e.V.<\/title>\n<meta name=\"description\" content=\"Impressum des PSV Heidelberg.\" \/>\n<meta name=\"robots\" content=\"index, follow, max-snippet:-1, max-image-preview:large, max-video-preview:-1\" \/>\n<link rel=\"canonical\" href=\"https:\/\/polizeisportverein-heidelberg.de\/en\/imprint\/\" \/>\n<meta property=\"og:locale\" content=\"en_GB\" \/>\n<meta property=\"og:type\" content=\"article\" \/>\n<meta property=\"og:title\" content=\"Impressum - Polizeisportverein Heidelberg e.V.\" \/>\n<meta property=\"og:description\" content=\"Impressum des PSV Heidelberg.\" \/>\n<meta property=\"og:url\" content=\"https:\/\/polizeisportverein-heidelberg.de\/en\/imprint\/\" \/>\n<meta property=\"og:site_name\" content=\"Polizeisportverein Heidelberg e.V.\" \/>\n<meta property=\"article:modified_time\" content=\"2026-04-05T19:02:42+00:00\" \/>\n<meta name=\"twitter:card\" content=\"summary_large_image\" \/>\n<meta name=\"twitter:label1\" content=\"Estimated reading time\" \/>\n\t<meta name=\"twitter:data1\" content=\"2 minutes\" \/>\n<script type=\"application\/ld+json\" class=\"yoast-schema-graph\">{\"@context\":\"https:\\\/\\\/schema.org\",\"@graph\":[{\"@type\":\"WebPage\",\"@id\":\"https:\\\/\\\/polizeisportverein-heidelberg.de\\\/impressum\\\/\",\"url\":\"https:\\\/\\\/polizeisportverein-heidelberg.de\\\/impressum\\\/\",\"name\":\"Impressum - Polizeisportverein Heidelberg e.V.\",\"isPartOf\":{\"@id\":\"https:\\\/\\\/polizeisportverein-heidelberg.de\\\/#website\"},\"primaryImageOfPage\":{\"@id\":\"https:\\\/\\\/polizeisportverein-heidelberg.de\\\/impressum\\\/#primaryimage\"},\"image\":{\"@id\":\"https:\\\/\\\/polizeisportverein-heidelberg.de\\\/impressum\\\/#primaryimage\"},\"thumbnailUrl\":\"http:\\\/\\\/psv-hd.de\\\/psvNeu\\\/wp-content\\\/uploads\\\/2022\\\/11\\\/arrow-up_icon.jpg\",\"datePublished\":\"2022-05-16T15:27:34+00:00\",\"dateModified\":\"2026-04-05T19:02:42+00:00\",\"description\":\"Impressum des PSV Heidelberg.\",\"breadcrumb\":{\"@id\":\"https:\\\/\\\/polizeisportverein-heidelberg.de\\\/impressum\\\/#breadcrumb\"},\"inLanguage\":\"en-GB\",\"potentialAction\":[{\"@type\":\"ReadAction\",\"target\":[\"https:\\\/\\\/polizeisportverein-heidelberg.de\\\/impressum\\\/\"]}]},{\"@type\":\"ImageObject\",\"inLanguage\":\"en-GB\",\"@id\":\"https:\\\/\\\/polizeisportverein-heidelberg.de\\\/impressum\\\/#primaryimage\",\"url\":\"http:\\\/\\\/psv-hd.de\\\/psvNeu\\\/wp-content\\\/uploads\\\/2022\\\/11\\\/arrow-up_icon.jpg\",\"contentUrl\":\"http:\\\/\\\/psv-hd.de\\\/psvNeu\\\/wp-content\\\/uploads\\\/2022\\\/11\\\/arrow-up_icon.jpg\"},{\"@type\":\"BreadcrumbList\",\"@id\":\"https:\\\/\\\/polizeisportverein-heidelberg.de\\\/impressum\\\/#breadcrumb\",\"itemListElement\":[{\"@type\":\"ListItem\",\"position\":1,\"name\":\"Start\",\"item\":\"https:\\\/\\\/polizeisportverein-heidelberg.de\\\/\"},{\"@type\":\"ListItem\",\"position\":2,\"name\":\"Impressum\"}]},{\"@type\":\"WebSite\",\"@id\":\"https:\\\/\\\/polizeisportverein-heidelberg.de\\\/#website\",\"url\":\"https:\\\/\\\/polizeisportverein-heidelberg.de\\\/\",\"name\":\"Polizeisportverein Heidelberg e.V.\",\"description\":\"Budo und Ballsport f\u00fcr jedes Alter\",\"potentialAction\":[{\"@type\":\"SearchAction\",\"target\":{\"@type\":\"EntryPoint\",\"urlTemplate\":\"https:\\\/\\\/polizeisportverein-heidelberg.de\\\/?s={search_term_string}\"},\"query-input\":{\"@type\":\"PropertyValueSpecification\",\"valueRequired\":true,\"valueName\":\"search_term_string\"}}],\"inLanguage\":\"en-GB\"}]}<\/script>\n<!-- \/ Yoast SEO plugin. -->","yoast_head_json":{"title":"Imprint - Polizeisportverein Heidelberg e.V.","description":"Imprint of the PSV Heidelberg.","robots":{"index":"index","follow":"follow","max-snippet":"max-snippet:-1","max-image-preview":"max-image-preview:large","max-video-preview":"max-video-preview:-1"},"canonical":"https:\/\/polizeisportverein-heidelberg.de\/en\/imprint\/","og_locale":"en_GB","og_type":"article","og_title":"Impressum - Polizeisportverein Heidelberg e.V.","og_description":"Impressum des PSV Heidelberg.","og_url":"https:\/\/polizeisportverein-heidelberg.de\/en\/imprint\/","og_site_name":"Polizeisportverein Heidelberg e.V.","article_modified_time":"2026-04-05T19:02:42+00:00","twitter_card":"summary_large_image","twitter_misc":{"Estimated reading time":"2 minutes"},"schema":{"@context":"https:\/\/schema.org","@graph":[{"@type":"WebPage","@id":"https:\/\/polizeisportverein-heidelberg.de\/impressum\/","url":"https:\/\/polizeisportverein-heidelberg.de\/impressum\/","name":"Imprint - Polizeisportverein Heidelberg e.V.","isPartOf":{"@id":"https:\/\/polizeisportverein-heidelberg.de\/#website"},"primaryImageOfPage":{"@id":"https:\/\/polizeisportverein-heidelberg.de\/impressum\/#primaryimage"},"image":{"@id":"https:\/\/polizeisportverein-heidelberg.de\/impressum\/#primaryimage"},"thumbnailUrl":"http:\/\/psv-hd.de\/psvNeu\/wp-content\/uploads\/2022\/11\/arrow-up_icon.jpg","datePublished":"2022-05-16T15:27:34+00:00","dateModified":"2026-04-05T19:02:42+00:00","description":"Imprint of the PSV Heidelberg.","breadcrumb":{"@id":"https:\/\/polizeisportverein-heidelberg.de\/impressum\/#breadcrumb"},"inLanguage":"en-GB","potentialAction":[{"@type":"ReadAction","target":["https:\/\/polizeisportverein-heidelberg.de\/impressum\/"]}]},{"@type":"ImageObject","inLanguage":"en-GB","@id":"https:\/\/polizeisportverein-heidelberg.de\/impressum\/#primaryimage","url":"http:\/\/psv-hd.de\/psvNeu\/wp-content\/uploads\/2022\/11\/arrow-up_icon.jpg","contentUrl":"http:\/\/psv-hd.de\/psvNeu\/wp-content\/uploads\/2022\/11\/arrow-up_icon.jpg"},{"@type":"BreadcrumbList","@id":"https:\/\/polizeisportverein-heidelberg.de\/impressum\/#breadcrumb","itemListElement":[{"@type":"ListItem","position":1,"name":"Start","item":"https:\/\/polizeisportverein-heidelberg.de\/"},{"@type":"ListItem","position":2,"name":"Impressum"}]},{"@type":"WebSite","@id":"https:\/\/polizeisportverein-heidelberg.de\/#website","url":"https:\/\/polizeisportverein-heidelberg.de\/","name":"Heidelberg Police Sports Club e.V.","description":"Budo and ball sports for all ages","potentialAction":[{"@type":"SearchAction","target":{"@type":"EntryPoint","urlTemplate":"https:\/\/polizeisportverein-heidelberg.de\/?s={search_term_string}"},"query-input":{"@type":"PropertyValueSpecification","valueRequired":true,"valueName":"search_term_string"}}],"inLanguage":"en-GB"}]}},"_links":{"self":[{"href":"https:\/\/polizeisportverein-heidelberg.de\/en\/wp-json\/wp\/v2\/pages\/41","targetHints":{"allow":["GET"]}}],"collection":[{"href":"https:\/\/polizeisportverein-heidelberg.de\/en\/wp-json\/wp\/v2\/pages"}],"about":[{"href":"https:\/\/polizeisportverein-heidelberg.de\/en\/wp-json\/wp\/v2\/types\/page"}],"author":[{"embeddable":true,"href":"https:\/\/polizeisportverein-heidelberg.de\/en\/wp-json\/wp\/v2\/users\/25"}],"replies":[{"embeddable":true,"href":"https:\/\/polizeisportverein-heidelberg.de\/en\/wp-json\/wp\/v2\/comments?post=41"}],"version-history":[{"count":0,"href":"https:\/\/polizeisportverein-heidelberg.de\/en\/wp-json\/wp\/v2\/pages\/41\/revisions"}],"wp:featuredmedia":[{"embeddable":true,"href":"https:\/\/polizeisportverein-heidelberg.de\/en\/wp-json\/"}],"wp:attachment":[{"href":"https:\/\/polizeisportverein-heidelberg.de\/en\/wp-json\/wp\/v2\/media?parent=41"}],"curies":[{"name":"wp","href":"https:\/\/api.w.org\/{rel}","templated":true}]}}