{"id":2293,"date":"2022-10-27T12:04:39","date_gmt":"2022-10-27T10:04:39","guid":{"rendered":"http:\/\/psv-hd.de\/psvNeu\/?page_id=2293"},"modified":"2023-12-04T19:19:17","modified_gmt":"2023-12-04T18:19:17","slug":"sports-facilities-overview","status":"publish","type":"page","link":"https:\/\/polizeisportverein-heidelberg.de\/en\/sportstaetten-uebersicht\/","title":{"rendered":"Locations"},"content":{"rendered":"<p>The PSV divisions currently hold their training sessions at a number of sports facilities in Heidelberg and the surrounding area. These include school gyms, the premises of the Nu\u00dfloch Gun and Rifle Club and several venues belonging to other sports clubs.<\/p>\n\n\n\n<p>The Budo (martial arts) groups are currently scattered over several hospitable locations at other clubs until they will be able to relocate to their own dojo in Heidelberg's S\u00fcdstadt at the end of the year.<br><br><strong><a href=\"..\/aktuelle-sportstaetten\">Training locations<\/a>:<\/strong><br>Here you can find all the sports facilities of our divisions with address, map and directions.<br><br><strong><a href=\"..\/umzug-ins-neue-dojo\">The new dojo<\/a>:<\/strong><br>When the move is complete, all Budo groups will be able to train here in one place. Until then, we will keep you informed about the status of the renovation work.<br><\/p>\n\n\n\n<p><\/p>","protected":false},"excerpt":{"rendered":"<p>Die Abteilungen des PSV trainieren an mehreren Sportst\u00e4tten in Heidelberg und Umgebung. Dazu geh\u00f6ren Schulsporthallen, die R\u00e4umlichkeiten des Sch\u00fctzenvereins Nu\u00dfloch und mehrere Hallen anderer Vereine. Die Budogruppen sind derzeit \u00fcber mehrere gastfreundliche Standorte bei anderen Vereinen verteilt, bis sie Ende des Jahres ihr eigenes Dojo in der Heidelberger S\u00fcdstadt \u00fcbernehmen k\u00f6nnen. Aktuelle Sportst\u00e4tten:Hier finden Sie&hellip;&nbsp;<a href=\"https:\/\/polizeisportverein-heidelberg.de\/en\/sportstaetten-uebersicht\/\" rel=\"bookmark\">Read More \u00bb<span class=\"screen-reader-text\">Locations<\/span><\/a><\/p>","protected":false},"author":25,"featured_media":0,"parent":0,"menu_order":0,"comment_status":"closed","ping_status":"closed","template":"","meta":{"_psv_pub_social_text":"","_psv_pub_instagram_attachment_id":0,"_psv_pub_social_image_id":0,"neve_meta_sidebar":"right","neve_meta_container":"","neve_meta_enable_content_width":"on","neve_meta_content_width":70,"neve_meta_title_alignment":"","neve_meta_author_avatar":"","neve_post_elements_order":"","neve_meta_disable_header":"","neve_meta_disable_footer":"","neve_meta_disable_title":"","neve_meta_reading_time":"","footnotes":""},"class_list":["post-2293","page","type-page","status-publish","hentry"],"yoast_head":"<!-- This site is optimized with the Yoast SEO plugin v27.5 - https:\/\/yoast.com\/product\/yoast-seo-wordpress\/ -->\n<title>Sportst\u00e4tten - Polizeisportverein Heidelberg e.V.<\/title>\n<meta name=\"description\" content=\"Hier finden Sie die Sportst\u00e4tten und Hallen, in denen unsere Abteilungen trainieren (mit Adresse, Lageplan und Anfahrtshinweisen).\" \/>\n<meta name=\"robots\" content=\"index, follow, max-snippet:-1, max-image-preview:large, max-video-preview:-1\" \/>\n<link rel=\"canonical\" href=\"https:\/\/polizeisportverein-heidelberg.de\/en\/sports-facilities-overview\/\" \/>\n<meta property=\"og:locale\" content=\"en_GB\" \/>\n<meta property=\"og:type\" content=\"article\" \/>\n<meta property=\"og:title\" content=\"Sportst\u00e4tten - Polizeisportverein Heidelberg e.V.\" \/>\n<meta property=\"og:description\" content=\"Hier finden Sie die Sportst\u00e4tten und Hallen, in denen unsere Abteilungen trainieren (mit Adresse, Lageplan und Anfahrtshinweisen).\" \/>\n<meta property=\"og:url\" content=\"https:\/\/polizeisportverein-heidelberg.de\/en\/sports-facilities-overview\/\" \/>\n<meta property=\"og:site_name\" content=\"Polizeisportverein Heidelberg e.V.\" \/>\n<meta property=\"article:modified_time\" content=\"2023-12-04T18:19:17+00:00\" \/>\n<meta name=\"twitter:card\" content=\"summary_large_image\" \/>\n<meta name=\"twitter:label1\" content=\"Estimated reading time\" \/>\n\t<meta name=\"twitter:data1\" content=\"1 minute\" \/>\n<script type=\"application\/ld+json\" class=\"yoast-schema-graph\">{\"@context\":\"https:\\\/\\\/schema.org\",\"@graph\":[{\"@type\":\"WebPage\",\"@id\":\"https:\\\/\\\/polizeisportverein-heidelberg.de\\\/sportstaetten-uebersicht\\\/\",\"url\":\"https:\\\/\\\/polizeisportverein-heidelberg.de\\\/sportstaetten-uebersicht\\\/\",\"name\":\"Sportst\u00e4tten - Polizeisportverein Heidelberg e.V.\",\"isPartOf\":{\"@id\":\"https:\\\/\\\/polizeisportverein-heidelberg.de\\\/#website\"},\"datePublished\":\"2022-10-27T10:04:39+00:00\",\"dateModified\":\"2023-12-04T18:19:17+00:00\",\"description\":\"Hier finden Sie die Sportst\u00e4tten und Hallen, in denen unsere Abteilungen trainieren (mit Adresse, Lageplan und Anfahrtshinweisen).\",\"breadcrumb\":{\"@id\":\"https:\\\/\\\/polizeisportverein-heidelberg.de\\\/sportstaetten-uebersicht\\\/#breadcrumb\"},\"inLanguage\":\"en-GB\",\"potentialAction\":[{\"@type\":\"ReadAction\",\"target\":[\"https:\\\/\\\/polizeisportverein-heidelberg.de\\\/sportstaetten-uebersicht\\\/\"]}]},{\"@type\":\"BreadcrumbList\",\"@id\":\"https:\\\/\\\/polizeisportverein-heidelberg.de\\\/sportstaetten-uebersicht\\\/#breadcrumb\",\"itemListElement\":[{\"@type\":\"ListItem\",\"position\":1,\"name\":\"Start\",\"item\":\"https:\\\/\\\/polizeisportverein-heidelberg.de\\\/\"},{\"@type\":\"ListItem\",\"position\":2,\"name\":\"Sportst\u00e4tten\"}]},{\"@type\":\"WebSite\",\"@id\":\"https:\\\/\\\/polizeisportverein-heidelberg.de\\\/#website\",\"url\":\"https:\\\/\\\/polizeisportverein-heidelberg.de\\\/\",\"name\":\"Polizeisportverein Heidelberg e.V.\",\"description\":\"Budo und Ballsport f\u00fcr jedes Alter\",\"potentialAction\":[{\"@type\":\"SearchAction\",\"target\":{\"@type\":\"EntryPoint\",\"urlTemplate\":\"https:\\\/\\\/polizeisportverein-heidelberg.de\\\/?s={search_term_string}\"},\"query-input\":{\"@type\":\"PropertyValueSpecification\",\"valueRequired\":true,\"valueName\":\"search_term_string\"}}],\"inLanguage\":\"en-GB\"}]}<\/script>\n<!-- \/ Yoast SEO plugin. -->","yoast_head_json":{"title":"Sports facilities - Polizeisportverein Heidelberg e.V.","description":"Here you will find the sports facilities and halls where our departments train (with address, map and directions).","robots":{"index":"index","follow":"follow","max-snippet":"max-snippet:-1","max-image-preview":"max-image-preview:large","max-video-preview":"max-video-preview:-1"},"canonical":"https:\/\/polizeisportverein-heidelberg.de\/en\/sports-facilities-overview\/","og_locale":"en_GB","og_type":"article","og_title":"Sportst\u00e4tten - Polizeisportverein Heidelberg e.V.","og_description":"Hier finden Sie die Sportst\u00e4tten und Hallen, in denen unsere Abteilungen trainieren (mit Adresse, Lageplan und Anfahrtshinweisen).","og_url":"https:\/\/polizeisportverein-heidelberg.de\/en\/sports-facilities-overview\/","og_site_name":"Polizeisportverein Heidelberg e.V.","article_modified_time":"2023-12-04T18:19:17+00:00","twitter_card":"summary_large_image","twitter_misc":{"Estimated reading time":"1 minute"},"schema":{"@context":"https:\/\/schema.org","@graph":[{"@type":"WebPage","@id":"https:\/\/polizeisportverein-heidelberg.de\/sportstaetten-uebersicht\/","url":"https:\/\/polizeisportverein-heidelberg.de\/sportstaetten-uebersicht\/","name":"Sports facilities - Polizeisportverein Heidelberg e.V.","isPartOf":{"@id":"https:\/\/polizeisportverein-heidelberg.de\/#website"},"datePublished":"2022-10-27T10:04:39+00:00","dateModified":"2023-12-04T18:19:17+00:00","description":"Here you will find the sports facilities and halls where our departments train (with address, map and directions).","breadcrumb":{"@id":"https:\/\/polizeisportverein-heidelberg.de\/sportstaetten-uebersicht\/#breadcrumb"},"inLanguage":"en-GB","potentialAction":[{"@type":"ReadAction","target":["https:\/\/polizeisportverein-heidelberg.de\/sportstaetten-uebersicht\/"]}]},{"@type":"BreadcrumbList","@id":"https:\/\/polizeisportverein-heidelberg.de\/sportstaetten-uebersicht\/#breadcrumb","itemListElement":[{"@type":"ListItem","position":1,"name":"Start","item":"https:\/\/polizeisportverein-heidelberg.de\/"},{"@type":"ListItem","position":2,"name":"Sportst\u00e4tten"}]},{"@type":"WebSite","@id":"https:\/\/polizeisportverein-heidelberg.de\/#website","url":"https:\/\/polizeisportverein-heidelberg.de\/","name":"Heidelberg Police Sports Club e.V.","description":"Budo and ball sports for all ages","potentialAction":[{"@type":"SearchAction","target":{"@type":"EntryPoint","urlTemplate":"https:\/\/polizeisportverein-heidelberg.de\/?s={search_term_string}"},"query-input":{"@type":"PropertyValueSpecification","valueRequired":true,"valueName":"search_term_string"}}],"inLanguage":"en-GB"}]}},"_links":{"self":[{"href":"https:\/\/polizeisportverein-heidelberg.de\/en\/wp-json\/wp\/v2\/pages\/2293","targetHints":{"allow":["GET"]}}],"collection":[{"href":"https:\/\/polizeisportverein-heidelberg.de\/en\/wp-json\/wp\/v2\/pages"}],"about":[{"href":"https:\/\/polizeisportverein-heidelberg.de\/en\/wp-json\/wp\/v2\/types\/page"}],"author":[{"embeddable":true,"href":"https:\/\/polizeisportverein-heidelberg.de\/en\/wp-json\/wp\/v2\/users\/25"}],"replies":[{"embeddable":true,"href":"https:\/\/polizeisportverein-heidelberg.de\/en\/wp-json\/wp\/v2\/comments?post=2293"}],"version-history":[{"count":0,"href":"https:\/\/polizeisportverein-heidelberg.de\/en\/wp-json\/wp\/v2\/pages\/2293\/revisions"}],"wp:attachment":[{"href":"https:\/\/polizeisportverein-heidelberg.de\/en\/wp-json\/wp\/v2\/media?parent=2293"}],"curies":[{"name":"wp","href":"https:\/\/api.w.org\/{rel}","templated":true}]}}