{"id":185,"date":"2022-05-19T14:50:21","date_gmt":"2022-05-19T12:50:21","guid":{"rendered":"http:\/\/psv-hd.de\/psvNeu\/?page_id=185"},"modified":"2023-12-04T19:25:15","modified_gmt":"2023-12-04T18:25:15","slug":"current-sports-centres","status":"publish","type":"page","link":"https:\/\/polizeisportverein-heidelberg.de\/en\/aktuelle-sportstaetten\/","title":{"rendered":"Training locations"},"content":{"rendered":"<p><\/p>\n\n\n\n<p>Our martial arts sections <a href=\"..\/aikido\">Aikido<\/a>, <a href=\"..\/jodo\">Iod\u014d<\/a>, <a href=\"..\/ju-jutsu\">Ju-Jutsu<\/a>, <a href=\"..\/karate\">Karate<\/a> and <a href=\"https:\/\/polizeisportverein-heidelberg.de\/kyudo\/\">Kyudo<\/a> train in our new dojo in Heidelberg. This is also where our new <a href=\"https:\/\/polizeisportverein-heidelberg.de\/zen-meditation\/\">ZEN Meditation Group<\/a>.<br>An overview of the <a href=\"..\/trainingszeiten\">Training Schedule<\/a> when you click on the appointment.<\/p>\n\n\n\n<div class=\"wp-block-columns is-layout-flex wp-container-core-columns-is-layout-9d6595d7 wp-block-columns-is-layout-flex\">\n<div class=\"wp-block-column is-layout-flow wp-block-column-is-layout-flow\" style=\"flex-basis:33.33%\">\n<p>Auditorium of the&nbsp;<br>Julius Springer School<br>Elsa-Brandstr\u00f6m-Strasse 8<br>69126 Heidelberg<\/p>\n<\/div>\n\n\n\n<div class=\"wp-block-column is-layout-flow wp-block-column-is-layout-flow\" style=\"flex-basis:66.66%\">\n<iframe title=\"Site plan\" src=\"https:\/\/www.google.com\/maps\/embed?pb=!1m18!1m12!1m3!1d2596.9381179817447!2d8.68218491607349!3d49.391162570998674!2m3!1f0!2f0!3f0!3m2!1i1024!2i768!4f13.1!3m3!1m2!1s0x4797c11f03991fd9%3A0xf174e2b9e9dd2b2b!2sPolizeisportverein%20Heidelberg%20e.V.%20-%20Budo%20Dojo!5e0!3m2!1sde!2sde!4v1657619471603!5m2!1sde!2sde\" width=\"600\" height=\"450\" style=\"border:0;\" allowfullscreen=\"\" loading=\"lazy\" referrerpolicy=\"no-referrer-when-downgrade\"><\/iframe>\n<\/div>\n<\/div>\n\n\n\n<hr class=\"wp-block-separator has-alpha-channel-opacity\"\/>\n\n\n\n<p>The <a href=\"..\/kyudo\">Kyudo<\/a> also trains in an indoor tennis centre:<\/p>\n\n\n\n<div class=\"wp-block-columns is-layout-flex wp-container-core-columns-is-layout-9d6595d7 wp-block-columns-is-layout-flex\">\n<div class=\"wp-block-column is-layout-flow wp-block-column-is-layout-flow\" style=\"flex-basis:33.33%\">\n<p><strong>TSG 78 - Indoor tennis centre<\/strong><br>Tiergartenstrasse 9<br>69120 Heidelberg<\/p>\n<\/div>\n\n\n\n<div class=\"wp-block-column is-layout-flow wp-block-column-is-layout-flow\" style=\"flex-basis:66.66%\">\n<iframe title=\"Site plan\" src=\"https:\/\/www.google.com\/maps\/embed?pb=!1m14!1m8!1m3!1d10382.089128107054!2d8.6605817!3d49.4179392!3m2!1i1024!2i768!4f13.1!3m3!1m2!1s0x0%3A0xeffa5774efe0e3fe!2sTSG%2078%20Heidelberg%20e.V.!5e0!3m2!1sde!2sde!4v1669277691671!5m2!1sde!2sde\" width=\"600\" height=\"450\" style=\"border:0;\" allowfullscreen=\"\" loading=\"lazy\" referrerpolicy=\"no-referrer-when-downgrade\"><\/iframe>\n<\/div>\n<\/div>\n\n\n\n<p>The <a href=\"..\/schuetzen\">Target shooting<\/a> is based in Heidelberg:<\/p>\n\n\n\n<div class=\"wp-block-columns is-layout-flex wp-container-core-columns-is-layout-9d6595d7 wp-block-columns-is-layout-flex\">\n<div class=\"wp-block-column is-layout-flow wp-block-column-is-layout-flow\" style=\"flex-basis:33.33%\">\n<p><strong>Shooting club v. 1906 e.V.<br>Heidelberg-Kirchheim<\/strong><br>Bruchh\u00e4user Weg 42<br>69124 Heidelberg<\/p>\n<\/div>\n\n\n\n<div class=\"wp-block-column is-layout-flow wp-block-column-is-layout-flow\" style=\"flex-basis:66.66%\">\n<iframe title=\"Site plan\" src=\"https:\/\/www.google.com\/maps\/embed?pb=!1m14!1m8!1m3!1d5196.1250362712!2d8.653937!3d49.36989!3m2!1i1024!2i768!4f13.1!3m3!1m2!1s0x0%3A0xdabeaae6d510af26!2sSch%C3%BCtzenverein%20v.%201906%20e.V.%20Heidelberg-Kirchheim!5e0!3m2!1sde!2sus!4v1670513024287!5m2!1sde!2sus\" width=\"600\" height=\"450\" style=\"border:0;\" allowfullscreen=\"\" loading=\"lazy\" referrerpolicy=\"no-referrer-when-downgrade\"><\/iframe>\n<\/div>\n<\/div>\n\n\n\n<p>The <a href=\"..\/handball\">Handball<\/a> and <a href=\"..\/volleyball\">Volleyball<\/a> groups are based in Heidelberg and Leimen:<\/p>\n\n\n\n<div class=\"wp-block-columns is-layout-flex wp-container-core-columns-is-layout-9d6595d7 wp-block-columns-is-layout-flex\">\n<div class=\"wp-block-column is-layout-flow wp-block-column-is-layout-flow\" style=\"flex-basis:33.33%\">\n<p><strong>IGH sports hall<\/strong> Rohrbach\/Hasenleiser<br>Baden-Badener-Str. 21<br>69126 Heidelberg<\/p>\n\n\n\n<p>Entrance at the caretaker, close to the football-cage!<\/p>\n<\/div>\n\n\n\n<div class=\"wp-block-column is-layout-flow wp-block-column-is-layout-flow\" style=\"flex-basis:66.66%\">\n<iframe title=\"Site plan\" src=\"https:\/\/www.google.com\/maps\/embed?pb=!1m14!1m8!1m3!1d10390.775398629965!2d8.6787801!3d49.3768656!3m2!1i1024!2i768!4f13.1!3m3!1m2!1s0x0%3A0x8a417bd4aa6c7cd0!2sIGH%20Sporthalle%20Hasenleiser!5e0!3m2!1sde!2sde!4v1669277752523!5m2!1sde!2sde\" width=\"600\" height=\"450\" style=\"border:0;\" allowfullscreen=\"\" loading=\"lazy\" referrerpolicy=\"no-referrer-when-downgrade\"><\/iframe>\n<\/div>\n<\/div>\n\n\n\n<div class=\"wp-block-columns is-layout-flex wp-container-core-columns-is-layout-9d6595d7 wp-block-columns-is-layout-flex\">\n<div class=\"wp-block-column is-layout-flow wp-block-column-is-layout-flow\" style=\"flex-basis:33.33%\">\n<p><strong>Sports hall of the<br>Pestalozzi Primary School<\/strong><br>R\u00f6merstra\u00dfe 77<br>69115 Heidelberg<\/p>\n\n\n\n<p>Entranve via Willy-Helpach school parking lot.<\/p>\n<\/div>\n\n\n\n<div class=\"wp-block-column is-layout-flow wp-block-column-is-layout-flow\" style=\"flex-basis:66.66%\">\n<iframe title=\"Site plan\" src=\"https:\/\/www.google.com\/maps\/embed?pb=!1m14!1m8!1m3!1d10386.446169250625!2d8.6876803!3d49.3973398!3m2!1i1024!2i768!4f13.1!3m3!1m2!1s0x0%3A0x653495ff54478843!2sPestalozzischule%20Heidelberg!5e0!3m2!1sde!2sde!4v1669277781132!5m2!1sde!2sde\" width=\"600\" height=\"450\" style=\"border:0;\" allowfullscreen=\"\" loading=\"lazy\" referrerpolicy=\"no-referrer-when-downgrade\"><\/iframe>\n<\/div>\n<\/div>\n\n\n\n<div class=\"wp-block-columns is-layout-flex wp-container-core-columns-is-layout-9d6595d7 wp-block-columns-is-layout-flex\">\n<div class=\"wp-block-column is-layout-flow wp-block-column-is-layout-flow\" style=\"flex-basis:33.33%\">\n<p><strong>Sportparkhalle Leimen<\/strong><br>Peter-Disegna-Weg 1<br>69181 Leimen<\/p>\n<\/div>\n\n\n\n<div class=\"wp-block-column is-layout-flow wp-block-column-is-layout-flow\" style=\"flex-basis:66.66%\">\n<iframe title=\"Site plan\" src=\"https:\/\/www.google.com\/maps\/embed?pb=!1m14!1m8!1m3!1d10398.373681561628!2d8.6884815!3d49.3409159!3m2!1i1024!2i768!4f13.1!3m3!1m2!1s0x0%3A0x9b1fca0c1816df83!2sSportparkhalle%2C%20Leimen!5e0!3m2!1sde!2sde!4v1669277800933!5m2!1sde!2sde\" width=\"600\" height=\"450\" style=\"border:0;\" allowfullscreen=\"\" loading=\"lazy\" referrerpolicy=\"no-referrer-when-downgrade\"><\/iframe>\n<\/div>\n<\/div>\n\n\n\n<p class=\"has-text-align-right\" id=\"btnTop\"><a onclick=\"closeOpenAccordeon()\" href=\"#top\"><strong>Top <\/strong><img decoding=\"async\" width=\"14\" height=\"14\" class=\"wp-image-3792\" style=\"width: 14px;\" src=\"..\/wp-content\/uploads\/2022\/11\/arrow-up_icon.jpg\" alt=\"\" srcset=\"\" sizes=\"(max-width: 14px) 100vw, 14px\" data-srcset=\"\" \/><\/a> <\/p>","protected":false},"excerpt":{"rendered":"<p>Unsere Budo-Sportarten Aikido, Jod\u014d, Ju-Jutsu, Karate und Kyudo trainieren in unserem neuen Dojo in Heidelberg. Hier trifft sich ebenfalls unsere neue ZEN Meditationsgruppe.Einen \u00dcberblick \u00fcber die Trainingszeiten gibt es mit Klick auf den Termin. Auditorium der&nbsp;Julius-Springer-SchuleElsa-Brandstr\u00f6m-Stra\u00dfe 869126 Heidelberg Die Abteilung Kyudo trainiert auch in einer Tennishalle: TSG 78 \u2013 TennishalleTiergartenstra\u00dfe 969120 Heidelberg Die Sch\u00fctzen trainieren&hellip;&nbsp;<a href=\"https:\/\/polizeisportverein-heidelberg.de\/en\/aktuelle-sportstaetten\/\" rel=\"bookmark\">Read More \u00bb<span class=\"screen-reader-text\">Training locations<\/span><\/a><\/p>","protected":false},"author":25,"featured_media":-185,"parent":0,"menu_order":0,"comment_status":"closed","ping_status":"closed","template":"","meta":{"_psv_pub_social_text":"","_psv_pub_instagram_attachment_id":0,"_psv_pub_social_image_id":0,"neve_meta_sidebar":"right","neve_meta_container":"","neve_meta_enable_content_width":"on","neve_meta_content_width":70,"neve_meta_title_alignment":"","neve_meta_author_avatar":"","neve_post_elements_order":"","neve_meta_disable_header":"","neve_meta_disable_footer":"","neve_meta_disable_title":"","neve_meta_reading_time":"","footnotes":""},"class_list":["post-185","page","type-page","status-publish","has-post-thumbnail","hentry"],"yoast_head":"<!-- This site is optimized with the Yoast SEO plugin v27.5 - https:\/\/yoast.com\/product\/yoast-seo-wordpress\/ -->\n<title>Aktuelle Sportst\u00e4tten - Polizeisportverein Heidelberg e.V.<\/title>\n<meta name=\"description\" content=\"Unsere Abteilungen trainieren in insgesamt f\u00fcnf Hallen in Heidelberg und Umgebung. Hier finden Sie Adressen und Lagepl\u00e4ne der Sportst\u00e4tten des PSV.\" \/>\n<meta name=\"robots\" content=\"index, follow, max-snippet:-1, max-image-preview:large, max-video-preview:-1\" \/>\n<link rel=\"canonical\" href=\"https:\/\/polizeisportverein-heidelberg.de\/en\/current-sports-centres\/\" \/>\n<meta property=\"og:locale\" content=\"en_GB\" \/>\n<meta property=\"og:type\" content=\"article\" \/>\n<meta property=\"og:title\" content=\"Aktuelle Sportst\u00e4tten - Polizeisportverein Heidelberg e.V.\" \/>\n<meta property=\"og:description\" content=\"Unsere Abteilungen trainieren in insgesamt f\u00fcnf Hallen in Heidelberg und Umgebung. Hier finden Sie Adressen und Lagepl\u00e4ne der Sportst\u00e4tten des PSV.\" \/>\n<meta property=\"og:url\" content=\"https:\/\/polizeisportverein-heidelberg.de\/en\/current-sports-centres\/\" \/>\n<meta property=\"og:site_name\" content=\"Polizeisportverein Heidelberg e.V.\" \/>\n<meta property=\"article:modified_time\" content=\"2023-12-04T18:25:15+00:00\" \/>\n<meta name=\"twitter:card\" content=\"summary_large_image\" \/>\n<meta name=\"twitter:label1\" content=\"Estimated reading time\" \/>\n\t<meta name=\"twitter:data1\" content=\"1 minute\" \/>\n<script type=\"application\/ld+json\" class=\"yoast-schema-graph\">{\"@context\":\"https:\\\/\\\/schema.org\",\"@graph\":[{\"@type\":\"WebPage\",\"@id\":\"https:\\\/\\\/polizeisportverein-heidelberg.de\\\/aktuelle-sportstaetten\\\/\",\"url\":\"https:\\\/\\\/polizeisportverein-heidelberg.de\\\/aktuelle-sportstaetten\\\/\",\"name\":\"Aktuelle Sportst\u00e4tten - Polizeisportverein Heidelberg e.V.\",\"isPartOf\":{\"@id\":\"https:\\\/\\\/polizeisportverein-heidelberg.de\\\/#website\"},\"datePublished\":\"2022-05-19T12:50:21+00:00\",\"dateModified\":\"2023-12-04T18:25:15+00:00\",\"description\":\"Unsere Abteilungen trainieren in insgesamt f\u00fcnf Hallen in Heidelberg und Umgebung. Hier finden Sie Adressen und Lagepl\u00e4ne der Sportst\u00e4tten des PSV.\",\"breadcrumb\":{\"@id\":\"https:\\\/\\\/polizeisportverein-heidelberg.de\\\/aktuelle-sportstaetten\\\/#breadcrumb\"},\"inLanguage\":\"en-GB\",\"potentialAction\":[{\"@type\":\"ReadAction\",\"target\":[\"https:\\\/\\\/polizeisportverein-heidelberg.de\\\/aktuelle-sportstaetten\\\/\"]}]},{\"@type\":\"BreadcrumbList\",\"@id\":\"https:\\\/\\\/polizeisportverein-heidelberg.de\\\/aktuelle-sportstaetten\\\/#breadcrumb\",\"itemListElement\":[{\"@type\":\"ListItem\",\"position\":1,\"name\":\"Start\",\"item\":\"https:\\\/\\\/polizeisportverein-heidelberg.de\\\/\"},{\"@type\":\"ListItem\",\"position\":2,\"name\":\"Aktuelle Sportst\u00e4tten\"}]},{\"@type\":\"WebSite\",\"@id\":\"https:\\\/\\\/polizeisportverein-heidelberg.de\\\/#website\",\"url\":\"https:\\\/\\\/polizeisportverein-heidelberg.de\\\/\",\"name\":\"Polizeisportverein Heidelberg e.V.\",\"description\":\"Budo und Ballsport f\u00fcr jedes Alter\",\"potentialAction\":[{\"@type\":\"SearchAction\",\"target\":{\"@type\":\"EntryPoint\",\"urlTemplate\":\"https:\\\/\\\/polizeisportverein-heidelberg.de\\\/?s={search_term_string}\"},\"query-input\":{\"@type\":\"PropertyValueSpecification\",\"valueRequired\":true,\"valueName\":\"search_term_string\"}}],\"inLanguage\":\"en-GB\"}]}<\/script>\n<!-- \/ Yoast SEO plugin. -->","yoast_head_json":{"title":"Current sports facilities - Polizeisportverein Heidelberg e.V.","description":"Our departments train in a total of five halls in Heidelberg and the surrounding area. Here you will find addresses and maps of the PSV sports facilities.","robots":{"index":"index","follow":"follow","max-snippet":"max-snippet:-1","max-image-preview":"max-image-preview:large","max-video-preview":"max-video-preview:-1"},"canonical":"https:\/\/polizeisportverein-heidelberg.de\/en\/current-sports-centres\/","og_locale":"en_GB","og_type":"article","og_title":"Aktuelle Sportst\u00e4tten - Polizeisportverein Heidelberg e.V.","og_description":"Unsere Abteilungen trainieren in insgesamt f\u00fcnf Hallen in Heidelberg und Umgebung. Hier finden Sie Adressen und Lagepl\u00e4ne der Sportst\u00e4tten des PSV.","og_url":"https:\/\/polizeisportverein-heidelberg.de\/en\/current-sports-centres\/","og_site_name":"Polizeisportverein Heidelberg e.V.","article_modified_time":"2023-12-04T18:25:15+00:00","twitter_card":"summary_large_image","twitter_misc":{"Estimated reading time":"1 minute"},"schema":{"@context":"https:\/\/schema.org","@graph":[{"@type":"WebPage","@id":"https:\/\/polizeisportverein-heidelberg.de\/aktuelle-sportstaetten\/","url":"https:\/\/polizeisportverein-heidelberg.de\/aktuelle-sportstaetten\/","name":"Current sports facilities - Polizeisportverein Heidelberg e.V.","isPartOf":{"@id":"https:\/\/polizeisportverein-heidelberg.de\/#website"},"datePublished":"2022-05-19T12:50:21+00:00","dateModified":"2023-12-04T18:25:15+00:00","description":"Our departments train in a total of five halls in Heidelberg and the surrounding area. Here you will find addresses and maps of the PSV sports facilities.","breadcrumb":{"@id":"https:\/\/polizeisportverein-heidelberg.de\/aktuelle-sportstaetten\/#breadcrumb"},"inLanguage":"en-GB","potentialAction":[{"@type":"ReadAction","target":["https:\/\/polizeisportverein-heidelberg.de\/aktuelle-sportstaetten\/"]}]},{"@type":"BreadcrumbList","@id":"https:\/\/polizeisportverein-heidelberg.de\/aktuelle-sportstaetten\/#breadcrumb","itemListElement":[{"@type":"ListItem","position":1,"name":"Start","item":"https:\/\/polizeisportverein-heidelberg.de\/"},{"@type":"ListItem","position":2,"name":"Aktuelle Sportst\u00e4tten"}]},{"@type":"WebSite","@id":"https:\/\/polizeisportverein-heidelberg.de\/#website","url":"https:\/\/polizeisportverein-heidelberg.de\/","name":"Heidelberg Police Sports Club e.V.","description":"Budo and ball sports for all ages","potentialAction":[{"@type":"SearchAction","target":{"@type":"EntryPoint","urlTemplate":"https:\/\/polizeisportverein-heidelberg.de\/?s={search_term_string}"},"query-input":{"@type":"PropertyValueSpecification","valueRequired":true,"valueName":"search_term_string"}}],"inLanguage":"en-GB"}]}},"_links":{"self":[{"href":"https:\/\/polizeisportverein-heidelberg.de\/en\/wp-json\/wp\/v2\/pages\/185","targetHints":{"allow":["GET"]}}],"collection":[{"href":"https:\/\/polizeisportverein-heidelberg.de\/en\/wp-json\/wp\/v2\/pages"}],"about":[{"href":"https:\/\/polizeisportverein-heidelberg.de\/en\/wp-json\/wp\/v2\/types\/page"}],"author":[{"embeddable":true,"href":"https:\/\/polizeisportverein-heidelberg.de\/en\/wp-json\/wp\/v2\/users\/25"}],"replies":[{"embeddable":true,"href":"https:\/\/polizeisportverein-heidelberg.de\/en\/wp-json\/wp\/v2\/comments?post=185"}],"version-history":[{"count":0,"href":"https:\/\/polizeisportverein-heidelberg.de\/en\/wp-json\/wp\/v2\/pages\/185\/revisions"}],"wp:featuredmedia":[{"embeddable":true,"href":"https:\/\/polizeisportverein-heidelberg.de\/en\/wp-json\/"}],"wp:attachment":[{"href":"https:\/\/polizeisportverein-heidelberg.de\/en\/wp-json\/wp\/v2\/media?parent=185"}],"curies":[{"name":"wp","href":"https:\/\/api.w.org\/{rel}","templated":true}]}}